{"id":1939,"date":"2024-05-02T15:37:30","date_gmt":"2024-05-02T15:37:30","guid":{"rendered":"https:\/\/schmidt-bender.hu\/szerelt-optikak\/kapcsolat\/"},"modified":"2025-02-06T08:35:48","modified_gmt":"2025-02-06T08:35:48","slug":"kapcsolat","status":"publish","type":"page","link":"https:\/\/schmidt-bender.hu\/en\/szerelt-optikak\/kapcsolat\/","title":{"rendered":"Kapcsolat"},"content":{"rendered":"\t\t<div data-elementor-type=\"wp-page\" data-elementor-id=\"1939\" class=\"elementor elementor-1939 elementor-1407\" data-elementor-post-type=\"page\">\n\t\t\t\t<div class=\"elementor-element elementor-element-55b1508 e-flex e-con-boxed e-con e-parent\" data-id=\"55b1508\" data-element_type=\"container\">\n\t\t\t\t\t<div class=\"e-con-inner\">\n\t\t<div class=\"elementor-element elementor-element-be2744b e-flex e-con-boxed e-con e-child\" data-id=\"be2744b\" data-element_type=\"container\">\n\t\t\t\t\t<div class=\"e-con-inner\">\n\t\t\t\t<div class=\"elementor-element elementor-element-ff0ba5c elementor-widget elementor-widget-text-editor\" data-id=\"ff0ba5c\" data-element_type=\"widget\" data-widget_type=\"text-editor.default\">\n\t\t\t\t<div class=\"elementor-widget-container\">\n\t\t\t\t\t\t\t\t\t<p>Koll\u00e9g\u00e1ink sz\u00edvesen \u00e1llnak rendelkez\u00e9s\u00e9re k\u00e9rd\u00e9seivel kapcsolatban:<\/p><p><b>Elek P\u00e9ter<\/b><br \/><sup>Technol\u00f3giai \u00e9s Projekt vezet\u0151<\/sup><\/p><table><tbody><tr><td><b>Telefonsz\u00e1munk:<\/b><\/td><td>+36 1 434 2111<\/td><\/tr><tr><td><b>Levelez\u00e9si c\u00edm\u00fcnk:<\/b><\/td><td>1475 Budapest, Pf. 202<\/td><\/tr><\/tbody><\/table><p>\u00a0<\/p><div class=\"elementor-element elementor-element-85897c3 elementor-widget elementor-widget-text-editor\" data-id=\"85897c3\" data-element_type=\"widget\" data-widget_type=\"text-editor.default\"><div class=\"elementor-widget-container\"><p>Vegye fel vel\u00fcnk a kapcsolatot:<\/p><\/div><\/div>\t\t\t\t\t\t\t\t<\/div>\n\t\t\t\t<\/div>\n\t\t\t\t\t<\/div>\n\t\t\t\t<\/div>\n\t\t\t\t<div class=\"elementor-element elementor-element-5b09d63 elementor-button-align-stretch elementor-widget elementor-widget-form\" data-id=\"5b09d63\" data-element_type=\"widget\" data-settings=\"{&quot;step_next_label&quot;:&quot;K\\u00f6vetkez\\u0151&quot;,&quot;step_previous_label&quot;:&quot;El\\u0151z\\u0151&quot;,&quot;step_type&quot;:&quot;none&quot;,&quot;button_width&quot;:&quot;100&quot;,&quot;step_icon_shape&quot;:&quot;circle&quot;}\" data-widget_type=\"form.default\">\n\t\t\t\t<div class=\"elementor-widget-container\">\n\t\t\t\t\t\t\t<form class=\"elementor-form\" method=\"post\" name=\"Contact-Szaloptika\">\n\t\t\t<input type=\"hidden\" name=\"post_id\" value=\"1939\"\/>\n\t\t\t<input type=\"hidden\" name=\"form_id\" value=\"5b09d63\"\/>\n\t\t\t<input type=\"hidden\" name=\"referer_title\" value=\"Schmidt-Bender Hung\u00e1ria\" \/>\n\n\t\t\t\n\t\t\t<div class=\"elementor-form-fields-wrapper elementor-labels-above\">\n\t\t\t\t\t\t\t\t<div class=\"elementor-field-type-text elementor-field-group elementor-column elementor-field-group-name elementor-col-50 elementor-field-required elementor-mark-required\">\n\t\t\t\t\t\t\t\t\t\t\t\t<label for=\"form-field-name\" class=\"elementor-field-label\">\n\t\t\t\t\t\t\t\tVezet\u00e9kn\u00e9v\t\t\t\t\t\t\t<\/label>\n\t\t\t\t\t\t\t\t\t\t\t\t\t\t<input size=\"1\" type=\"text\" name=\"form_fields[name]\" id=\"form-field-name\" class=\"elementor-field elementor-size-xs  elementor-field-textual\" required=\"required\" aria-required=\"true\">\n\t\t\t\t\t\t\t\t\t\t\t<\/div>\n\t\t\t\t\t\t\t\t<div class=\"elementor-field-type-text elementor-field-group elementor-column elementor-field-group-field_a01065c elementor-col-50 elementor-field-required elementor-mark-required\">\n\t\t\t\t\t\t\t\t\t\t\t\t<label for=\"form-field-field_a01065c\" class=\"elementor-field-label\">\n\t\t\t\t\t\t\t\tKeresztn\u00e9v\t\t\t\t\t\t\t<\/label>\n\t\t\t\t\t\t\t\t\t\t\t\t\t\t<input size=\"1\" type=\"text\" name=\"form_fields[field_a01065c]\" id=\"form-field-field_a01065c\" class=\"elementor-field elementor-size-xs  elementor-field-textual\" required=\"required\" aria-required=\"true\">\n\t\t\t\t\t\t\t\t\t\t\t<\/div>\n\t\t\t\t\t\t\t\t<div class=\"elementor-field-type-email elementor-field-group elementor-column elementor-field-group-email elementor-col-100 elementor-field-required elementor-mark-required\">\n\t\t\t\t\t\t\t\t\t\t\t\t<label for=\"form-field-email\" class=\"elementor-field-label\">\n\t\t\t\t\t\t\t\tEmail\t\t\t\t\t\t\t<\/label>\n\t\t\t\t\t\t\t\t\t\t\t\t\t\t<input size=\"1\" type=\"email\" name=\"form_fields[email]\" id=\"form-field-email\" class=\"elementor-field elementor-size-xs  elementor-field-textual\" required=\"required\" aria-required=\"true\">\n\t\t\t\t\t\t\t\t\t\t\t<\/div>\n\t\t\t\t\t\t\t\t<div class=\"elementor-field-type-tel elementor-field-group elementor-column elementor-field-group-field_e713cf8 elementor-col-100\">\n\t\t\t\t\t\t\t\t\t\t\t\t<label for=\"form-field-field_e713cf8\" class=\"elementor-field-label\">\n\t\t\t\t\t\t\t\tTelefonsz\u00e1m\t\t\t\t\t\t\t<\/label>\n\t\t\t\t\t\t\t\t<input size=\"1\" type=\"tel\" name=\"form_fields[field_e713cf8]\" id=\"form-field-field_e713cf8\" class=\"elementor-field elementor-size-xs  elementor-field-textual\" pattern=\"[0-9()#&amp;+*-=.]+\" title=\"Only numbers and phone characters (#, -, *, etc) are accepted.\">\n\n\t\t\t\t\t\t<\/div>\n\t\t\t\t\t\t\t\t<div class=\"elementor-field-type-textarea elementor-field-group elementor-column elementor-field-group-message elementor-col-100\">\n\t\t\t\t\t\t\t\t\t\t\t\t<label for=\"form-field-message\" class=\"elementor-field-label\">\n\t\t\t\t\t\t\t\t\u00dczenet\t\t\t\t\t\t\t<\/label>\n\t\t\t\t\t\t<textarea class=\"elementor-field-textual elementor-field  elementor-size-xs\" name=\"form_fields[message]\" id=\"form-field-message\" rows=\"7\"><\/textarea>\t\t\t\t<\/div>\n\t\t\t\t\t\t\t\t<div class=\"elementor-field-type-acceptance elementor-field-group elementor-column elementor-field-group-field_07044cd elementor-col-100 elementor-field-required elementor-mark-required\">\n\t\t\t\t\t\t\t<div class=\"elementor-field-subgroup\">\n\t\t\t<span class=\"elementor-field-option\">\n\t\t\t\t<input type=\"checkbox\" name=\"form_fields[field_07044cd]\" id=\"form-field-field_07044cd\" class=\"elementor-field elementor-size-xs  elementor-acceptance-field\" required=\"required\" aria-required=\"true\">\n\t\t\t\t<label for=\"form-field-field_07044cd\">Elolvastam \u00e9s elfogadom az adatv\u00e9delmi t\u00e1j\u00e9koztat\u00f3 tartalm\u00e1t, tov\u00e1bb\u00e1 beleegyezem az adataim fent le\u00edrt, valamint az adatv\u00e9delmi ir\u00e1nyelvekben r\u00e9szletezett m\u00f3don t\u00f6rt\u00e9n\u0151 kezel\u00e9s\u00e9be. (GDPR)<\/label>\t\t\t<\/span>\n\t\t<\/div>\n\t\t\t\t\t\t<\/div>\n\t\t\t\t\t\t\t\t<div class=\"elementor-field-group elementor-column elementor-field-type-submit elementor-col-100 e-form__buttons\">\n\t\t\t\t\t<button type=\"submit\" class=\"elementor-button elementor-size-xs\">\n\t\t\t\t\t\t<span >\n\t\t\t\t\t\t\t\t\t\t\t\t\t\t\t<span class=\" elementor-button-icon\">\n\t\t\t\t\t\t\t\t\t\t\t\t\t\t\t\t\t\t\t\t\t\t\t\t\t\t<\/span>\n\t\t\t\t\t\t\t\t\t\t\t\t\t\t\t\t\t\t\t\t\t\t<span class=\"elementor-button-text\">K\u00fcld\u00e9s<\/span>\n\t\t\t\t\t\t\t\t\t\t\t\t\t<\/span>\n\t\t\t\t\t<\/button>\n\t\t\t\t<\/div>\n\t\t\t<\/div>\n\t\t<\/form>\n\t\t\t\t\t\t<\/div>\n\t\t\t\t<\/div>\n\t\t\t\t\t<\/div>\n\t\t\t\t<\/div>\n\t\t\t\t<\/div>\n\t\t","protected":false},"excerpt":{"rendered":"<p>Koll\u00e9g\u00e1ink sz\u00edvesen \u00e1llnak rendelkez\u00e9s\u00e9re k\u00e9rd\u00e9seivel kapcsolatban: Elek P\u00e9terTechnol\u00f3giai \u00e9s Projekt vezet\u0151 Telefonsz\u00e1munk: +36 1 434 2111 Levelez\u00e9si c\u00edm\u00fcnk: 1475 Budapest, Pf. 202 \u00a0 Vegye fel vel\u00fcnk a kapcsolatot:<\/p>\n","protected":false},"author":4,"featured_media":1141,"parent":1875,"menu_order":0,"comment_status":"closed","ping_status":"closed","template":"","meta":{"footnotes":""},"class_list":["post-1939","page","type-page","status-publish","has-post-thumbnail","hentry"],"yoast_head":"<!-- This site is optimized with the Yoast SEO Premium plugin v22.5 (Yoast SEO v24.4) - https:\/\/yoast.com\/wordpress\/plugins\/seo\/ -->\n<title>Kapcsolat - Schmidt-Bender Hung\u00e1ria<\/title>\n<meta name=\"robots\" content=\"index, follow, max-snippet:-1, max-image-preview:large, max-video-preview:-1\" \/>\n<link rel=\"canonical\" href=\"https:\/\/schmidt-bender.hu\/en\/szerelt-optikak\/kapcsolat\/\" \/>\n<meta property=\"og:locale\" content=\"en_US\" \/>\n<meta property=\"og:type\" content=\"article\" \/>\n<meta property=\"og:title\" content=\"Kapcsolat\" \/>\n<meta property=\"og:description\" content=\"Koll\u00e9g\u00e1ink sz\u00edvesen \u00e1llnak rendelkez\u00e9s\u00e9re k\u00e9rd\u00e9seivel kapcsolatban: Elek P\u00e9terTechnol\u00f3giai \u00e9s Projekt vezet\u0151 Telefonsz\u00e1munk: +36 1 434 2111 Levelez\u00e9si c\u00edm\u00fcnk: 1475 Budapest, Pf. 202 \u00a0 Vegye fel vel\u00fcnk a kapcsolatot:\" \/>\n<meta property=\"og:url\" content=\"https:\/\/schmidt-bender.hu\/en\/szerelt-optikak\/kapcsolat\/\" \/>\n<meta property=\"og:site_name\" content=\"Schmidt-Bender Hung\u00e1ria\" \/>\n<meta property=\"article:modified_time\" content=\"2025-02-06T08:35:48+00:00\" \/>\n<meta property=\"og:image\" content=\"https:\/\/schmidt-bender.hu\/wp-content\/uploads\/2024\/05\/szerelt_kiemelt.png\" \/>\n\t<meta property=\"og:image:width\" content=\"973\" \/>\n\t<meta property=\"og:image:height\" content=\"144\" \/>\n\t<meta property=\"og:image:type\" content=\"image\/png\" \/>\n<meta name=\"twitter:card\" content=\"summary_large_image\" \/>\n<meta name=\"twitter:label1\" content=\"Est. reading time\" \/>\n\t<meta name=\"twitter:data1\" content=\"1 minute\" \/>\n<script type=\"application\/ld+json\" class=\"yoast-schema-graph\">{\"@context\":\"https:\/\/schema.org\",\"@graph\":[{\"@type\":\"WebPage\",\"@id\":\"https:\/\/schmidt-bender.hu\/en\/szerelt-optikak\/kapcsolat\/\",\"url\":\"https:\/\/schmidt-bender.hu\/en\/szerelt-optikak\/kapcsolat\/\",\"name\":\"Kapcsolat - Schmidt-Bender Hung\u00e1ria\",\"isPartOf\":{\"@id\":\"https:\/\/schmidt-bender.hu\/#website\"},\"primaryImageOfPage\":{\"@id\":\"https:\/\/schmidt-bender.hu\/en\/szerelt-optikak\/kapcsolat\/#primaryimage\"},\"image\":{\"@id\":\"https:\/\/schmidt-bender.hu\/en\/szerelt-optikak\/kapcsolat\/#primaryimage\"},\"thumbnailUrl\":\"https:\/\/schmidt-bender.hu\/wp-content\/uploads\/2024\/05\/szerelt_kiemelt.png\",\"datePublished\":\"2024-05-02T15:37:30+00:00\",\"dateModified\":\"2025-02-06T08:35:48+00:00\",\"breadcrumb\":{\"@id\":\"https:\/\/schmidt-bender.hu\/en\/szerelt-optikak\/kapcsolat\/#breadcrumb\"},\"inLanguage\":\"en-US\",\"potentialAction\":[{\"@type\":\"ReadAction\",\"target\":[\"https:\/\/schmidt-bender.hu\/en\/szerelt-optikak\/kapcsolat\/\"]}]},{\"@type\":\"ImageObject\",\"inLanguage\":\"en-US\",\"@id\":\"https:\/\/schmidt-bender.hu\/en\/szerelt-optikak\/kapcsolat\/#primaryimage\",\"url\":\"https:\/\/schmidt-bender.hu\/wp-content\/uploads\/2024\/05\/szerelt_kiemelt.png\",\"contentUrl\":\"https:\/\/schmidt-bender.hu\/wp-content\/uploads\/2024\/05\/szerelt_kiemelt.png\",\"width\":973,\"height\":144,\"caption\":\"Schmidt Bender Hung\u00e1ria Szerelt Optik\u00e1k\"},{\"@type\":\"BreadcrumbList\",\"@id\":\"https:\/\/schmidt-bender.hu\/en\/szerelt-optikak\/kapcsolat\/#breadcrumb\",\"itemListElement\":[{\"@type\":\"ListItem\",\"position\":1,\"name\":\"Home\",\"item\":\"https:\/\/schmidt-bender.hu\/en\/szerelt-optikak\/\"},{\"@type\":\"ListItem\",\"position\":2,\"name\":\"Kapcsolat\"}]},{\"@type\":\"WebSite\",\"@id\":\"https:\/\/schmidt-bender.hu\/#website\",\"url\":\"https:\/\/schmidt-bender.hu\/\",\"name\":\"Schmidt-Bender Hung\u00e1ria\",\"description\":\"C\u00e9lt\u00e1vcs\u00f6vek, optika \u00e9s sz\u00e1loptika\",\"publisher\":{\"@id\":\"https:\/\/schmidt-bender.hu\/#organization\"},\"potentialAction\":[{\"@type\":\"SearchAction\",\"target\":{\"@type\":\"EntryPoint\",\"urlTemplate\":\"https:\/\/schmidt-bender.hu\/?s={search_term_string}\"},\"query-input\":{\"@type\":\"PropertyValueSpecification\",\"valueRequired\":true,\"valueName\":\"search_term_string\"}}],\"inLanguage\":\"en-US\"},{\"@type\":\"Organization\",\"@id\":\"https:\/\/schmidt-bender.hu\/#organization\",\"name\":\"Schmidt-Bender Hung\u00e1ria\",\"url\":\"https:\/\/schmidt-bender.hu\/\",\"logo\":{\"@type\":\"ImageObject\",\"inLanguage\":\"en-US\",\"@id\":\"https:\/\/schmidt-bender.hu\/#\/schema\/logo\/image\/\",\"url\":\"https:\/\/schmidt-bender.hu\/wp-content\/uploads\/2024\/03\/header_logo.png\",\"contentUrl\":\"https:\/\/schmidt-bender.hu\/wp-content\/uploads\/2024\/03\/header_logo.png\",\"width\":202,\"height\":41,\"caption\":\"Schmidt-Bender Hung\u00e1ria\"},\"image\":{\"@id\":\"https:\/\/schmidt-bender.hu\/#\/schema\/logo\/image\/\"}}]}<\/script>\n<!-- \/ Yoast SEO Premium plugin. -->","yoast_head_json":{"title":"Kapcsolat - Schmidt-Bender Hung\u00e1ria","robots":{"index":"index","follow":"follow","max-snippet":"max-snippet:-1","max-image-preview":"max-image-preview:large","max-video-preview":"max-video-preview:-1"},"canonical":"https:\/\/schmidt-bender.hu\/en\/szerelt-optikak\/kapcsolat\/","og_locale":"en_US","og_type":"article","og_title":"Kapcsolat","og_description":"Koll\u00e9g\u00e1ink sz\u00edvesen \u00e1llnak rendelkez\u00e9s\u00e9re k\u00e9rd\u00e9seivel kapcsolatban: Elek P\u00e9terTechnol\u00f3giai \u00e9s Projekt vezet\u0151 Telefonsz\u00e1munk: +36 1 434 2111 Levelez\u00e9si c\u00edm\u00fcnk: 1475 Budapest, Pf. 202 \u00a0 Vegye fel vel\u00fcnk a kapcsolatot:","og_url":"https:\/\/schmidt-bender.hu\/en\/szerelt-optikak\/kapcsolat\/","og_site_name":"Schmidt-Bender Hung\u00e1ria","article_modified_time":"2025-02-06T08:35:48+00:00","og_image":[{"width":973,"height":144,"url":"https:\/\/schmidt-bender.hu\/wp-content\/uploads\/2024\/05\/szerelt_kiemelt.png","type":"image\/png"}],"twitter_card":"summary_large_image","twitter_misc":{"Est. reading time":"1 minute"},"schema":{"@context":"https:\/\/schema.org","@graph":[{"@type":"WebPage","@id":"https:\/\/schmidt-bender.hu\/en\/szerelt-optikak\/kapcsolat\/","url":"https:\/\/schmidt-bender.hu\/en\/szerelt-optikak\/kapcsolat\/","name":"Kapcsolat - Schmidt-Bender Hung\u00e1ria","isPartOf":{"@id":"https:\/\/schmidt-bender.hu\/#website"},"primaryImageOfPage":{"@id":"https:\/\/schmidt-bender.hu\/en\/szerelt-optikak\/kapcsolat\/#primaryimage"},"image":{"@id":"https:\/\/schmidt-bender.hu\/en\/szerelt-optikak\/kapcsolat\/#primaryimage"},"thumbnailUrl":"https:\/\/schmidt-bender.hu\/wp-content\/uploads\/2024\/05\/szerelt_kiemelt.png","datePublished":"2024-05-02T15:37:30+00:00","dateModified":"2025-02-06T08:35:48+00:00","breadcrumb":{"@id":"https:\/\/schmidt-bender.hu\/en\/szerelt-optikak\/kapcsolat\/#breadcrumb"},"inLanguage":"en-US","potentialAction":[{"@type":"ReadAction","target":["https:\/\/schmidt-bender.hu\/en\/szerelt-optikak\/kapcsolat\/"]}]},{"@type":"ImageObject","inLanguage":"en-US","@id":"https:\/\/schmidt-bender.hu\/en\/szerelt-optikak\/kapcsolat\/#primaryimage","url":"https:\/\/schmidt-bender.hu\/wp-content\/uploads\/2024\/05\/szerelt_kiemelt.png","contentUrl":"https:\/\/schmidt-bender.hu\/wp-content\/uploads\/2024\/05\/szerelt_kiemelt.png","width":973,"height":144,"caption":"Schmidt Bender Hung\u00e1ria Szerelt Optik\u00e1k"},{"@type":"BreadcrumbList","@id":"https:\/\/schmidt-bender.hu\/en\/szerelt-optikak\/kapcsolat\/#breadcrumb","itemListElement":[{"@type":"ListItem","position":1,"name":"Home","item":"https:\/\/schmidt-bender.hu\/en\/szerelt-optikak\/"},{"@type":"ListItem","position":2,"name":"Kapcsolat"}]},{"@type":"WebSite","@id":"https:\/\/schmidt-bender.hu\/#website","url":"https:\/\/schmidt-bender.hu\/","name":"Schmidt-Bender Hung\u00e1ria","description":"C\u00e9lt\u00e1vcs\u00f6vek, optika \u00e9s sz\u00e1loptika","publisher":{"@id":"https:\/\/schmidt-bender.hu\/#organization"},"potentialAction":[{"@type":"SearchAction","target":{"@type":"EntryPoint","urlTemplate":"https:\/\/schmidt-bender.hu\/?s={search_term_string}"},"query-input":{"@type":"PropertyValueSpecification","valueRequired":true,"valueName":"search_term_string"}}],"inLanguage":"en-US"},{"@type":"Organization","@id":"https:\/\/schmidt-bender.hu\/#organization","name":"Schmidt-Bender Hung\u00e1ria","url":"https:\/\/schmidt-bender.hu\/","logo":{"@type":"ImageObject","inLanguage":"en-US","@id":"https:\/\/schmidt-bender.hu\/#\/schema\/logo\/image\/","url":"https:\/\/schmidt-bender.hu\/wp-content\/uploads\/2024\/03\/header_logo.png","contentUrl":"https:\/\/schmidt-bender.hu\/wp-content\/uploads\/2024\/03\/header_logo.png","width":202,"height":41,"caption":"Schmidt-Bender Hung\u00e1ria"},"image":{"@id":"https:\/\/schmidt-bender.hu\/#\/schema\/logo\/image\/"}}]}},"_links":{"self":[{"href":"https:\/\/schmidt-bender.hu\/en\/wp-json\/wp\/v2\/pages\/1939","targetHints":{"allow":["GET"]}}],"collection":[{"href":"https:\/\/schmidt-bender.hu\/en\/wp-json\/wp\/v2\/pages"}],"about":[{"href":"https:\/\/schmidt-bender.hu\/en\/wp-json\/wp\/v2\/types\/page"}],"author":[{"embeddable":true,"href":"https:\/\/schmidt-bender.hu\/en\/wp-json\/wp\/v2\/users\/4"}],"replies":[{"embeddable":true,"href":"https:\/\/schmidt-bender.hu\/en\/wp-json\/wp\/v2\/comments?post=1939"}],"version-history":[{"count":18,"href":"https:\/\/schmidt-bender.hu\/en\/wp-json\/wp\/v2\/pages\/1939\/revisions"}],"predecessor-version":[{"id":2876,"href":"https:\/\/schmidt-bender.hu\/en\/wp-json\/wp\/v2\/pages\/1939\/revisions\/2876"}],"up":[{"embeddable":true,"href":"https:\/\/schmidt-bender.hu\/en\/wp-json\/wp\/v2\/pages\/1875"}],"wp:featuredmedia":[{"embeddable":true,"href":"https:\/\/schmidt-bender.hu\/en\/wp-json\/wp\/v2\/media\/1141"}],"wp:attachment":[{"href":"https:\/\/schmidt-bender.hu\/en\/wp-json\/wp\/v2\/media?parent=1939"}],"curies":[{"name":"wp","href":"https:\/\/api.w.org\/{rel}","templated":true}]}}