{"id":1937,"date":"2024-05-02T15:34:50","date_gmt":"2024-05-02T15:34:50","guid":{"rendered":"https:\/\/schmidt-bender.hu\/szerelt-optikak\/tervezesi-projektek\/"},"modified":"2024-10-03T11:32:37","modified_gmt":"2024-10-03T11:32:37","slug":"tervezesi-projektek","status":"publish","type":"page","link":"https:\/\/schmidt-bender.hu\/en\/szerelt-optikak\/tervezesi-projektek\/","title":{"rendered":"Design projects"},"content":{"rendered":"\t\t<div data-elementor-type=\"wp-page\" data-elementor-id=\"1937\" class=\"elementor elementor-1937 elementor-1400\" data-elementor-post-type=\"page\">\n\t\t\t\t<div class=\"elementor-element elementor-element-4c40aa5 image-box-img e-flex e-con-boxed e-con e-parent\" data-id=\"4c40aa5\" data-element_type=\"container\">\n\t\t\t\t\t<div class=\"e-con-inner\">\n\t\t<div class=\"elementor-element elementor-element-0e074a9 e-con-full e-flex e-con e-child\" data-id=\"0e074a9\" data-element_type=\"container\">\n\t\t\t\t<div class=\"elementor-element elementor-element-446911e elementor-position-top elementor-widget elementor-widget-image-box\" data-id=\"446911e\" data-element_type=\"widget\" data-widget_type=\"image-box.default\">\n\t\t\t\t<div class=\"elementor-widget-container\">\n\t\t\t\t\t<div class=\"elementor-image-box-wrapper\"><figure class=\"elementor-image-box-img\"><img fetchpriority=\"high\" decoding=\"async\" width=\"768\" height=\"413\" src=\"https:\/\/schmidt-bender.hu\/wp-content\/uploads\/2024\/05\/3D-CAD-TERVEZES-768x413.png\" class=\"attachment-medium_large size-medium_large wp-image-1535\" alt=\"\" srcset=\"https:\/\/schmidt-bender.hu\/wp-content\/uploads\/2024\/05\/3D-CAD-TERVEZES-768x413.png 768w, https:\/\/schmidt-bender.hu\/wp-content\/uploads\/2024\/05\/3D-CAD-TERVEZES-300x161.png 300w, https:\/\/schmidt-bender.hu\/wp-content\/uploads\/2024\/05\/3D-CAD-TERVEZES-1024x550.png 1024w, https:\/\/schmidt-bender.hu\/wp-content\/uploads\/2024\/05\/3D-CAD-TERVEZES-1536x826.png 1536w, https:\/\/schmidt-bender.hu\/wp-content\/uploads\/2024\/05\/3D-CAD-TERVEZES.png 1920w\" sizes=\"(max-width: 768px) 100vw, 768px\" \/><\/figure><div class=\"elementor-image-box-content\"><h3 class=\"elementor-image-box-title\">3D CAD DESIGN<\/h3><p class=\"elementor-image-box-description\">\n<\/p><\/div><\/div>\t\t\t\t<\/div>\n\t\t\t\t<\/div>\n\t\t\t\t<\/div>\n\t\t<div class=\"elementor-element elementor-element-abec7fc e-con-full e-flex e-con e-child\" data-id=\"abec7fc\" data-element_type=\"container\">\n\t\t\t\t<div class=\"elementor-element elementor-element-584fa56 img-box-nowidth elementor-position-top elementor-widget elementor-widget-image-box\" data-id=\"584fa56\" data-element_type=\"widget\" data-widget_type=\"image-box.default\">\n\t\t\t\t<div class=\"elementor-widget-container\">\n\t\t\t\t\t<div class=\"elementor-image-box-wrapper\"><figure class=\"elementor-image-box-img\"><img decoding=\"async\" width=\"768\" height=\"1156\" data-src=\"https:\/\/schmidt-bender.hu\/wp-content\/uploads\/2024\/05\/OPTIKAI-RENDSZER-VEGELLENORZESE-768x1156.png\" class=\"attachment-medium_large size-medium_large wp-image-1692 lazyload\" alt=\"\" data-srcset=\"https:\/\/schmidt-bender.hu\/wp-content\/uploads\/2024\/05\/OPTIKAI-RENDSZER-VEGELLENORZESE-768x1156.png 768w, https:\/\/schmidt-bender.hu\/wp-content\/uploads\/2024\/05\/OPTIKAI-RENDSZER-VEGELLENORZESE-199x300.png 199w, https:\/\/schmidt-bender.hu\/wp-content\/uploads\/2024\/05\/OPTIKAI-RENDSZER-VEGELLENORZESE-680x1024.png 680w, https:\/\/schmidt-bender.hu\/wp-content\/uploads\/2024\/05\/OPTIKAI-RENDSZER-VEGELLENORZESE-1020x1536.png 1020w, https:\/\/schmidt-bender.hu\/wp-content\/uploads\/2024\/05\/OPTIKAI-RENDSZER-VEGELLENORZESE-1360x2048.png 1360w, https:\/\/schmidt-bender.hu\/wp-content\/uploads\/2024\/05\/OPTIKAI-RENDSZER-VEGELLENORZESE.png 1920w\" data-sizes=\"(max-width: 768px) 100vw, 768px\" src=\"data:image\/gif;base64,R0lGODlhAQABAAAAACH5BAEKAAEALAAAAAABAAEAAAICTAEAOw==\" style=\"--smush-placeholder-width: 768px; --smush-placeholder-aspect-ratio: 768\/1156;\" \/><\/figure><div class=\"elementor-image-box-content\"><h3 class=\"elementor-image-box-title\">OPTICAL SYSTEM FINAL CHECK<\/h3><p class=\"elementor-image-box-description\">\n<\/p><\/div><\/div>\t\t\t\t<\/div>\n\t\t\t\t<\/div>\n\t\t\t\t<\/div>\n\t\t\t\t\t<\/div>\n\t\t\t\t<\/div>\n\t\t\t\t<\/div>\n\t\t","protected":false},"excerpt":{"rendered":"<p>3D CAD DESIGN OPTICAL SYSTEM FINAL CHECK<\/p>\n","protected":false},"author":4,"featured_media":1141,"parent":1875,"menu_order":0,"comment_status":"closed","ping_status":"closed","template":"","meta":{"footnotes":""},"class_list":["post-1937","page","type-page","status-publish","has-post-thumbnail","hentry"],"yoast_head":"<!-- This site is optimized with the Yoast SEO Premium plugin v22.5 (Yoast SEO v24.4) - https:\/\/yoast.com\/wordpress\/plugins\/seo\/ -->\n<title>Design projects - Schmidt-Bender Hung\u00e1ria<\/title>\n<meta name=\"robots\" content=\"index, follow, max-snippet:-1, max-image-preview:large, max-video-preview:-1\" \/>\n<link rel=\"canonical\" href=\"https:\/\/schmidt-bender.hu\/en\/szerelt-optikak\/tervezesi-projektek\/\" \/>\n<meta property=\"og:locale\" content=\"en_US\" \/>\n<meta property=\"og:type\" content=\"article\" \/>\n<meta property=\"og:title\" content=\"Design projects\" \/>\n<meta property=\"og:description\" content=\"3D CAD DESIGN OPTICAL SYSTEM FINAL CHECK\" \/>\n<meta property=\"og:url\" content=\"https:\/\/schmidt-bender.hu\/en\/szerelt-optikak\/tervezesi-projektek\/\" \/>\n<meta property=\"og:site_name\" content=\"Schmidt-Bender Hung\u00e1ria\" \/>\n<meta property=\"article:modified_time\" content=\"2024-10-03T11:32:37+00:00\" \/>\n<meta property=\"og:image\" content=\"https:\/\/schmidt-bender.hu\/wp-content\/uploads\/2024\/05\/szerelt_kiemelt.png\" \/>\n\t<meta property=\"og:image:width\" content=\"973\" \/>\n\t<meta property=\"og:image:height\" content=\"144\" \/>\n\t<meta property=\"og:image:type\" content=\"image\/png\" \/>\n<meta name=\"twitter:card\" content=\"summary_large_image\" \/>\n<meta name=\"twitter:label1\" content=\"Est. reading time\" \/>\n\t<meta name=\"twitter:data1\" content=\"1 minute\" \/>\n<script type=\"application\/ld+json\" class=\"yoast-schema-graph\">{\"@context\":\"https:\/\/schema.org\",\"@graph\":[{\"@type\":\"WebPage\",\"@id\":\"https:\/\/schmidt-bender.hu\/en\/szerelt-optikak\/tervezesi-projektek\/\",\"url\":\"https:\/\/schmidt-bender.hu\/en\/szerelt-optikak\/tervezesi-projektek\/\",\"name\":\"Design projects - Schmidt-Bender Hung\u00e1ria\",\"isPartOf\":{\"@id\":\"https:\/\/schmidt-bender.hu\/#website\"},\"primaryImageOfPage\":{\"@id\":\"https:\/\/schmidt-bender.hu\/en\/szerelt-optikak\/tervezesi-projektek\/#primaryimage\"},\"image\":{\"@id\":\"https:\/\/schmidt-bender.hu\/en\/szerelt-optikak\/tervezesi-projektek\/#primaryimage\"},\"thumbnailUrl\":\"https:\/\/schmidt-bender.hu\/wp-content\/uploads\/2024\/05\/szerelt_kiemelt.png\",\"datePublished\":\"2024-05-02T15:34:50+00:00\",\"dateModified\":\"2024-10-03T11:32:37+00:00\",\"breadcrumb\":{\"@id\":\"https:\/\/schmidt-bender.hu\/en\/szerelt-optikak\/tervezesi-projektek\/#breadcrumb\"},\"inLanguage\":\"en-US\",\"potentialAction\":[{\"@type\":\"ReadAction\",\"target\":[\"https:\/\/schmidt-bender.hu\/en\/szerelt-optikak\/tervezesi-projektek\/\"]}]},{\"@type\":\"ImageObject\",\"inLanguage\":\"en-US\",\"@id\":\"https:\/\/schmidt-bender.hu\/en\/szerelt-optikak\/tervezesi-projektek\/#primaryimage\",\"url\":\"https:\/\/schmidt-bender.hu\/wp-content\/uploads\/2024\/05\/szerelt_kiemelt.png\",\"contentUrl\":\"https:\/\/schmidt-bender.hu\/wp-content\/uploads\/2024\/05\/szerelt_kiemelt.png\",\"width\":973,\"height\":144,\"caption\":\"Schmidt Bender Hung\u00e1ria Szerelt Optik\u00e1k\"},{\"@type\":\"BreadcrumbList\",\"@id\":\"https:\/\/schmidt-bender.hu\/en\/szerelt-optikak\/tervezesi-projektek\/#breadcrumb\",\"itemListElement\":[{\"@type\":\"ListItem\",\"position\":1,\"name\":\"Home\",\"item\":\"https:\/\/schmidt-bender.hu\/en\/szerelt-optikak\/\"},{\"@type\":\"ListItem\",\"position\":2,\"name\":\"Design projects\"}]},{\"@type\":\"WebSite\",\"@id\":\"https:\/\/schmidt-bender.hu\/#website\",\"url\":\"https:\/\/schmidt-bender.hu\/\",\"name\":\"Schmidt-Bender Hung\u00e1ria\",\"description\":\"C\u00e9lt\u00e1vcs\u00f6vek, optika \u00e9s sz\u00e1loptika\",\"publisher\":{\"@id\":\"https:\/\/schmidt-bender.hu\/#organization\"},\"potentialAction\":[{\"@type\":\"SearchAction\",\"target\":{\"@type\":\"EntryPoint\",\"urlTemplate\":\"https:\/\/schmidt-bender.hu\/?s={search_term_string}\"},\"query-input\":{\"@type\":\"PropertyValueSpecification\",\"valueRequired\":true,\"valueName\":\"search_term_string\"}}],\"inLanguage\":\"en-US\"},{\"@type\":\"Organization\",\"@id\":\"https:\/\/schmidt-bender.hu\/#organization\",\"name\":\"Schmidt-Bender Hung\u00e1ria\",\"url\":\"https:\/\/schmidt-bender.hu\/\",\"logo\":{\"@type\":\"ImageObject\",\"inLanguage\":\"en-US\",\"@id\":\"https:\/\/schmidt-bender.hu\/#\/schema\/logo\/image\/\",\"url\":\"https:\/\/schmidt-bender.hu\/wp-content\/uploads\/2024\/03\/header_logo.png\",\"contentUrl\":\"https:\/\/schmidt-bender.hu\/wp-content\/uploads\/2024\/03\/header_logo.png\",\"width\":202,\"height\":41,\"caption\":\"Schmidt-Bender Hung\u00e1ria\"},\"image\":{\"@id\":\"https:\/\/schmidt-bender.hu\/#\/schema\/logo\/image\/\"}}]}<\/script>\n<!-- \/ Yoast SEO Premium plugin. -->","yoast_head_json":{"title":"Design projects - Schmidt-Bender Hung\u00e1ria","robots":{"index":"index","follow":"follow","max-snippet":"max-snippet:-1","max-image-preview":"max-image-preview:large","max-video-preview":"max-video-preview:-1"},"canonical":"https:\/\/schmidt-bender.hu\/en\/szerelt-optikak\/tervezesi-projektek\/","og_locale":"en_US","og_type":"article","og_title":"Design projects","og_description":"3D CAD DESIGN OPTICAL SYSTEM FINAL CHECK","og_url":"https:\/\/schmidt-bender.hu\/en\/szerelt-optikak\/tervezesi-projektek\/","og_site_name":"Schmidt-Bender Hung\u00e1ria","article_modified_time":"2024-10-03T11:32:37+00:00","og_image":[{"width":973,"height":144,"url":"https:\/\/schmidt-bender.hu\/wp-content\/uploads\/2024\/05\/szerelt_kiemelt.png","type":"image\/png"}],"twitter_card":"summary_large_image","twitter_misc":{"Est. reading time":"1 minute"},"schema":{"@context":"https:\/\/schema.org","@graph":[{"@type":"WebPage","@id":"https:\/\/schmidt-bender.hu\/en\/szerelt-optikak\/tervezesi-projektek\/","url":"https:\/\/schmidt-bender.hu\/en\/szerelt-optikak\/tervezesi-projektek\/","name":"Design projects - Schmidt-Bender Hung\u00e1ria","isPartOf":{"@id":"https:\/\/schmidt-bender.hu\/#website"},"primaryImageOfPage":{"@id":"https:\/\/schmidt-bender.hu\/en\/szerelt-optikak\/tervezesi-projektek\/#primaryimage"},"image":{"@id":"https:\/\/schmidt-bender.hu\/en\/szerelt-optikak\/tervezesi-projektek\/#primaryimage"},"thumbnailUrl":"https:\/\/schmidt-bender.hu\/wp-content\/uploads\/2024\/05\/szerelt_kiemelt.png","datePublished":"2024-05-02T15:34:50+00:00","dateModified":"2024-10-03T11:32:37+00:00","breadcrumb":{"@id":"https:\/\/schmidt-bender.hu\/en\/szerelt-optikak\/tervezesi-projektek\/#breadcrumb"},"inLanguage":"en-US","potentialAction":[{"@type":"ReadAction","target":["https:\/\/schmidt-bender.hu\/en\/szerelt-optikak\/tervezesi-projektek\/"]}]},{"@type":"ImageObject","inLanguage":"en-US","@id":"https:\/\/schmidt-bender.hu\/en\/szerelt-optikak\/tervezesi-projektek\/#primaryimage","url":"https:\/\/schmidt-bender.hu\/wp-content\/uploads\/2024\/05\/szerelt_kiemelt.png","contentUrl":"https:\/\/schmidt-bender.hu\/wp-content\/uploads\/2024\/05\/szerelt_kiemelt.png","width":973,"height":144,"caption":"Schmidt Bender Hung\u00e1ria Szerelt Optik\u00e1k"},{"@type":"BreadcrumbList","@id":"https:\/\/schmidt-bender.hu\/en\/szerelt-optikak\/tervezesi-projektek\/#breadcrumb","itemListElement":[{"@type":"ListItem","position":1,"name":"Home","item":"https:\/\/schmidt-bender.hu\/en\/szerelt-optikak\/"},{"@type":"ListItem","position":2,"name":"Design projects"}]},{"@type":"WebSite","@id":"https:\/\/schmidt-bender.hu\/#website","url":"https:\/\/schmidt-bender.hu\/","name":"Schmidt-Bender Hung\u00e1ria","description":"C\u00e9lt\u00e1vcs\u00f6vek, optika \u00e9s sz\u00e1loptika","publisher":{"@id":"https:\/\/schmidt-bender.hu\/#organization"},"potentialAction":[{"@type":"SearchAction","target":{"@type":"EntryPoint","urlTemplate":"https:\/\/schmidt-bender.hu\/?s={search_term_string}"},"query-input":{"@type":"PropertyValueSpecification","valueRequired":true,"valueName":"search_term_string"}}],"inLanguage":"en-US"},{"@type":"Organization","@id":"https:\/\/schmidt-bender.hu\/#organization","name":"Schmidt-Bender Hung\u00e1ria","url":"https:\/\/schmidt-bender.hu\/","logo":{"@type":"ImageObject","inLanguage":"en-US","@id":"https:\/\/schmidt-bender.hu\/#\/schema\/logo\/image\/","url":"https:\/\/schmidt-bender.hu\/wp-content\/uploads\/2024\/03\/header_logo.png","contentUrl":"https:\/\/schmidt-bender.hu\/wp-content\/uploads\/2024\/03\/header_logo.png","width":202,"height":41,"caption":"Schmidt-Bender Hung\u00e1ria"},"image":{"@id":"https:\/\/schmidt-bender.hu\/#\/schema\/logo\/image\/"}}]}},"_links":{"self":[{"href":"https:\/\/schmidt-bender.hu\/en\/wp-json\/wp\/v2\/pages\/1937","targetHints":{"allow":["GET"]}}],"collection":[{"href":"https:\/\/schmidt-bender.hu\/en\/wp-json\/wp\/v2\/pages"}],"about":[{"href":"https:\/\/schmidt-bender.hu\/en\/wp-json\/wp\/v2\/types\/page"}],"author":[{"embeddable":true,"href":"https:\/\/schmidt-bender.hu\/en\/wp-json\/wp\/v2\/users\/4"}],"replies":[{"embeddable":true,"href":"https:\/\/schmidt-bender.hu\/en\/wp-json\/wp\/v2\/comments?post=1937"}],"version-history":[{"count":12,"href":"https:\/\/schmidt-bender.hu\/en\/wp-json\/wp\/v2\/pages\/1937\/revisions"}],"predecessor-version":[{"id":2393,"href":"https:\/\/schmidt-bender.hu\/en\/wp-json\/wp\/v2\/pages\/1937\/revisions\/2393"}],"up":[{"embeddable":true,"href":"https:\/\/schmidt-bender.hu\/en\/wp-json\/wp\/v2\/pages\/1875"}],"wp:featuredmedia":[{"embeddable":true,"href":"https:\/\/schmidt-bender.hu\/en\/wp-json\/wp\/v2\/media\/1141"}],"wp:attachment":[{"href":"https:\/\/schmidt-bender.hu\/en\/wp-json\/wp\/v2\/media?parent=1937"}],"curies":[{"name":"wp","href":"https:\/\/api.w.org\/{rel}","templated":true}]}}