{"id":1892,"date":"2024-04-24T12:48:58","date_gmt":"2024-04-24T12:48:58","guid":{"rendered":"https:\/\/schmidt-bender.hu\/kapcsolat\/cegunkrol\/"},"modified":"2025-01-29T14:16:48","modified_gmt":"2025-01-29T14:16:48","slug":"cegunkrol","status":"publish","type":"page","link":"https:\/\/schmidt-bender.hu\/en\/kapcsolat\/cegunkrol\/","title":{"rendered":"C\u00e9g\u00fcnkr\u0151l"},"content":{"rendered":"\t\t<div data-elementor-type=\"wp-page\" data-elementor-id=\"1892\" class=\"elementor elementor-1892 elementor-703\" data-elementor-post-type=\"page\">\n\t\t\t\t<div class=\"elementor-element elementor-element-5c232d5 e-flex e-con-boxed e-con e-parent\" data-id=\"5c232d5\" data-element_type=\"container\">\n\t\t\t\t\t<div class=\"e-con-inner\">\n\t\t\t\t<div class=\"elementor-element elementor-element-0988e00 elementor-widget elementor-widget-text-editor\" data-id=\"0988e00\" data-element_type=\"widget\" data-widget_type=\"text-editor.default\">\n\t\t\t\t<div class=\"elementor-widget-container\">\n\t\t\t\t\t\t\t\t\t<p>\u00a0A Schmidt + Bender Hung\u00e1ria Kft.-t 1992-ben alap\u00edtotta a n\u00e9metorsz\u00e1gi Schmidt &amp; Bender GmbH, els\u0151sorban azzal a c\u00e9llal, hogy saj\u00e1t optika gy\u00e1rt\u00f3ja \u00e9s besz\u00e1ll\u00edt\u00f3ja legyen N\u00e9metorsz\u00e1gban gy\u00e1rtott vad\u00e1szati \u00e9s hadiipari c\u00e9lt\u00e1vcs\u00f6veinek. A dolgoz\u00f3k jelent\u0151s r\u00e9sze az egykori a MOM-b\u00f3l ker\u00fclt \u00e1tv\u00e9telre, ak\u00e1rcsak a gy\u00e1rt\u00e1sban haszn\u00e1lt berendez\u00e9sek d\u00f6nt\u0151 h\u00e1nyada. Az anyac\u00e9gnek gy\u00e1rtott optikai komponensek mellett a jelent\u0151s kapacit\u00e1sok r\u00e9v\u00e9n, eg\u00e9szen a kezdetekt\u0151l egy stabil n\u00e9metorsz\u00e1gi vev\u0151k\u00f6rt is siker\u00fclt kialak\u00edtani. Term\u00e9keink k\u00f6z\u00fcl kiemelkednek optikai \u00fcvegf\u00e9lg\u00f6mbjeink, melyek a mai napig ugyanazon vev\u0151k\u00f6rnek ker\u00fclnek \u00e9rt\u00e9kes\u00edt\u00e9sre. Az \u00e9vek sor\u00e1n a gy\u00e1rt\u00e1si folyamatban v\u00e9grehajtott technol\u00f3giai \u00faj\u00edt\u00e1sokkal el\u00e9rt hat\u00e9konys\u00e1g n\u00f6veked\u00e9s\u00e9vel a kezdetekben sz\u00e1ll\u00edtott mennyis\u00e9gek megsokszoroz\u00f3dtak. Akadnak vev\u0151ink, akik szint\u00e9n az alap\u00edt\u00e1s \u00f3ta h\u0171s\u00e9ges v\u00e1s\u00e1rl\u00f3i a Schmidt +Bender Hung\u00e1ria Optikai Kft.-nek, \u00e9s j\u00f3 kapcsolatot \u00e1polnak a magyar koll\u00e9g\u00e1kkal. Jelent\u0151s beruh\u00e1z\u00e1s eredm\u00e9nyek\u00e9ppen 2005-ben a meglev\u0151 klasszikus technol\u00f3gi\u00e1t haszn\u00e1l\u00f3 v\u00e9konyr\u00e9teg g\u0151z\u00f6l\u0151 berendez\u00e9s mell\u00e9 egy hidegg\u0151z\u00f6l\u00e9si technol\u00f3gi\u00e1val m\u0171k\u00f6d\u0151 berendez\u00e9s \u00e9s tisztat\u00e9r ker\u00fclt be\u00fczemel\u00e9sre \u00e9s kialak\u00edt\u00e1sra. A sorra megjelen\u0151 kisebb nagyobb, kezdetben sil\u00e1ny min\u0151s\u00e9g\u0171, azonban folyamatosan fejl\u0151d\u0151 optikai elemeket gy\u00e1rt\u00f3 t\u00e1vol keleti c\u00e9gekkel szemben az egyszer\u0171bb komponensek gy\u00e1rt\u00e1sa m\u00e1r nem volt versenyk\u00e9pes \u00e1ron kivitelezhet\u0151, ez\u00e9rt ezek fokozatosan kiestek az addigi gy\u00e1rt\u00e1si reperto\u00e1rb\u00f3l. Az ut\u00f3bbi \u00e9vtizedben megjelent \u00fajabb vev\u0151k\u00f6r \u2013 jellemz\u0151en k\u00fclf\u00f6ldi, magasabb min\u0151s\u00e9get megk\u00f6vetel\u0151 N\u00e9met optikai gy\u00e1rt\u00f3k \u00fajabb kih\u00edv\u00e1sok el\u00e9 \u00e1ll\u00edtott\u00e1k a v\u00e1llalatot. Ezen c\u00e9gek magasabb min\u0151s\u00e9gben \u00e9s sz\u00ednvonalon t\u00f6rt\u00e9n\u0151 kiszolg\u00e1l\u00e1s\u00e1nak \u00e9rdek\u00e9ben folyamatosan zajlanak a bels\u0151 technol\u00f3giai fejleszt\u00e9sek \u00e9s k\u00eds\u00e9rletez\u00e9sek. A cs\u00facsmin\u0151s\u00e9g\u0171 gy\u00e1rt\u00e1s biztos\u00edt\u00e1s\u00e1hoz a szakembereket a c\u00e9g saj\u00e1t maga k\u00e9pzi.<\/p><p>A g\u00f6mb- \u00e9s s\u00edkoptikai elemeken k\u00edv\u00fcl a sz\u00e1loptikai komponensek gy\u00e1rt\u00e1s\u00e1hoz sz\u00fcks\u00e9ges szellemi \u00e9s technol\u00f3giai javak is \u00e1tv\u00e9telre ker\u00fcltek a Magyar Optikai M\u0171vekt\u0151l, melyet igyekezett tov\u00e1bb folytatni az akkori vezet\u0151s\u00e9g. Kialak\u00edt\u00e1sra ker\u00fclt egy sz\u00e1loptikai m\u0171hely, mely az \u00e9vek sor\u00e1n szint\u00e9n fejleszt\u00e9seken esett \u00e1t, \u00e9s ma is nagy mennyis\u00e9gben \u00e1ll\u00edt el\u0151 fogtechnikai \u00e9s diagnosztikai berendez\u00e9sekben haszn\u00e1latos f\u00e9nyvezet\u0151ket.<\/p><p>Jellemz\u0151en szint\u00e9n a MOM-b\u00f3l a c\u00e9ghez ker\u00fclt fejleszt\u0151 \u00e9s m\u0171szaki koll\u00e9g\u00e1k munk\u00e1inak eredm\u00e9nyek\u00e9ppen kifejleszt\u00e9sre ker\u00fclt a v\u00e1ltoztathat\u00f3 nagy\u00edt\u00e1s\u00fa t\u00e1vcs\u00f6vekbe beszerel\u00e9sre ker\u00fcl\u0151 sug\u00e1roszt\u00f3 egys\u00e9g t\u00f6bb t\u00edpusa, valamint a Made in Hungary fix nagy\u00edt\u00e1ssal rendelkez\u0151 magyar c\u00e9lt\u00e1vcs\u0151 csal\u00e1d is. Ezek \u00f6sszeszerel\u00e9s\u00e9re kezdetben n\u00e9h\u00e1ny f\u0151vel egy \u00faj, szerelde r\u00e9szleg l\u00e9tes\u00fclt. Az \u00e9vek sor\u00e1n \u00fajabb \u00e9s \u00fajabb megb\u00edz\u00e1sok \u00e9rkeztek egy\u00e9b szerelt optikai komponensek, mint p\u00e9ld\u00e1ul szemvizsg\u00e1l\u00f3 k\u00e9sz\u00fcl\u00e9kbe val\u00f3 optikai egys\u00e9gek, speci\u00e1lis okul\u00e1rok, objekt\u00edvek szerel\u00e9s\u00e9re is, melynek k\u00f6vetkezm\u00e9nyek\u00e9nt az \u00faj r\u00e9szleg dolgoz\u00f3i l\u00e9tsz\u00e1ma folyamatosan n\u0151tt.<\/p><p>2005 \u00e9v v\u00e9g\u00e9ig betegs\u00e9g illetve nyugd\u00edjaz\u00e1s miatt a magyar \u00fcgyvezet\u0151k t\u00e1voztak a c\u00e9gt\u0151l. Innent\u0151l kezdve a helyi \u00fcgyvezet\u00e9s megsz\u0171nt, a c\u00e9g napi tev\u00e9kenys\u00e9g\u00e9t a helyi r\u00e9szlegvezet\u0151k koordin\u00e1lj\u00e1k a n\u00e9metorsz\u00e1gi anyav\u00e1llalat ir\u00e1ny\u00edt\u00e1sa alatt.<\/p><p>A vev\u0151k magasabb sz\u00ednvonal\u00fa kiszolg\u00e1l\u00e1s\u00e1t, \u00e9s a folyamatos fejl\u0151d\u00e9st szem el\u0151tt tartva 2012-ben bevezet\u00e9sre ker\u00fclt az ISO 9001:2008 v\u00e1llalatir\u00e1ny\u00edt\u00e1si rendszer.<\/p><p>2013-ban az \u00fcgyvezet\u00e9s \u00fagy d\u00f6nt\u00f6tt, hogy a Schmidt+Bender Hung\u00e1ria Optikai Kft. kib\u0151v\u00edti term\u00e9kk\u00edn\u00e1lat\u00e1t \u00e9s megjelenik az orvostechnikai eszk\u00f6z\u00f6k piac\u00e1n. \u00daj term\u00e9kpalett\u00e1nkat els\u0151sorban a fog\u00e1szatban haszn\u00e1lt optikai eszk\u00f6z\u00f6k alkotj\u00e1k, melyeknek forgalmaz\u00e1sa, tervez\u00e9se \u00e9s gy\u00e1rt\u00e1sa is a hazai v\u00e1llalat \u00e9gisze al\u00e1 tartozik. Az orvosi eszk\u00f6z\u00f6kkel szemben t\u00e1masztott szigor\u00fa el\u0151\u00edr\u00e1sok marad\u00e9ktalan teljes\u00edt\u00e9se \u00e9rdek\u00e9ben 2015-ben bevezet\u00e9sre ker\u00fclt az ISO 13485 v\u00e1llalatir\u00e1ny\u00edt\u00e1si rendszer.<\/p>\t\t\t\t\t\t\t\t<\/div>\n\t\t\t\t<\/div>\n\t\t\t\t\t<\/div>\n\t\t\t\t<\/div>\n\t\t<div class=\"elementor-element elementor-element-9602a72 image-box-img e-flex e-con-boxed e-con e-parent\" data-id=\"9602a72\" data-element_type=\"container\">\n\t\t\t\t\t<div class=\"e-con-inner\">\n\t\t<div class=\"elementor-element elementor-element-621276f e-con-full e-flex e-con e-child\" data-id=\"621276f\" data-element_type=\"container\">\n\t\t\t\t<div class=\"elementor-element elementor-element-41e6fcf elementor-position-top elementor-widget elementor-widget-image-box\" data-id=\"41e6fcf\" data-element_type=\"widget\" data-widget_type=\"image-box.default\">\n\t\t\t\t<div class=\"elementor-widget-container\">\n\t\t\t\t\t<div class=\"elementor-image-box-wrapper\"><figure class=\"elementor-image-box-img\"><img fetchpriority=\"high\" decoding=\"async\" width=\"768\" height=\"542\" src=\"https:\/\/schmidt-bender.hu\/wp-content\/uploads\/2024\/05\/MOM-768x542.jpg\" class=\"attachment-medium_large size-medium_large wp-image-1625\" alt=\"\" srcset=\"https:\/\/schmidt-bender.hu\/wp-content\/uploads\/2024\/05\/MOM-768x542.jpg 768w, https:\/\/schmidt-bender.hu\/wp-content\/uploads\/2024\/05\/MOM-300x212.jpg 300w, https:\/\/schmidt-bender.hu\/wp-content\/uploads\/2024\/05\/MOM-1024x722.jpg 1024w, https:\/\/schmidt-bender.hu\/wp-content\/uploads\/2024\/05\/MOM-1536x1084.jpg 1536w, https:\/\/schmidt-bender.hu\/wp-content\/uploads\/2024\/05\/MOM.jpg 1800w\" sizes=\"(max-width: 768px) 100vw, 768px\" \/><\/figure><div class=\"elementor-image-box-content\"><h3 class=\"elementor-image-box-title\">MAGYAR OPTIKAI M\u0170VEK<\/h3><p class=\"elementor-image-box-description\">\n<\/p><\/div><\/div>\t\t\t\t<\/div>\n\t\t\t\t<\/div>\n\t\t\t\t<\/div>\n\t\t<div class=\"elementor-element elementor-element-f0bed84 e-con-full e-flex e-con e-child\" data-id=\"f0bed84\" data-element_type=\"container\">\n\t\t\t\t<div class=\"elementor-element elementor-element-a011d95 elementor-position-top elementor-widget elementor-widget-image-box\" data-id=\"a011d95\" data-element_type=\"widget\" data-widget_type=\"image-box.default\">\n\t\t\t\t<div class=\"elementor-widget-container\">\n\t\t\t\t\t<div class=\"elementor-image-box-wrapper\"><figure class=\"elementor-image-box-img\"><img decoding=\"async\" width=\"768\" height=\"425\" data-src=\"https:\/\/schmidt-bender.hu\/wp-content\/uploads\/2024\/10\/EREDETI-MOM-RAJZOK-768x425.jpg\" class=\"attachment-medium_large size-medium_large wp-image-2122 lazyload\" alt=\"\" data-srcset=\"https:\/\/schmidt-bender.hu\/wp-content\/uploads\/2024\/10\/EREDETI-MOM-RAJZOK-768x425.jpg 768w, https:\/\/schmidt-bender.hu\/wp-content\/uploads\/2024\/10\/EREDETI-MOM-RAJZOK-300x166.jpg 300w, https:\/\/schmidt-bender.hu\/wp-content\/uploads\/2024\/10\/EREDETI-MOM-RAJZOK-1024x566.jpg 1024w, https:\/\/schmidt-bender.hu\/wp-content\/uploads\/2024\/10\/EREDETI-MOM-RAJZOK-1536x850.jpg 1536w, https:\/\/schmidt-bender.hu\/wp-content\/uploads\/2024\/10\/EREDETI-MOM-RAJZOK-2048x1133.jpg 2048w\" data-sizes=\"(max-width: 768px) 100vw, 768px\" src=\"data:image\/gif;base64,R0lGODlhAQABAAAAACH5BAEKAAEALAAAAAABAAEAAAICTAEAOw==\" style=\"--smush-placeholder-width: 768px; --smush-placeholder-aspect-ratio: 768\/425;\" \/><\/figure><div class=\"elementor-image-box-content\"><h3 class=\"elementor-image-box-title\">EREDETI MOM RAJZOK<\/h3><p class=\"elementor-image-box-description\">\n<\/p><\/div><\/div>\t\t\t\t<\/div>\n\t\t\t\t<\/div>\n\t\t\t\t<\/div>\n\t\t\t\t\t<\/div>\n\t\t\t\t<\/div>\n\t\t<div class=\"elementor-element elementor-element-677bbde image-box-img e-flex e-con-boxed e-con e-parent\" data-id=\"677bbde\" data-element_type=\"container\">\n\t\t\t\t\t<div class=\"e-con-inner\">\n\t\t<div class=\"elementor-element elementor-element-bce4d90 e-con-full e-flex e-con e-child\" data-id=\"bce4d90\" data-element_type=\"container\">\n\t\t\t\t<div class=\"elementor-element elementor-element-9fea328 elementor-position-top elementor-widget elementor-widget-image-box\" data-id=\"9fea328\" data-element_type=\"widget\" data-widget_type=\"image-box.default\">\n\t\t\t\t<div class=\"elementor-widget-container\">\n\t\t\t\t\t<div class=\"elementor-image-box-wrapper\"><figure class=\"elementor-image-box-img\"><img decoding=\"async\" width=\"768\" height=\"548\" data-src=\"https:\/\/schmidt-bender.hu\/wp-content\/uploads\/2024\/10\/SB-BUDAPEST-768x548.jpg\" class=\"attachment-medium_large size-medium_large wp-image-2465 lazyload\" alt=\"\" data-srcset=\"https:\/\/schmidt-bender.hu\/wp-content\/uploads\/2024\/10\/SB-BUDAPEST-768x548.jpg 768w, https:\/\/schmidt-bender.hu\/wp-content\/uploads\/2024\/10\/SB-BUDAPEST-300x214.jpg 300w, https:\/\/schmidt-bender.hu\/wp-content\/uploads\/2024\/10\/SB-BUDAPEST.jpg 1024w\" data-sizes=\"(max-width: 768px) 100vw, 768px\" src=\"data:image\/gif;base64,R0lGODlhAQABAAAAACH5BAEKAAEALAAAAAABAAEAAAICTAEAOw==\" style=\"--smush-placeholder-width: 768px; --smush-placeholder-aspect-ratio: 768\/548;\" \/><\/figure><div class=\"elementor-image-box-content\"><h3 class=\"elementor-image-box-title\">S&B BUDAPEST(1992)<\/h3><p class=\"elementor-image-box-description\">\n<\/p><\/div><\/div>\t\t\t\t<\/div>\n\t\t\t\t<\/div>\n\t\t\t\t<\/div>\n\t\t<div class=\"elementor-element elementor-element-484f46d e-con-full e-flex e-con e-child\" data-id=\"484f46d\" data-element_type=\"container\">\n\t\t\t\t<div class=\"elementor-element elementor-element-111ad78 elementor-position-top elementor-widget elementor-widget-image-box\" data-id=\"111ad78\" data-element_type=\"widget\" data-widget_type=\"image-box.default\">\n\t\t\t\t<div class=\"elementor-widget-container\">\n\t\t\t\t\t<div class=\"elementor-image-box-wrapper\"><figure class=\"elementor-image-box-img\"><img decoding=\"async\" width=\"768\" height=\"512\" data-src=\"https:\/\/schmidt-bender.hu\/wp-content\/uploads\/2024\/10\/SZERELDE-TENK-1-768x512.jpg\" class=\"attachment-medium_large size-medium_large wp-image-2467 lazyload\" alt=\"\" data-srcset=\"https:\/\/schmidt-bender.hu\/wp-content\/uploads\/2024\/10\/SZERELDE-TENK-1-768x512.jpg 768w, https:\/\/schmidt-bender.hu\/wp-content\/uploads\/2024\/10\/SZERELDE-TENK-1-300x200.jpg 300w, https:\/\/schmidt-bender.hu\/wp-content\/uploads\/2024\/10\/SZERELDE-TENK-1-1024x683.jpg 1024w, https:\/\/schmidt-bender.hu\/wp-content\/uploads\/2024\/10\/SZERELDE-TENK-1-1536x1024.jpg 1536w, https:\/\/schmidt-bender.hu\/wp-content\/uploads\/2024\/10\/SZERELDE-TENK-1-2048x1365.jpg 2048w\" data-sizes=\"(max-width: 768px) 100vw, 768px\" src=\"data:image\/gif;base64,R0lGODlhAQABAAAAACH5BAEKAAEALAAAAAABAAEAAAICTAEAOw==\" style=\"--smush-placeholder-width: 768px; --smush-placeholder-aspect-ratio: 768\/512;\" \/><\/figure><div class=\"elementor-image-box-content\"><h3 class=\"elementor-image-box-title\">SZERELDE TENK<\/h3><p class=\"elementor-image-box-description\">\n<\/p><\/div><\/div>\t\t\t\t<\/div>\n\t\t\t\t<\/div>\n\t\t\t\t<\/div>\n\t\t\t\t\t<\/div>\n\t\t\t\t<\/div>\n\t\t\t\t<\/div>\n\t\t","protected":false},"excerpt":{"rendered":"<p>\u00a0A Schmidt + Bender Hung\u00e1ria Kft.-t 1992-ben alap\u00edtotta a n\u00e9metorsz\u00e1gi Schmidt &amp; Bender GmbH, els\u0151sorban azzal a c\u00e9llal, hogy saj\u00e1t optika gy\u00e1rt\u00f3ja \u00e9s besz\u00e1ll\u00edt\u00f3ja legyen N\u00e9metorsz\u00e1gban gy\u00e1rtott vad\u00e1szati \u00e9s hadiipari c\u00e9lt\u00e1vcs\u00f6veinek. A dolgoz\u00f3k jelent\u0151s r\u00e9sze az egykori a MOM-b\u00f3l ker\u00fclt \u00e1tv\u00e9telre, ak\u00e1rcsak a gy\u00e1rt\u00e1sban haszn\u00e1lt berendez\u00e9sek d\u00f6nt\u0151 h\u00e1nyada. Az anyac\u00e9gnek gy\u00e1rtott optikai komponensek mellett a [&hellip;]<\/p>\n","protected":false},"author":1,"featured_media":2607,"parent":1891,"menu_order":0,"comment_status":"closed","ping_status":"closed","template":"","meta":{"footnotes":""},"class_list":["post-1892","page","type-page","status-publish","has-post-thumbnail","hentry"],"yoast_head":"<!-- This site is optimized with the Yoast SEO Premium plugin v22.5 (Yoast SEO v24.4) - https:\/\/yoast.com\/wordpress\/plugins\/seo\/ -->\n<title>C\u00e9g\u00fcnkr\u0151l - Schmidt-Bender Hung\u00e1ria<\/title>\n<meta name=\"robots\" content=\"index, follow, max-snippet:-1, max-image-preview:large, max-video-preview:-1\" \/>\n<link rel=\"canonical\" href=\"https:\/\/schmidt-bender.hu\/en\/kapcsolat\/cegunkrol\/\" \/>\n<meta property=\"og:locale\" content=\"en_US\" \/>\n<meta property=\"og:type\" content=\"article\" \/>\n<meta property=\"og:title\" content=\"C\u00e9g\u00fcnkr\u0151l\" \/>\n<meta property=\"og:description\" content=\"\u00a0A Schmidt + Bender Hung\u00e1ria Kft.-t 1992-ben alap\u00edtotta a n\u00e9metorsz\u00e1gi Schmidt &amp; Bender GmbH, els\u0151sorban azzal a c\u00e9llal, hogy saj\u00e1t optika gy\u00e1rt\u00f3ja \u00e9s besz\u00e1ll\u00edt\u00f3ja legyen N\u00e9metorsz\u00e1gban gy\u00e1rtott vad\u00e1szati \u00e9s hadiipari c\u00e9lt\u00e1vcs\u00f6veinek. A dolgoz\u00f3k jelent\u0151s r\u00e9sze az egykori a MOM-b\u00f3l ker\u00fclt \u00e1tv\u00e9telre, ak\u00e1rcsak a gy\u00e1rt\u00e1sban haszn\u00e1lt berendez\u00e9sek d\u00f6nt\u0151 h\u00e1nyada. Az anyac\u00e9gnek gy\u00e1rtott optikai komponensek mellett a [&hellip;]\" \/>\n<meta property=\"og:url\" content=\"https:\/\/schmidt-bender.hu\/en\/kapcsolat\/cegunkrol\/\" \/>\n<meta property=\"og:site_name\" content=\"Schmidt-Bender Hung\u00e1ria\" \/>\n<meta property=\"article:modified_time\" content=\"2025-01-29T14:16:48+00:00\" \/>\n<meta property=\"og:image\" content=\"https:\/\/schmidt-bender.hu\/wp-content\/uploads\/2024\/10\/Meretarany_MG_6180-scaled.jpg\" \/>\n\t<meta property=\"og:image:width\" content=\"2560\" \/>\n\t<meta property=\"og:image:height\" content=\"379\" \/>\n\t<meta property=\"og:image:type\" content=\"image\/jpeg\" \/>\n<meta name=\"twitter:card\" content=\"summary_large_image\" \/>\n<meta name=\"twitter:label1\" content=\"Est. reading time\" \/>\n\t<meta name=\"twitter:data1\" content=\"4 minutes\" \/>\n<script type=\"application\/ld+json\" class=\"yoast-schema-graph\">{\"@context\":\"https:\/\/schema.org\",\"@graph\":[{\"@type\":\"WebPage\",\"@id\":\"https:\/\/schmidt-bender.hu\/en\/kapcsolat\/cegunkrol\/\",\"url\":\"https:\/\/schmidt-bender.hu\/en\/kapcsolat\/cegunkrol\/\",\"name\":\"C\u00e9g\u00fcnkr\u0151l - Schmidt-Bender Hung\u00e1ria\",\"isPartOf\":{\"@id\":\"https:\/\/schmidt-bender.hu\/#website\"},\"primaryImageOfPage\":{\"@id\":\"https:\/\/schmidt-bender.hu\/en\/kapcsolat\/cegunkrol\/#primaryimage\"},\"image\":{\"@id\":\"https:\/\/schmidt-bender.hu\/en\/kapcsolat\/cegunkrol\/#primaryimage\"},\"thumbnailUrl\":\"https:\/\/schmidt-bender.hu\/wp-content\/uploads\/2024\/10\/Meretarany_MG_6180-scaled.jpg\",\"datePublished\":\"2024-04-24T12:48:58+00:00\",\"dateModified\":\"2025-01-29T14:16:48+00:00\",\"breadcrumb\":{\"@id\":\"https:\/\/schmidt-bender.hu\/en\/kapcsolat\/cegunkrol\/#breadcrumb\"},\"inLanguage\":\"en-US\",\"potentialAction\":[{\"@type\":\"ReadAction\",\"target\":[\"https:\/\/schmidt-bender.hu\/en\/kapcsolat\/cegunkrol\/\"]}]},{\"@type\":\"ImageObject\",\"inLanguage\":\"en-US\",\"@id\":\"https:\/\/schmidt-bender.hu\/en\/kapcsolat\/cegunkrol\/#primaryimage\",\"url\":\"https:\/\/schmidt-bender.hu\/wp-content\/uploads\/2024\/10\/Meretarany_MG_6180-scaled.jpg\",\"contentUrl\":\"https:\/\/schmidt-bender.hu\/wp-content\/uploads\/2024\/10\/Meretarany_MG_6180-scaled.jpg\",\"width\":2560,\"height\":379},{\"@type\":\"BreadcrumbList\",\"@id\":\"https:\/\/schmidt-bender.hu\/en\/kapcsolat\/cegunkrol\/#breadcrumb\",\"itemListElement\":[{\"@type\":\"ListItem\",\"position\":1,\"name\":\"Home\",\"item\":\"https:\/\/schmidt-bender.hu\/en\/kapcsolat\/\"},{\"@type\":\"ListItem\",\"position\":2,\"name\":\"C\u00e9g\u00fcnkr\u0151l\"}]},{\"@type\":\"WebSite\",\"@id\":\"https:\/\/schmidt-bender.hu\/#website\",\"url\":\"https:\/\/schmidt-bender.hu\/\",\"name\":\"Schmidt-Bender Hung\u00e1ria\",\"description\":\"C\u00e9lt\u00e1vcs\u00f6vek, optika \u00e9s sz\u00e1loptika\",\"publisher\":{\"@id\":\"https:\/\/schmidt-bender.hu\/#organization\"},\"potentialAction\":[{\"@type\":\"SearchAction\",\"target\":{\"@type\":\"EntryPoint\",\"urlTemplate\":\"https:\/\/schmidt-bender.hu\/?s={search_term_string}\"},\"query-input\":{\"@type\":\"PropertyValueSpecification\",\"valueRequired\":true,\"valueName\":\"search_term_string\"}}],\"inLanguage\":\"en-US\"},{\"@type\":\"Organization\",\"@id\":\"https:\/\/schmidt-bender.hu\/#organization\",\"name\":\"Schmidt-Bender Hung\u00e1ria\",\"url\":\"https:\/\/schmidt-bender.hu\/\",\"logo\":{\"@type\":\"ImageObject\",\"inLanguage\":\"en-US\",\"@id\":\"https:\/\/schmidt-bender.hu\/#\/schema\/logo\/image\/\",\"url\":\"https:\/\/schmidt-bender.hu\/wp-content\/uploads\/2024\/03\/header_logo.png\",\"contentUrl\":\"https:\/\/schmidt-bender.hu\/wp-content\/uploads\/2024\/03\/header_logo.png\",\"width\":202,\"height\":41,\"caption\":\"Schmidt-Bender Hung\u00e1ria\"},\"image\":{\"@id\":\"https:\/\/schmidt-bender.hu\/#\/schema\/logo\/image\/\"}}]}<\/script>\n<!-- \/ Yoast SEO Premium plugin. -->","yoast_head_json":{"title":"C\u00e9g\u00fcnkr\u0151l - Schmidt-Bender Hung\u00e1ria","robots":{"index":"index","follow":"follow","max-snippet":"max-snippet:-1","max-image-preview":"max-image-preview:large","max-video-preview":"max-video-preview:-1"},"canonical":"https:\/\/schmidt-bender.hu\/en\/kapcsolat\/cegunkrol\/","og_locale":"en_US","og_type":"article","og_title":"C\u00e9g\u00fcnkr\u0151l","og_description":"\u00a0A Schmidt + Bender Hung\u00e1ria Kft.-t 1992-ben alap\u00edtotta a n\u00e9metorsz\u00e1gi Schmidt &amp; Bender GmbH, els\u0151sorban azzal a c\u00e9llal, hogy saj\u00e1t optika gy\u00e1rt\u00f3ja \u00e9s besz\u00e1ll\u00edt\u00f3ja legyen N\u00e9metorsz\u00e1gban gy\u00e1rtott vad\u00e1szati \u00e9s hadiipari c\u00e9lt\u00e1vcs\u00f6veinek. A dolgoz\u00f3k jelent\u0151s r\u00e9sze az egykori a MOM-b\u00f3l ker\u00fclt \u00e1tv\u00e9telre, ak\u00e1rcsak a gy\u00e1rt\u00e1sban haszn\u00e1lt berendez\u00e9sek d\u00f6nt\u0151 h\u00e1nyada. Az anyac\u00e9gnek gy\u00e1rtott optikai komponensek mellett a [&hellip;]","og_url":"https:\/\/schmidt-bender.hu\/en\/kapcsolat\/cegunkrol\/","og_site_name":"Schmidt-Bender Hung\u00e1ria","article_modified_time":"2025-01-29T14:16:48+00:00","og_image":[{"width":2560,"height":379,"url":"https:\/\/schmidt-bender.hu\/wp-content\/uploads\/2024\/10\/Meretarany_MG_6180-scaled.jpg","type":"image\/jpeg"}],"twitter_card":"summary_large_image","twitter_misc":{"Est. reading time":"4 minutes"},"schema":{"@context":"https:\/\/schema.org","@graph":[{"@type":"WebPage","@id":"https:\/\/schmidt-bender.hu\/en\/kapcsolat\/cegunkrol\/","url":"https:\/\/schmidt-bender.hu\/en\/kapcsolat\/cegunkrol\/","name":"C\u00e9g\u00fcnkr\u0151l - Schmidt-Bender Hung\u00e1ria","isPartOf":{"@id":"https:\/\/schmidt-bender.hu\/#website"},"primaryImageOfPage":{"@id":"https:\/\/schmidt-bender.hu\/en\/kapcsolat\/cegunkrol\/#primaryimage"},"image":{"@id":"https:\/\/schmidt-bender.hu\/en\/kapcsolat\/cegunkrol\/#primaryimage"},"thumbnailUrl":"https:\/\/schmidt-bender.hu\/wp-content\/uploads\/2024\/10\/Meretarany_MG_6180-scaled.jpg","datePublished":"2024-04-24T12:48:58+00:00","dateModified":"2025-01-29T14:16:48+00:00","breadcrumb":{"@id":"https:\/\/schmidt-bender.hu\/en\/kapcsolat\/cegunkrol\/#breadcrumb"},"inLanguage":"en-US","potentialAction":[{"@type":"ReadAction","target":["https:\/\/schmidt-bender.hu\/en\/kapcsolat\/cegunkrol\/"]}]},{"@type":"ImageObject","inLanguage":"en-US","@id":"https:\/\/schmidt-bender.hu\/en\/kapcsolat\/cegunkrol\/#primaryimage","url":"https:\/\/schmidt-bender.hu\/wp-content\/uploads\/2024\/10\/Meretarany_MG_6180-scaled.jpg","contentUrl":"https:\/\/schmidt-bender.hu\/wp-content\/uploads\/2024\/10\/Meretarany_MG_6180-scaled.jpg","width":2560,"height":379},{"@type":"BreadcrumbList","@id":"https:\/\/schmidt-bender.hu\/en\/kapcsolat\/cegunkrol\/#breadcrumb","itemListElement":[{"@type":"ListItem","position":1,"name":"Home","item":"https:\/\/schmidt-bender.hu\/en\/kapcsolat\/"},{"@type":"ListItem","position":2,"name":"C\u00e9g\u00fcnkr\u0151l"}]},{"@type":"WebSite","@id":"https:\/\/schmidt-bender.hu\/#website","url":"https:\/\/schmidt-bender.hu\/","name":"Schmidt-Bender Hung\u00e1ria","description":"C\u00e9lt\u00e1vcs\u00f6vek, optika \u00e9s sz\u00e1loptika","publisher":{"@id":"https:\/\/schmidt-bender.hu\/#organization"},"potentialAction":[{"@type":"SearchAction","target":{"@type":"EntryPoint","urlTemplate":"https:\/\/schmidt-bender.hu\/?s={search_term_string}"},"query-input":{"@type":"PropertyValueSpecification","valueRequired":true,"valueName":"search_term_string"}}],"inLanguage":"en-US"},{"@type":"Organization","@id":"https:\/\/schmidt-bender.hu\/#organization","name":"Schmidt-Bender Hung\u00e1ria","url":"https:\/\/schmidt-bender.hu\/","logo":{"@type":"ImageObject","inLanguage":"en-US","@id":"https:\/\/schmidt-bender.hu\/#\/schema\/logo\/image\/","url":"https:\/\/schmidt-bender.hu\/wp-content\/uploads\/2024\/03\/header_logo.png","contentUrl":"https:\/\/schmidt-bender.hu\/wp-content\/uploads\/2024\/03\/header_logo.png","width":202,"height":41,"caption":"Schmidt-Bender Hung\u00e1ria"},"image":{"@id":"https:\/\/schmidt-bender.hu\/#\/schema\/logo\/image\/"}}]}},"_links":{"self":[{"href":"https:\/\/schmidt-bender.hu\/en\/wp-json\/wp\/v2\/pages\/1892","targetHints":{"allow":["GET"]}}],"collection":[{"href":"https:\/\/schmidt-bender.hu\/en\/wp-json\/wp\/v2\/pages"}],"about":[{"href":"https:\/\/schmidt-bender.hu\/en\/wp-json\/wp\/v2\/types\/page"}],"author":[{"embeddable":true,"href":"https:\/\/schmidt-bender.hu\/en\/wp-json\/wp\/v2\/users\/1"}],"replies":[{"embeddable":true,"href":"https:\/\/schmidt-bender.hu\/en\/wp-json\/wp\/v2\/comments?post=1892"}],"version-history":[{"count":24,"href":"https:\/\/schmidt-bender.hu\/en\/wp-json\/wp\/v2\/pages\/1892\/revisions"}],"predecessor-version":[{"id":2756,"href":"https:\/\/schmidt-bender.hu\/en\/wp-json\/wp\/v2\/pages\/1892\/revisions\/2756"}],"up":[{"embeddable":true,"href":"https:\/\/schmidt-bender.hu\/en\/wp-json\/wp\/v2\/pages\/1891"}],"wp:featuredmedia":[{"embeddable":true,"href":"https:\/\/schmidt-bender.hu\/en\/wp-json\/wp\/v2\/media\/2607"}],"wp:attachment":[{"href":"https:\/\/schmidt-bender.hu\/en\/wp-json\/wp\/v2\/media?parent=1892"}],"curies":[{"name":"wp","href":"https:\/\/api.w.org\/{rel}","templated":true}]}}