{"id":1826,"date":"2024-03-19T11:34:47","date_gmt":"2024-03-19T11:34:47","guid":{"rendered":"https:\/\/schmidt-bender.hu\/szaloptika\/termekeink\/merev-rudak\/"},"modified":"2024-10-03T11:37:24","modified_gmt":"2024-10-03T11:37:24","slug":"merev-rudak","status":"publish","type":"page","link":"https:\/\/schmidt-bender.hu\/en\/fiber-optics\/termekeink\/merev-rudak\/","title":{"rendered":"Rigid fiber optical rods"},"content":{"rendered":"\t\t<div data-elementor-type=\"wp-page\" data-elementor-id=\"1826\" class=\"elementor elementor-1826 elementor-164\" data-elementor-post-type=\"page\">\n\t\t\t\t<div class=\"elementor-element elementor-element-474ecf3 e-flex e-con-boxed e-con e-parent\" data-id=\"474ecf3\" data-element_type=\"container\">\n\t\t\t\t\t<div class=\"e-con-inner\">\n\t\t\t\t<div class=\"elementor-element elementor-element-14bbfc9 elementor-widget elementor-widget-text-editor\" data-id=\"14bbfc9\" data-element_type=\"widget\" data-widget_type=\"text-editor.default\">\n\t\t\t\t<div class=\"elementor-widget-container\">\n\t\t\t\t\t\t\t\t\t<p>The rigid fiber optical rods have two fundamental versions:<\/p>\n<ul>\n<li><b>Core\/clad rods (with single core):<\/b>The light conducting core has relatively large refractive index. There is only one cladding on the core which has lower refractive index. This construction benefits from its simplicity <\/li>\n<li><b>Multifiber rods:<\/b> The outer cladding does not take part in light guiding. Inside this a several single fibers with their own cladding can be located all fused together. The advantages are, the better transmission and the possibility of image conduit.  <\/li>\n<\/ul>\n<p>The maximum outer diameter for rigid rods is 15mm. We can provide the light guides with black or transparent outer cladding with NA: 0,57 or 0,64. <\/p>\n\t\t\t\t\t\t\t\t<\/div>\n\t\t\t\t<\/div>\n\t\t\t\t\t<\/div>\n\t\t\t\t<\/div>\n\t\t<div class=\"elementor-element elementor-element-170adee e-flex e-con-boxed e-con e-parent\" data-id=\"170adee\" data-element_type=\"container\">\n\t\t\t\t\t<div class=\"e-con-inner\">\n\t\t<div class=\"elementor-element elementor-element-294238c e-con-full e-flex e-con e-child\" data-id=\"294238c\" data-element_type=\"container\">\n\t\t\t\t<div class=\"elementor-element elementor-element-df3faf2 elementor-position-top elementor-widget elementor-widget-image-box\" data-id=\"df3faf2\" data-element_type=\"widget\" data-widget_type=\"image-box.default\">\n\t\t\t\t<div class=\"elementor-widget-container\">\n\t\t\t\t\t<div class=\"elementor-image-box-wrapper\"><figure class=\"elementor-image-box-img\"><img fetchpriority=\"high\" decoding=\"async\" width=\"768\" height=\"512\" src=\"https:\/\/schmidt-bender.hu\/wp-content\/uploads\/2024\/04\/CK3A2097-768x512.jpg\" class=\"attachment-medium_large size-medium_large wp-image-876\" alt=\"Schmidt Bender Hung\u00e1ria Merev rudak\" srcset=\"https:\/\/schmidt-bender.hu\/wp-content\/uploads\/2024\/04\/CK3A2097-768x512.jpg 768w, https:\/\/schmidt-bender.hu\/wp-content\/uploads\/2024\/04\/CK3A2097-300x200.jpg 300w, https:\/\/schmidt-bender.hu\/wp-content\/uploads\/2024\/04\/CK3A2097-1024x683.jpg 1024w, https:\/\/schmidt-bender.hu\/wp-content\/uploads\/2024\/04\/CK3A2097-1536x1024.jpg 1536w, https:\/\/schmidt-bender.hu\/wp-content\/uploads\/2024\/04\/CK3A2097.jpg 1920w\" sizes=\"(max-width: 768px) 100vw, 768px\" \/><\/figure><div class=\"elementor-image-box-content\"><h3 class=\"elementor-image-box-title\">Tapers<\/h3><p class=\"elementor-image-box-description\">Beside the standard 6h9 x 13 dimension we are producing tapers with diameter, and length for custom requirements as well. The materials used during the manufacturing are autoclavable so these tapers are particularly suit the needs for medical endoscopy. <\/p><\/div><\/div>\t\t\t\t<\/div>\n\t\t\t\t<\/div>\n\t\t\t\t<\/div>\n\t\t<div class=\"elementor-element elementor-element-4adfd0e e-con-full e-flex e-con e-child\" data-id=\"4adfd0e\" data-element_type=\"container\">\n\t\t\t\t<div class=\"elementor-element elementor-element-946ddc9 elementor-position-top elementor-widget elementor-widget-image-box\" data-id=\"946ddc9\" data-element_type=\"widget\" data-widget_type=\"image-box.default\">\n\t\t\t\t<div class=\"elementor-widget-container\">\n\t\t\t\t\t<div class=\"elementor-image-box-wrapper\"><figure class=\"elementor-image-box-img\"><img decoding=\"async\" width=\"768\" height=\"512\" data-src=\"https:\/\/schmidt-bender.hu\/wp-content\/uploads\/2024\/10\/PIPAK-FOGORVOSI-FELHASZNALASRA-768x512.png\" class=\"attachment-medium_large size-medium_large wp-image-2364 lazyload\" alt=\"\" data-srcset=\"https:\/\/schmidt-bender.hu\/wp-content\/uploads\/2024\/10\/PIPAK-FOGORVOSI-FELHASZNALASRA-768x512.png 768w, https:\/\/schmidt-bender.hu\/wp-content\/uploads\/2024\/10\/PIPAK-FOGORVOSI-FELHASZNALASRA-300x200.png 300w, https:\/\/schmidt-bender.hu\/wp-content\/uploads\/2024\/10\/PIPAK-FOGORVOSI-FELHASZNALASRA-1024x683.png 1024w, https:\/\/schmidt-bender.hu\/wp-content\/uploads\/2024\/10\/PIPAK-FOGORVOSI-FELHASZNALASRA-1536x1024.png 1536w, https:\/\/schmidt-bender.hu\/wp-content\/uploads\/2024\/10\/PIPAK-FOGORVOSI-FELHASZNALASRA.png 1920w\" data-sizes=\"(max-width: 768px) 100vw, 768px\" src=\"data:image\/gif;base64,R0lGODlhAQABAAAAACH5BAEKAAEALAAAAAABAAEAAAICTAEAOw==\" style=\"--smush-placeholder-width: 768px; --smush-placeholder-aspect-ratio: 768\/512;\" \/><\/figure><div class=\"elementor-image-box-content\"><h3 class=\"elementor-image-box-title\">Dental curing light tips<\/h3><p class=\"elementor-image-box-description\">Beside the standard rods with 8mm diameter, we produce custom light guides for customer needs. Moreover we can undertake the assembly of the socket. These light guides are available with black and transparent cladding as well.  <\/p><\/div><\/div>\t\t\t\t<\/div>\n\t\t\t\t<\/div>\n\t\t\t\t<\/div>\n\t\t<div class=\"elementor-element elementor-element-11ad22e e-con-full e-flex e-con e-child\" data-id=\"11ad22e\" data-element_type=\"container\">\n\t\t\t\t<div class=\"elementor-element elementor-element-e086a63 elementor-position-top elementor-widget elementor-widget-image-box\" data-id=\"e086a63\" data-element_type=\"widget\" data-widget_type=\"image-box.default\">\n\t\t\t\t<div class=\"elementor-widget-container\">\n\t\t\t\t\t<div class=\"elementor-image-box-wrapper\"><figure class=\"elementor-image-box-img\"><img decoding=\"async\" width=\"768\" height=\"512\" data-src=\"https:\/\/schmidt-bender.hu\/wp-content\/uploads\/2024\/04\/CK3A2098-768x512.jpg\" class=\"attachment-medium_large size-medium_large wp-image-878 lazyload\" alt=\"Schmidt Bender Hung\u00e1ria Merev rudak\" data-srcset=\"https:\/\/schmidt-bender.hu\/wp-content\/uploads\/2024\/04\/CK3A2098-768x512.jpg 768w, https:\/\/schmidt-bender.hu\/wp-content\/uploads\/2024\/04\/CK3A2098-300x200.jpg 300w, https:\/\/schmidt-bender.hu\/wp-content\/uploads\/2024\/04\/CK3A2098-1024x683.jpg 1024w, https:\/\/schmidt-bender.hu\/wp-content\/uploads\/2024\/04\/CK3A2098-1536x1024.jpg 1536w, https:\/\/schmidt-bender.hu\/wp-content\/uploads\/2024\/04\/CK3A2098.jpg 1920w\" data-sizes=\"(max-width: 768px) 100vw, 768px\" src=\"data:image\/gif;base64,R0lGODlhAQABAAAAACH5BAEKAAEALAAAAAABAAEAAAICTAEAOw==\" style=\"--smush-placeholder-width: 768px; --smush-placeholder-aspect-ratio: 768\/512;\" \/><\/figure><div class=\"elementor-image-box-content\"><h3 class=\"elementor-image-box-title\">Light guides for hand pieces<\/h3><p class=\"elementor-image-box-description\">We undertake the designing and manufacturing of these various shaped light guides with small cross-section dimensions for hand pieces. <\/p><\/div><\/div>\t\t\t\t<\/div>\n\t\t\t\t<\/div>\n\t\t\t\t<\/div>\n\t\t<div class=\"elementor-element elementor-element-da72c50 e-con-full e-flex e-con e-child\" data-id=\"da72c50\" data-element_type=\"container\">\n\t\t\t\t<div class=\"elementor-element elementor-element-47b050c elementor-position-top elementor-widget elementor-widget-image-box\" data-id=\"47b050c\" data-element_type=\"widget\" data-widget_type=\"image-box.default\">\n\t\t\t\t<div class=\"elementor-widget-container\">\n\t\t\t\t\t<div class=\"elementor-image-box-wrapper\"><figure class=\"elementor-image-box-img\"><img decoding=\"async\" width=\"768\" height=\"512\" data-src=\"https:\/\/schmidt-bender.hu\/wp-content\/uploads\/2024\/10\/MEREV-SZALAK-768x512.png\" class=\"attachment-medium_large size-medium_large wp-image-2366 lazyload\" alt=\"\" data-srcset=\"https:\/\/schmidt-bender.hu\/wp-content\/uploads\/2024\/10\/MEREV-SZALAK-768x512.png 768w, https:\/\/schmidt-bender.hu\/wp-content\/uploads\/2024\/10\/MEREV-SZALAK-300x200.png 300w, https:\/\/schmidt-bender.hu\/wp-content\/uploads\/2024\/10\/MEREV-SZALAK-1024x683.png 1024w, https:\/\/schmidt-bender.hu\/wp-content\/uploads\/2024\/10\/MEREV-SZALAK-1536x1024.png 1536w, https:\/\/schmidt-bender.hu\/wp-content\/uploads\/2024\/10\/MEREV-SZALAK.png 1920w\" data-sizes=\"(max-width: 768px) 100vw, 768px\" src=\"data:image\/gif;base64,R0lGODlhAQABAAAAACH5BAEKAAEALAAAAAABAAEAAAICTAEAOw==\" style=\"--smush-placeholder-width: 768px; --smush-placeholder-aspect-ratio: 768\/512;\" \/><\/figure><div class=\"elementor-image-box-content\"><h3 class=\"elementor-image-box-title\">Core\/clad rods<\/h3><p class=\"elementor-image-box-description\">\n<\/p><\/div><\/div>\t\t\t\t<\/div>\n\t\t\t\t<\/div>\n\t\t\t\t<\/div>\n\t\t<div class=\"elementor-element elementor-element-0a6d34d e-con-full e-flex e-con e-child\" data-id=\"0a6d34d\" data-element_type=\"container\">\n\t\t\t\t<div class=\"elementor-element elementor-element-0884813 img-box-nowidth elementor-position-top elementor-widget elementor-widget-image-box\" data-id=\"0884813\" data-element_type=\"widget\" data-widget_type=\"image-box.default\">\n\t\t\t\t<div class=\"elementor-widget-container\">\n\t\t\t\t\t<div class=\"elementor-image-box-wrapper\"><figure class=\"elementor-image-box-img\"><img decoding=\"async\" width=\"768\" height=\"1152\" data-src=\"https:\/\/schmidt-bender.hu\/wp-content\/uploads\/2024\/10\/RoHS-KOMPATIBILIS-UVEGRUD-ALAPANYAGOK-768x1152.png\" class=\"attachment-medium_large size-medium_large wp-image-2368 lazyload\" alt=\"\" data-srcset=\"https:\/\/schmidt-bender.hu\/wp-content\/uploads\/2024\/10\/RoHS-KOMPATIBILIS-UVEGRUD-ALAPANYAGOK-768x1152.png 768w, https:\/\/schmidt-bender.hu\/wp-content\/uploads\/2024\/10\/RoHS-KOMPATIBILIS-UVEGRUD-ALAPANYAGOK-200x300.png 200w, https:\/\/schmidt-bender.hu\/wp-content\/uploads\/2024\/10\/RoHS-KOMPATIBILIS-UVEGRUD-ALAPANYAGOK-683x1024.png 683w, https:\/\/schmidt-bender.hu\/wp-content\/uploads\/2024\/10\/RoHS-KOMPATIBILIS-UVEGRUD-ALAPANYAGOK-1024x1536.png 1024w, https:\/\/schmidt-bender.hu\/wp-content\/uploads\/2024\/10\/RoHS-KOMPATIBILIS-UVEGRUD-ALAPANYAGOK-1365x2048.png 1365w, https:\/\/schmidt-bender.hu\/wp-content\/uploads\/2024\/10\/RoHS-KOMPATIBILIS-UVEGRUD-ALAPANYAGOK.png 1920w\" data-sizes=\"(max-width: 768px) 100vw, 768px\" src=\"data:image\/gif;base64,R0lGODlhAQABAAAAACH5BAEKAAEALAAAAAABAAEAAAICTAEAOw==\" style=\"--smush-placeholder-width: 768px; --smush-placeholder-aspect-ratio: 768\/1152;\" \/><\/figure><div class=\"elementor-image-box-content\"><h3 class=\"elementor-image-box-title\">RoHS COMPATIBLE GLASS ROD MATERIALS<\/h3><p class=\"elementor-image-box-description\">\n<\/p><\/div><\/div>\t\t\t\t<\/div>\n\t\t\t\t<\/div>\n\t\t\t\t<\/div>\n\t\t\t\t\t<\/div>\n\t\t\t\t<\/div>\n\t\t\t\t<\/div>\n\t\t","protected":false},"excerpt":{"rendered":"<p>The rigid fiber optical rods have two fundamental versions: Core\/clad rods (with single core):The light conducting core has relatively large refractive index. There is only one cladding on the core which has lower refractive index. This construction benefits from its simplicity Multifiber rods: The outer cladding does not take part in light guiding. Inside this [&hellip;]<\/p>\n","protected":false},"author":2,"featured_media":1139,"parent":1824,"menu_order":0,"comment_status":"closed","ping_status":"closed","template":"","meta":{"footnotes":""},"class_list":["post-1826","page","type-page","status-publish","has-post-thumbnail","hentry"],"yoast_head":"<!-- This site is optimized with the Yoast SEO Premium plugin v22.5 (Yoast SEO v24.4) - https:\/\/yoast.com\/wordpress\/plugins\/seo\/ -->\n<title>Rigid fiber optical rods - Schmidt-Bender Hung\u00e1ria<\/title>\n<meta name=\"robots\" content=\"index, follow, max-snippet:-1, max-image-preview:large, max-video-preview:-1\" \/>\n<link rel=\"canonical\" href=\"https:\/\/schmidt-bender.hu\/en\/fiber-optics\/termekeink\/merev-rudak\/\" \/>\n<meta property=\"og:locale\" content=\"en_US\" \/>\n<meta property=\"og:type\" content=\"article\" \/>\n<meta property=\"og:title\" content=\"Rigid fiber optical rods\" \/>\n<meta property=\"og:description\" content=\"The rigid fiber optical rods have two fundamental versions: Core\/clad rods (with single core):The light conducting core has relatively large refractive index. There is only one cladding on the core which has lower refractive index. This construction benefits from its simplicity Multifiber rods: The outer cladding does not take part in light guiding. Inside this [&hellip;]\" \/>\n<meta property=\"og:url\" content=\"https:\/\/schmidt-bender.hu\/en\/fiber-optics\/termekeink\/merev-rudak\/\" \/>\n<meta property=\"og:site_name\" content=\"Schmidt-Bender Hung\u00e1ria\" \/>\n<meta property=\"article:modified_time\" content=\"2024-10-03T11:37:24+00:00\" \/>\n<meta property=\"og:image\" content=\"https:\/\/schmidt-bender.hu\/wp-content\/uploads\/2024\/05\/szaloptika_kiemelt.png\" \/>\n\t<meta property=\"og:image:width\" content=\"973\" \/>\n\t<meta property=\"og:image:height\" content=\"144\" \/>\n\t<meta property=\"og:image:type\" content=\"image\/png\" \/>\n<meta name=\"twitter:card\" content=\"summary_large_image\" \/>\n<meta name=\"twitter:label1\" content=\"Est. reading time\" \/>\n\t<meta name=\"twitter:data1\" content=\"2 minutes\" \/>\n<script type=\"application\/ld+json\" class=\"yoast-schema-graph\">{\"@context\":\"https:\/\/schema.org\",\"@graph\":[{\"@type\":\"WebPage\",\"@id\":\"https:\/\/schmidt-bender.hu\/en\/fiber-optics\/termekeink\/merev-rudak\/\",\"url\":\"https:\/\/schmidt-bender.hu\/en\/fiber-optics\/termekeink\/merev-rudak\/\",\"name\":\"Rigid fiber optical rods - Schmidt-Bender Hung\u00e1ria\",\"isPartOf\":{\"@id\":\"https:\/\/schmidt-bender.hu\/#website\"},\"primaryImageOfPage\":{\"@id\":\"https:\/\/schmidt-bender.hu\/en\/fiber-optics\/termekeink\/merev-rudak\/#primaryimage\"},\"image\":{\"@id\":\"https:\/\/schmidt-bender.hu\/en\/fiber-optics\/termekeink\/merev-rudak\/#primaryimage\"},\"thumbnailUrl\":\"https:\/\/schmidt-bender.hu\/wp-content\/uploads\/2024\/05\/szaloptika_kiemelt.png\",\"datePublished\":\"2024-03-19T11:34:47+00:00\",\"dateModified\":\"2024-10-03T11:37:24+00:00\",\"breadcrumb\":{\"@id\":\"https:\/\/schmidt-bender.hu\/en\/fiber-optics\/termekeink\/merev-rudak\/#breadcrumb\"},\"inLanguage\":\"en-US\",\"potentialAction\":[{\"@type\":\"ReadAction\",\"target\":[\"https:\/\/schmidt-bender.hu\/en\/fiber-optics\/termekeink\/merev-rudak\/\"]}]},{\"@type\":\"ImageObject\",\"inLanguage\":\"en-US\",\"@id\":\"https:\/\/schmidt-bender.hu\/en\/fiber-optics\/termekeink\/merev-rudak\/#primaryimage\",\"url\":\"https:\/\/schmidt-bender.hu\/wp-content\/uploads\/2024\/05\/szaloptika_kiemelt.png\",\"contentUrl\":\"https:\/\/schmidt-bender.hu\/wp-content\/uploads\/2024\/05\/szaloptika_kiemelt.png\",\"width\":973,\"height\":144,\"caption\":\"Schmidt Bender Hung\u00e1ria Sz\u00e1loptika\"},{\"@type\":\"BreadcrumbList\",\"@id\":\"https:\/\/schmidt-bender.hu\/en\/fiber-optics\/termekeink\/merev-rudak\/#breadcrumb\",\"itemListElement\":[{\"@type\":\"ListItem\",\"position\":1,\"name\":\"Home\",\"item\":\"https:\/\/schmidt-bender.hu\/szaloptika\/\"},{\"@type\":\"ListItem\",\"position\":2,\"name\":\"Term\u00e9keink\",\"item\":\"https:\/\/schmidt-bender.hu\/en\/fiber-optics\/termekeink\/\"},{\"@type\":\"ListItem\",\"position\":3,\"name\":\"Rigid fiber optical rods\"}]},{\"@type\":\"WebSite\",\"@id\":\"https:\/\/schmidt-bender.hu\/#website\",\"url\":\"https:\/\/schmidt-bender.hu\/\",\"name\":\"Schmidt-Bender Hung\u00e1ria\",\"description\":\"C\u00e9lt\u00e1vcs\u00f6vek, optika \u00e9s sz\u00e1loptika\",\"publisher\":{\"@id\":\"https:\/\/schmidt-bender.hu\/#organization\"},\"potentialAction\":[{\"@type\":\"SearchAction\",\"target\":{\"@type\":\"EntryPoint\",\"urlTemplate\":\"https:\/\/schmidt-bender.hu\/?s={search_term_string}\"},\"query-input\":{\"@type\":\"PropertyValueSpecification\",\"valueRequired\":true,\"valueName\":\"search_term_string\"}}],\"inLanguage\":\"en-US\"},{\"@type\":\"Organization\",\"@id\":\"https:\/\/schmidt-bender.hu\/#organization\",\"name\":\"Schmidt-Bender Hung\u00e1ria\",\"url\":\"https:\/\/schmidt-bender.hu\/\",\"logo\":{\"@type\":\"ImageObject\",\"inLanguage\":\"en-US\",\"@id\":\"https:\/\/schmidt-bender.hu\/#\/schema\/logo\/image\/\",\"url\":\"https:\/\/schmidt-bender.hu\/wp-content\/uploads\/2024\/03\/header_logo.png\",\"contentUrl\":\"https:\/\/schmidt-bender.hu\/wp-content\/uploads\/2024\/03\/header_logo.png\",\"width\":202,\"height\":41,\"caption\":\"Schmidt-Bender Hung\u00e1ria\"},\"image\":{\"@id\":\"https:\/\/schmidt-bender.hu\/#\/schema\/logo\/image\/\"}}]}<\/script>\n<!-- \/ Yoast SEO Premium plugin. -->","yoast_head_json":{"title":"Rigid fiber optical rods - Schmidt-Bender Hung\u00e1ria","robots":{"index":"index","follow":"follow","max-snippet":"max-snippet:-1","max-image-preview":"max-image-preview:large","max-video-preview":"max-video-preview:-1"},"canonical":"https:\/\/schmidt-bender.hu\/en\/fiber-optics\/termekeink\/merev-rudak\/","og_locale":"en_US","og_type":"article","og_title":"Rigid fiber optical rods","og_description":"The rigid fiber optical rods have two fundamental versions: Core\/clad rods (with single core):The light conducting core has relatively large refractive index. There is only one cladding on the core which has lower refractive index. This construction benefits from its simplicity Multifiber rods: The outer cladding does not take part in light guiding. Inside this [&hellip;]","og_url":"https:\/\/schmidt-bender.hu\/en\/fiber-optics\/termekeink\/merev-rudak\/","og_site_name":"Schmidt-Bender Hung\u00e1ria","article_modified_time":"2024-10-03T11:37:24+00:00","og_image":[{"width":973,"height":144,"url":"https:\/\/schmidt-bender.hu\/wp-content\/uploads\/2024\/05\/szaloptika_kiemelt.png","type":"image\/png"}],"twitter_card":"summary_large_image","twitter_misc":{"Est. reading time":"2 minutes"},"schema":{"@context":"https:\/\/schema.org","@graph":[{"@type":"WebPage","@id":"https:\/\/schmidt-bender.hu\/en\/fiber-optics\/termekeink\/merev-rudak\/","url":"https:\/\/schmidt-bender.hu\/en\/fiber-optics\/termekeink\/merev-rudak\/","name":"Rigid fiber optical rods - Schmidt-Bender Hung\u00e1ria","isPartOf":{"@id":"https:\/\/schmidt-bender.hu\/#website"},"primaryImageOfPage":{"@id":"https:\/\/schmidt-bender.hu\/en\/fiber-optics\/termekeink\/merev-rudak\/#primaryimage"},"image":{"@id":"https:\/\/schmidt-bender.hu\/en\/fiber-optics\/termekeink\/merev-rudak\/#primaryimage"},"thumbnailUrl":"https:\/\/schmidt-bender.hu\/wp-content\/uploads\/2024\/05\/szaloptika_kiemelt.png","datePublished":"2024-03-19T11:34:47+00:00","dateModified":"2024-10-03T11:37:24+00:00","breadcrumb":{"@id":"https:\/\/schmidt-bender.hu\/en\/fiber-optics\/termekeink\/merev-rudak\/#breadcrumb"},"inLanguage":"en-US","potentialAction":[{"@type":"ReadAction","target":["https:\/\/schmidt-bender.hu\/en\/fiber-optics\/termekeink\/merev-rudak\/"]}]},{"@type":"ImageObject","inLanguage":"en-US","@id":"https:\/\/schmidt-bender.hu\/en\/fiber-optics\/termekeink\/merev-rudak\/#primaryimage","url":"https:\/\/schmidt-bender.hu\/wp-content\/uploads\/2024\/05\/szaloptika_kiemelt.png","contentUrl":"https:\/\/schmidt-bender.hu\/wp-content\/uploads\/2024\/05\/szaloptika_kiemelt.png","width":973,"height":144,"caption":"Schmidt Bender Hung\u00e1ria Sz\u00e1loptika"},{"@type":"BreadcrumbList","@id":"https:\/\/schmidt-bender.hu\/en\/fiber-optics\/termekeink\/merev-rudak\/#breadcrumb","itemListElement":[{"@type":"ListItem","position":1,"name":"Home","item":"https:\/\/schmidt-bender.hu\/szaloptika\/"},{"@type":"ListItem","position":2,"name":"Term\u00e9keink","item":"https:\/\/schmidt-bender.hu\/en\/fiber-optics\/termekeink\/"},{"@type":"ListItem","position":3,"name":"Rigid fiber optical rods"}]},{"@type":"WebSite","@id":"https:\/\/schmidt-bender.hu\/#website","url":"https:\/\/schmidt-bender.hu\/","name":"Schmidt-Bender Hung\u00e1ria","description":"C\u00e9lt\u00e1vcs\u00f6vek, optika \u00e9s sz\u00e1loptika","publisher":{"@id":"https:\/\/schmidt-bender.hu\/#organization"},"potentialAction":[{"@type":"SearchAction","target":{"@type":"EntryPoint","urlTemplate":"https:\/\/schmidt-bender.hu\/?s={search_term_string}"},"query-input":{"@type":"PropertyValueSpecification","valueRequired":true,"valueName":"search_term_string"}}],"inLanguage":"en-US"},{"@type":"Organization","@id":"https:\/\/schmidt-bender.hu\/#organization","name":"Schmidt-Bender Hung\u00e1ria","url":"https:\/\/schmidt-bender.hu\/","logo":{"@type":"ImageObject","inLanguage":"en-US","@id":"https:\/\/schmidt-bender.hu\/#\/schema\/logo\/image\/","url":"https:\/\/schmidt-bender.hu\/wp-content\/uploads\/2024\/03\/header_logo.png","contentUrl":"https:\/\/schmidt-bender.hu\/wp-content\/uploads\/2024\/03\/header_logo.png","width":202,"height":41,"caption":"Schmidt-Bender Hung\u00e1ria"},"image":{"@id":"https:\/\/schmidt-bender.hu\/#\/schema\/logo\/image\/"}}]}},"_links":{"self":[{"href":"https:\/\/schmidt-bender.hu\/en\/wp-json\/wp\/v2\/pages\/1826","targetHints":{"allow":["GET"]}}],"collection":[{"href":"https:\/\/schmidt-bender.hu\/en\/wp-json\/wp\/v2\/pages"}],"about":[{"href":"https:\/\/schmidt-bender.hu\/en\/wp-json\/wp\/v2\/types\/page"}],"author":[{"embeddable":true,"href":"https:\/\/schmidt-bender.hu\/en\/wp-json\/wp\/v2\/users\/2"}],"replies":[{"embeddable":true,"href":"https:\/\/schmidt-bender.hu\/en\/wp-json\/wp\/v2\/comments?post=1826"}],"version-history":[{"count":8,"href":"https:\/\/schmidt-bender.hu\/en\/wp-json\/wp\/v2\/pages\/1826\/revisions"}],"predecessor-version":[{"id":2395,"href":"https:\/\/schmidt-bender.hu\/en\/wp-json\/wp\/v2\/pages\/1826\/revisions\/2395"}],"up":[{"embeddable":true,"href":"https:\/\/schmidt-bender.hu\/en\/wp-json\/wp\/v2\/pages\/1824"}],"wp:featuredmedia":[{"embeddable":true,"href":"https:\/\/schmidt-bender.hu\/en\/wp-json\/wp\/v2\/media\/1139"}],"wp:attachment":[{"href":"https:\/\/schmidt-bender.hu\/en\/wp-json\/wp\/v2\/media?parent=1826"}],"curies":[{"name":"wp","href":"https:\/\/api.w.org\/{rel}","templated":true}]}}