{"id":1825,"date":"2024-03-19T11:43:22","date_gmt":"2024-03-19T11:43:22","guid":{"rendered":"https:\/\/schmidt-bender.hu\/szaloptika\/termekeink\/hajlekony-szalak\/"},"modified":"2024-10-03T11:41:20","modified_gmt":"2024-10-03T11:41:20","slug":"hajlekony-szalak","status":"publish","type":"page","link":"https:\/\/schmidt-bender.hu\/en\/fiber-optics\/termekeink\/hajlekony-szalak\/","title":{"rendered":"Flexible bundles"},"content":{"rendered":"\t\t<div data-elementor-type=\"wp-page\" data-elementor-id=\"1825\" class=\"elementor elementor-1825 elementor-173\" data-elementor-post-type=\"page\">\n\t\t\t\t<div class=\"elementor-element elementor-element-f2e1c13 e-flex e-con-boxed e-con e-parent\" data-id=\"f2e1c13\" data-element_type=\"container\">\n\t\t\t\t\t<div class=\"e-con-inner\">\n\t\t\t\t<div class=\"elementor-element elementor-element-8cf5778 elementor-widget elementor-widget-text-editor\" data-id=\"8cf5778\" data-element_type=\"widget\" data-widget_type=\"text-editor.default\">\n\t\t\t\t<div class=\"elementor-widget-container\">\n\t\t\t\t\t\t\t\t\tThe advantage of these glued fiber bundles is the flexibility, which is making them able to conduit light to relatively large distances and to narrow places which are hard to reach. \t\t\t\t\t\t\t\t<\/div>\n\t\t\t\t<\/div>\n\t\t\t\t<div class=\"elementor-element elementor-element-6100d24 elementor-widget-divider--view-line elementor-widget elementor-widget-divider\" data-id=\"6100d24\" data-element_type=\"widget\" data-widget_type=\"divider.default\">\n\t\t\t\t<div class=\"elementor-widget-container\">\n\t\t\t\t\t\t\t<div class=\"elementor-divider\">\n\t\t\t<span class=\"elementor-divider-separator\">\n\t\t\t\t\t\t<\/span>\n\t\t<\/div>\n\t\t\t\t\t\t<\/div>\n\t\t\t\t<\/div>\n\t\t\t\t\t<\/div>\n\t\t\t\t<\/div>\n\t\t<div class=\"elementor-element elementor-element-a64988f e-flex e-con-boxed e-con e-parent\" data-id=\"a64988f\" data-element_type=\"container\">\n\t\t\t\t\t<div class=\"e-con-inner\">\n\t\t\t\t<div class=\"elementor-element elementor-element-8c84e99 elementor-widget elementor-widget-text-editor\" data-id=\"8c84e99\" data-element_type=\"widget\" data-widget_type=\"text-editor.default\">\n\t\t\t\t<div class=\"elementor-widget-container\">\n\t\t\t\t\t\t\t\t\t<p><strong>Fiber bundles for microscopes<\/strong><\/p>\n<p>We are producing light guides for almost any kind of microscope. Our product range includes light guides with the standard dimensions in multiple versions:<br \/>-single goosenecks,<br \/>-double or multiple goosenecks,<br \/>-fully flexible fiber bundles,<br \/>-etc.<\/p>\n\t\t\t\t\t\t\t\t<\/div>\n\t\t\t\t<\/div>\n\t\t\t\t\t<\/div>\n\t\t\t\t<\/div>\n\t\t<div class=\"elementor-element elementor-element-25d2a1b e-flex e-con-boxed e-con e-parent\" data-id=\"25d2a1b\" data-element_type=\"container\">\n\t\t\t\t\t<div class=\"e-con-inner\">\n\t\t\t\t<div class=\"elementor-element elementor-element-77c05c4 elementor-widget elementor-widget-text-editor\" data-id=\"77c05c4\" data-element_type=\"widget\" data-widget_type=\"text-editor.default\">\n\t\t\t\t<div class=\"elementor-widget-container\">\n\t\t\t\t\t\t\t\t\t<p><strong>Fiber bundles for specific illuminators<\/strong><\/p>\n<p>Our product range includes light guides for various illuminators. These are available with multiple branches, therefore the light coming from a single light source can be divided, or the light of multiple light sources can be combined.<\/p>\n\t\t\t\t\t\t\t\t<\/div>\n\t\t\t\t<\/div>\n\t\t\t\t\t<\/div>\n\t\t\t\t<\/div>\n\t\t<div class=\"elementor-element elementor-element-67dfca0 e-flex e-con-boxed e-con e-parent\" data-id=\"67dfca0\" data-element_type=\"container\">\n\t\t\t\t\t<div class=\"e-con-inner\">\n\t\t\t\t<div class=\"elementor-element elementor-element-017ce2e elementor-widget elementor-widget-text-editor\" data-id=\"017ce2e\" data-element_type=\"widget\" data-widget_type=\"text-editor.default\">\n\t\t\t\t<div class=\"elementor-widget-container\">\n\t\t\t\t\t\t\t\t\t<p><strong>Cross section transformers<\/strong><\/p>\n<p>These light guides are use when different shaped cross sections are needed at the entering and exiting side.<\/p>\n\t\t\t\t\t\t\t\t<\/div>\n\t\t\t\t<\/div>\n\t\t\t\t\t<\/div>\n\t\t\t\t<\/div>\n\t\t<div class=\"elementor-element elementor-element-cc51c52 e-flex e-con-boxed e-con e-parent\" data-id=\"cc51c52\" data-element_type=\"container\">\n\t\t\t\t\t<div class=\"e-con-inner\">\n\t\t\t\t<div class=\"elementor-element elementor-element-ff493ad elementor-widget elementor-widget-text-editor\" data-id=\"ff493ad\" data-element_type=\"widget\" data-widget_type=\"text-editor.default\">\n\t\t\t\t<div class=\"elementor-widget-container\">\n\t\t\t\t\t\t\t\t\t<p><strong>Homogenizers<\/strong><\/p>\n<p>These types of light guides are containing mixed fibers and are used to homogenize the light coming from different type or even from multiply sources.<\/p>\n\t\t\t\t\t\t\t\t<\/div>\n\t\t\t\t<\/div>\n\t\t\t\t\t<\/div>\n\t\t\t\t<\/div>\n\t\t<div class=\"elementor-element elementor-element-d7c3be5 e-flex e-con-boxed e-con e-parent\" data-id=\"d7c3be5\" data-element_type=\"container\">\n\t\t\t\t\t<div class=\"e-con-inner\">\n\t\t\t\t<div class=\"elementor-element elementor-element-2cf82df elementor-widget elementor-widget-text-editor\" data-id=\"2cf82df\" data-element_type=\"widget\" data-widget_type=\"text-editor.default\">\n\t\t\t\t<div class=\"elementor-widget-container\">\n\t\t\t\t\t\t\t\t\t<p><strong>Sorted fiber bundle<\/strong><\/p>\n<p>We can arrange the fibers for arbitrary to satisfy custom needs.<\/p>\n\t\t\t\t\t\t\t\t<\/div>\n\t\t\t\t<\/div>\n\t\t\t\t\t<\/div>\n\t\t\t\t<\/div>\n\t\t<div class=\"elementor-element elementor-element-fb2cb4d image-box-img e-flex e-con-boxed e-con e-parent\" data-id=\"fb2cb4d\" data-element_type=\"container\">\n\t\t\t\t\t<div class=\"e-con-inner\">\n\t\t<div class=\"elementor-element elementor-element-bdf5d3b e-con-full e-flex e-con e-child\" data-id=\"bdf5d3b\" data-element_type=\"container\">\n\t\t\t\t<div class=\"elementor-element elementor-element-08be2c1 elementor-position-top elementor-widget elementor-widget-image-box\" data-id=\"08be2c1\" data-element_type=\"widget\" data-widget_type=\"image-box.default\">\n\t\t\t\t<div class=\"elementor-widget-container\">\n\t\t\t\t\t<div class=\"elementor-image-box-wrapper\"><figure class=\"elementor-image-box-img\"><img fetchpriority=\"high\" decoding=\"async\" width=\"768\" height=\"512\" src=\"https:\/\/schmidt-bender.hu\/wp-content\/uploads\/2024\/05\/VEVO-SPECIFIKUS-ATMEROK-768x512.png\" class=\"attachment-medium_large size-medium_large wp-image-1646\" alt=\"\" srcset=\"https:\/\/schmidt-bender.hu\/wp-content\/uploads\/2024\/05\/VEVO-SPECIFIKUS-ATMEROK-768x512.png 768w, https:\/\/schmidt-bender.hu\/wp-content\/uploads\/2024\/05\/VEVO-SPECIFIKUS-ATMEROK-300x200.png 300w, https:\/\/schmidt-bender.hu\/wp-content\/uploads\/2024\/05\/VEVO-SPECIFIKUS-ATMEROK-1024x683.png 1024w, https:\/\/schmidt-bender.hu\/wp-content\/uploads\/2024\/05\/VEVO-SPECIFIKUS-ATMEROK-1536x1024.png 1536w, https:\/\/schmidt-bender.hu\/wp-content\/uploads\/2024\/05\/VEVO-SPECIFIKUS-ATMEROK.png 1920w\" sizes=\"(max-width: 768px) 100vw, 768px\" \/><\/figure><div class=\"elementor-image-box-content\"><h3 class=\"elementor-image-box-title\">CUSTOMER SPECIFIC DIAMETERS<\/h3><p class=\"elementor-image-box-description\">\n<\/p><\/div><\/div>\t\t\t\t<\/div>\n\t\t\t\t<\/div>\n\t\t\t\t<\/div>\n\t\t<div class=\"elementor-element elementor-element-0804657 e-con-full e-flex e-con e-child\" data-id=\"0804657\" data-element_type=\"container\">\n\t\t\t\t<div class=\"elementor-element elementor-element-606f22c elementor-position-top elementor-widget elementor-widget-image-box\" data-id=\"606f22c\" data-element_type=\"widget\" data-widget_type=\"image-box.default\">\n\t\t\t\t<div class=\"elementor-widget-container\">\n\t\t\t\t\t<div class=\"elementor-image-box-wrapper\"><figure class=\"elementor-image-box-img\"><img decoding=\"async\" width=\"768\" height=\"512\" data-src=\"https:\/\/schmidt-bender.hu\/wp-content\/uploads\/2024\/10\/KERESZTMETSZET-ATALAKITO-768x512.png\" class=\"attachment-medium_large size-medium_large wp-image-2352 lazyload\" alt=\"\" data-srcset=\"https:\/\/schmidt-bender.hu\/wp-content\/uploads\/2024\/10\/KERESZTMETSZET-ATALAKITO-768x512.png 768w, https:\/\/schmidt-bender.hu\/wp-content\/uploads\/2024\/10\/KERESZTMETSZET-ATALAKITO-300x200.png 300w, https:\/\/schmidt-bender.hu\/wp-content\/uploads\/2024\/10\/KERESZTMETSZET-ATALAKITO-1024x683.png 1024w, https:\/\/schmidt-bender.hu\/wp-content\/uploads\/2024\/10\/KERESZTMETSZET-ATALAKITO-1536x1024.png 1536w, https:\/\/schmidt-bender.hu\/wp-content\/uploads\/2024\/10\/KERESZTMETSZET-ATALAKITO.png 1920w\" data-sizes=\"(max-width: 768px) 100vw, 768px\" src=\"data:image\/gif;base64,R0lGODlhAQABAAAAACH5BAEKAAEALAAAAAABAAEAAAICTAEAOw==\" style=\"--smush-placeholder-width: 768px; --smush-placeholder-aspect-ratio: 768\/512;\" \/><\/figure><div class=\"elementor-image-box-content\"><h3 class=\"elementor-image-box-title\">Cross section transformer<\/h3><p class=\"elementor-image-box-description\">\n<\/p><\/div><\/div>\t\t\t\t<\/div>\n\t\t\t\t<\/div>\n\t\t\t\t<\/div>\n\t\t<div class=\"elementor-element elementor-element-99ad59e e-con-full e-flex e-con e-child\" data-id=\"99ad59e\" data-element_type=\"container\">\n\t\t\t\t<div class=\"elementor-element elementor-element-fe7c940 elementor-position-top elementor-widget elementor-widget-image-box\" data-id=\"fe7c940\" data-element_type=\"widget\" data-widget_type=\"image-box.default\">\n\t\t\t\t<div class=\"elementor-widget-container\">\n\t\t\t\t\t<div class=\"elementor-image-box-wrapper\"><figure class=\"elementor-image-box-img\"><img decoding=\"async\" width=\"768\" height=\"512\" data-src=\"https:\/\/schmidt-bender.hu\/wp-content\/uploads\/2024\/10\/HAJLEKONY-SZAL-768x512.png\" class=\"attachment-medium_large size-medium_large wp-image-2354 lazyload\" alt=\"\" data-srcset=\"https:\/\/schmidt-bender.hu\/wp-content\/uploads\/2024\/10\/HAJLEKONY-SZAL-768x512.png 768w, https:\/\/schmidt-bender.hu\/wp-content\/uploads\/2024\/10\/HAJLEKONY-SZAL-300x200.png 300w, https:\/\/schmidt-bender.hu\/wp-content\/uploads\/2024\/10\/HAJLEKONY-SZAL-1024x683.png 1024w, https:\/\/schmidt-bender.hu\/wp-content\/uploads\/2024\/10\/HAJLEKONY-SZAL-1536x1024.png 1536w, https:\/\/schmidt-bender.hu\/wp-content\/uploads\/2024\/10\/HAJLEKONY-SZAL.png 1920w\" data-sizes=\"(max-width: 768px) 100vw, 768px\" src=\"data:image\/gif;base64,R0lGODlhAQABAAAAACH5BAEKAAEALAAAAAABAAEAAAICTAEAOw==\" style=\"--smush-placeholder-width: 768px; --smush-placeholder-aspect-ratio: 768\/512;\" \/><\/figure><div class=\"elementor-image-box-content\"><h3 class=\"elementor-image-box-title\">FLEXIBLE BUNDLE<\/h3><p class=\"elementor-image-box-description\">\n<\/p><\/div><\/div>\t\t\t\t<\/div>\n\t\t\t\t<\/div>\n\t\t\t\t<\/div>\n\t\t<div class=\"elementor-element elementor-element-8753dbc e-con-full e-flex e-con e-child\" data-id=\"8753dbc\" data-element_type=\"container\">\n\t\t\t\t<div class=\"elementor-element elementor-element-73e2e01 elementor-position-top elementor-widget elementor-widget-image-box\" data-id=\"73e2e01\" data-element_type=\"widget\" data-widget_type=\"image-box.default\">\n\t\t\t\t<div class=\"elementor-widget-container\">\n\t\t\t\t\t<div class=\"elementor-image-box-wrapper\"><figure class=\"elementor-image-box-img\"><img decoding=\"async\" width=\"768\" height=\"529\" data-src=\"https:\/\/schmidt-bender.hu\/wp-content\/uploads\/2024\/10\/SZABAD-SZALAK-768x529.png\" class=\"attachment-medium_large size-medium_large wp-image-2356 lazyload\" alt=\"\" data-srcset=\"https:\/\/schmidt-bender.hu\/wp-content\/uploads\/2024\/10\/SZABAD-SZALAK-768x529.png 768w, https:\/\/schmidt-bender.hu\/wp-content\/uploads\/2024\/10\/SZABAD-SZALAK-300x207.png 300w, https:\/\/schmidt-bender.hu\/wp-content\/uploads\/2024\/10\/SZABAD-SZALAK-1024x706.png 1024w, https:\/\/schmidt-bender.hu\/wp-content\/uploads\/2024\/10\/SZABAD-SZALAK-1536x1058.png 1536w, https:\/\/schmidt-bender.hu\/wp-content\/uploads\/2024\/10\/SZABAD-SZALAK.png 1920w\" data-sizes=\"(max-width: 768px) 100vw, 768px\" src=\"data:image\/gif;base64,R0lGODlhAQABAAAAACH5BAEKAAEALAAAAAABAAEAAAICTAEAOw==\" style=\"--smush-placeholder-width: 768px; --smush-placeholder-aspect-ratio: 768\/529;\" \/><\/figure><div class=\"elementor-image-box-content\"><h3 class=\"elementor-image-box-title\">FREE BUNDLES<\/h3><p class=\"elementor-image-box-description\">\n<\/p><\/div><\/div>\t\t\t\t<\/div>\n\t\t\t\t<\/div>\n\t\t\t\t<\/div>\n\t\t\t\t\t<\/div>\n\t\t\t\t<\/div>\n\t\t\t\t<\/div>\n\t\t","protected":false},"excerpt":{"rendered":"<p>The advantage of these glued fiber bundles is the flexibility, which is making them able to conduit light to relatively large distances and to narrow places which are hard to reach. Fiber bundles for microscopes We are producing light guides for almost any kind of microscope. Our product range includes light guides with the standard [&hellip;]<\/p>\n","protected":false},"author":2,"featured_media":1139,"parent":1824,"menu_order":0,"comment_status":"closed","ping_status":"closed","template":"","meta":{"footnotes":""},"class_list":["post-1825","page","type-page","status-publish","has-post-thumbnail","hentry"],"yoast_head":"<!-- This site is optimized with the Yoast SEO Premium plugin v22.5 (Yoast SEO v24.4) - https:\/\/yoast.com\/wordpress\/plugins\/seo\/ -->\n<title>Flexible bundles - Schmidt-Bender Hung\u00e1ria<\/title>\n<meta name=\"robots\" content=\"index, follow, max-snippet:-1, max-image-preview:large, max-video-preview:-1\" \/>\n<link rel=\"canonical\" href=\"https:\/\/schmidt-bender.hu\/en\/fiber-optics\/termekeink\/hajlekony-szalak\/\" \/>\n<meta property=\"og:locale\" content=\"en_US\" \/>\n<meta property=\"og:type\" content=\"article\" \/>\n<meta property=\"og:title\" content=\"Flexible bundles\" \/>\n<meta property=\"og:description\" content=\"The advantage of these glued fiber bundles is the flexibility, which is making them able to conduit light to relatively large distances and to narrow places which are hard to reach. Fiber bundles for microscopes We are producing light guides for almost any kind of microscope. Our product range includes light guides with the standard [&hellip;]\" \/>\n<meta property=\"og:url\" content=\"https:\/\/schmidt-bender.hu\/en\/fiber-optics\/termekeink\/hajlekony-szalak\/\" \/>\n<meta property=\"og:site_name\" content=\"Schmidt-Bender Hung\u00e1ria\" \/>\n<meta property=\"article:modified_time\" content=\"2024-10-03T11:41:20+00:00\" \/>\n<meta property=\"og:image\" content=\"https:\/\/schmidt-bender.hu\/wp-content\/uploads\/2024\/05\/szaloptika_kiemelt.png\" \/>\n\t<meta property=\"og:image:width\" content=\"973\" \/>\n\t<meta property=\"og:image:height\" content=\"144\" \/>\n\t<meta property=\"og:image:type\" content=\"image\/png\" \/>\n<meta name=\"twitter:card\" content=\"summary_large_image\" \/>\n<meta name=\"twitter:label1\" content=\"Est. reading time\" \/>\n\t<meta name=\"twitter:data1\" content=\"2 minutes\" \/>\n<script type=\"application\/ld+json\" class=\"yoast-schema-graph\">{\"@context\":\"https:\/\/schema.org\",\"@graph\":[{\"@type\":\"WebPage\",\"@id\":\"https:\/\/schmidt-bender.hu\/en\/fiber-optics\/termekeink\/hajlekony-szalak\/\",\"url\":\"https:\/\/schmidt-bender.hu\/en\/fiber-optics\/termekeink\/hajlekony-szalak\/\",\"name\":\"Flexible bundles - Schmidt-Bender Hung\u00e1ria\",\"isPartOf\":{\"@id\":\"https:\/\/schmidt-bender.hu\/#website\"},\"primaryImageOfPage\":{\"@id\":\"https:\/\/schmidt-bender.hu\/en\/fiber-optics\/termekeink\/hajlekony-szalak\/#primaryimage\"},\"image\":{\"@id\":\"https:\/\/schmidt-bender.hu\/en\/fiber-optics\/termekeink\/hajlekony-szalak\/#primaryimage\"},\"thumbnailUrl\":\"https:\/\/schmidt-bender.hu\/wp-content\/uploads\/2024\/05\/szaloptika_kiemelt.png\",\"datePublished\":\"2024-03-19T11:43:22+00:00\",\"dateModified\":\"2024-10-03T11:41:20+00:00\",\"breadcrumb\":{\"@id\":\"https:\/\/schmidt-bender.hu\/en\/fiber-optics\/termekeink\/hajlekony-szalak\/#breadcrumb\"},\"inLanguage\":\"en-US\",\"potentialAction\":[{\"@type\":\"ReadAction\",\"target\":[\"https:\/\/schmidt-bender.hu\/en\/fiber-optics\/termekeink\/hajlekony-szalak\/\"]}]},{\"@type\":\"ImageObject\",\"inLanguage\":\"en-US\",\"@id\":\"https:\/\/schmidt-bender.hu\/en\/fiber-optics\/termekeink\/hajlekony-szalak\/#primaryimage\",\"url\":\"https:\/\/schmidt-bender.hu\/wp-content\/uploads\/2024\/05\/szaloptika_kiemelt.png\",\"contentUrl\":\"https:\/\/schmidt-bender.hu\/wp-content\/uploads\/2024\/05\/szaloptika_kiemelt.png\",\"width\":973,\"height\":144,\"caption\":\"Schmidt Bender Hung\u00e1ria Sz\u00e1loptika\"},{\"@type\":\"BreadcrumbList\",\"@id\":\"https:\/\/schmidt-bender.hu\/en\/fiber-optics\/termekeink\/hajlekony-szalak\/#breadcrumb\",\"itemListElement\":[{\"@type\":\"ListItem\",\"position\":1,\"name\":\"Home\",\"item\":\"https:\/\/schmidt-bender.hu\/szaloptika\/\"},{\"@type\":\"ListItem\",\"position\":2,\"name\":\"Term\u00e9keink\",\"item\":\"https:\/\/schmidt-bender.hu\/en\/fiber-optics\/termekeink\/\"},{\"@type\":\"ListItem\",\"position\":3,\"name\":\"Flexible bundles\"}]},{\"@type\":\"WebSite\",\"@id\":\"https:\/\/schmidt-bender.hu\/#website\",\"url\":\"https:\/\/schmidt-bender.hu\/\",\"name\":\"Schmidt-Bender Hung\u00e1ria\",\"description\":\"C\u00e9lt\u00e1vcs\u00f6vek, optika \u00e9s sz\u00e1loptika\",\"publisher\":{\"@id\":\"https:\/\/schmidt-bender.hu\/#organization\"},\"potentialAction\":[{\"@type\":\"SearchAction\",\"target\":{\"@type\":\"EntryPoint\",\"urlTemplate\":\"https:\/\/schmidt-bender.hu\/?s={search_term_string}\"},\"query-input\":{\"@type\":\"PropertyValueSpecification\",\"valueRequired\":true,\"valueName\":\"search_term_string\"}}],\"inLanguage\":\"en-US\"},{\"@type\":\"Organization\",\"@id\":\"https:\/\/schmidt-bender.hu\/#organization\",\"name\":\"Schmidt-Bender Hung\u00e1ria\",\"url\":\"https:\/\/schmidt-bender.hu\/\",\"logo\":{\"@type\":\"ImageObject\",\"inLanguage\":\"en-US\",\"@id\":\"https:\/\/schmidt-bender.hu\/#\/schema\/logo\/image\/\",\"url\":\"https:\/\/schmidt-bender.hu\/wp-content\/uploads\/2024\/03\/header_logo.png\",\"contentUrl\":\"https:\/\/schmidt-bender.hu\/wp-content\/uploads\/2024\/03\/header_logo.png\",\"width\":202,\"height\":41,\"caption\":\"Schmidt-Bender Hung\u00e1ria\"},\"image\":{\"@id\":\"https:\/\/schmidt-bender.hu\/#\/schema\/logo\/image\/\"}}]}<\/script>\n<!-- \/ Yoast SEO Premium plugin. -->","yoast_head_json":{"title":"Flexible bundles - Schmidt-Bender Hung\u00e1ria","robots":{"index":"index","follow":"follow","max-snippet":"max-snippet:-1","max-image-preview":"max-image-preview:large","max-video-preview":"max-video-preview:-1"},"canonical":"https:\/\/schmidt-bender.hu\/en\/fiber-optics\/termekeink\/hajlekony-szalak\/","og_locale":"en_US","og_type":"article","og_title":"Flexible bundles","og_description":"The advantage of these glued fiber bundles is the flexibility, which is making them able to conduit light to relatively large distances and to narrow places which are hard to reach. Fiber bundles for microscopes We are producing light guides for almost any kind of microscope. Our product range includes light guides with the standard [&hellip;]","og_url":"https:\/\/schmidt-bender.hu\/en\/fiber-optics\/termekeink\/hajlekony-szalak\/","og_site_name":"Schmidt-Bender Hung\u00e1ria","article_modified_time":"2024-10-03T11:41:20+00:00","og_image":[{"width":973,"height":144,"url":"https:\/\/schmidt-bender.hu\/wp-content\/uploads\/2024\/05\/szaloptika_kiemelt.png","type":"image\/png"}],"twitter_card":"summary_large_image","twitter_misc":{"Est. reading time":"2 minutes"},"schema":{"@context":"https:\/\/schema.org","@graph":[{"@type":"WebPage","@id":"https:\/\/schmidt-bender.hu\/en\/fiber-optics\/termekeink\/hajlekony-szalak\/","url":"https:\/\/schmidt-bender.hu\/en\/fiber-optics\/termekeink\/hajlekony-szalak\/","name":"Flexible bundles - Schmidt-Bender Hung\u00e1ria","isPartOf":{"@id":"https:\/\/schmidt-bender.hu\/#website"},"primaryImageOfPage":{"@id":"https:\/\/schmidt-bender.hu\/en\/fiber-optics\/termekeink\/hajlekony-szalak\/#primaryimage"},"image":{"@id":"https:\/\/schmidt-bender.hu\/en\/fiber-optics\/termekeink\/hajlekony-szalak\/#primaryimage"},"thumbnailUrl":"https:\/\/schmidt-bender.hu\/wp-content\/uploads\/2024\/05\/szaloptika_kiemelt.png","datePublished":"2024-03-19T11:43:22+00:00","dateModified":"2024-10-03T11:41:20+00:00","breadcrumb":{"@id":"https:\/\/schmidt-bender.hu\/en\/fiber-optics\/termekeink\/hajlekony-szalak\/#breadcrumb"},"inLanguage":"en-US","potentialAction":[{"@type":"ReadAction","target":["https:\/\/schmidt-bender.hu\/en\/fiber-optics\/termekeink\/hajlekony-szalak\/"]}]},{"@type":"ImageObject","inLanguage":"en-US","@id":"https:\/\/schmidt-bender.hu\/en\/fiber-optics\/termekeink\/hajlekony-szalak\/#primaryimage","url":"https:\/\/schmidt-bender.hu\/wp-content\/uploads\/2024\/05\/szaloptika_kiemelt.png","contentUrl":"https:\/\/schmidt-bender.hu\/wp-content\/uploads\/2024\/05\/szaloptika_kiemelt.png","width":973,"height":144,"caption":"Schmidt Bender Hung\u00e1ria Sz\u00e1loptika"},{"@type":"BreadcrumbList","@id":"https:\/\/schmidt-bender.hu\/en\/fiber-optics\/termekeink\/hajlekony-szalak\/#breadcrumb","itemListElement":[{"@type":"ListItem","position":1,"name":"Home","item":"https:\/\/schmidt-bender.hu\/szaloptika\/"},{"@type":"ListItem","position":2,"name":"Term\u00e9keink","item":"https:\/\/schmidt-bender.hu\/en\/fiber-optics\/termekeink\/"},{"@type":"ListItem","position":3,"name":"Flexible bundles"}]},{"@type":"WebSite","@id":"https:\/\/schmidt-bender.hu\/#website","url":"https:\/\/schmidt-bender.hu\/","name":"Schmidt-Bender Hung\u00e1ria","description":"C\u00e9lt\u00e1vcs\u00f6vek, optika \u00e9s sz\u00e1loptika","publisher":{"@id":"https:\/\/schmidt-bender.hu\/#organization"},"potentialAction":[{"@type":"SearchAction","target":{"@type":"EntryPoint","urlTemplate":"https:\/\/schmidt-bender.hu\/?s={search_term_string}"},"query-input":{"@type":"PropertyValueSpecification","valueRequired":true,"valueName":"search_term_string"}}],"inLanguage":"en-US"},{"@type":"Organization","@id":"https:\/\/schmidt-bender.hu\/#organization","name":"Schmidt-Bender Hung\u00e1ria","url":"https:\/\/schmidt-bender.hu\/","logo":{"@type":"ImageObject","inLanguage":"en-US","@id":"https:\/\/schmidt-bender.hu\/#\/schema\/logo\/image\/","url":"https:\/\/schmidt-bender.hu\/wp-content\/uploads\/2024\/03\/header_logo.png","contentUrl":"https:\/\/schmidt-bender.hu\/wp-content\/uploads\/2024\/03\/header_logo.png","width":202,"height":41,"caption":"Schmidt-Bender Hung\u00e1ria"},"image":{"@id":"https:\/\/schmidt-bender.hu\/#\/schema\/logo\/image\/"}}]}},"_links":{"self":[{"href":"https:\/\/schmidt-bender.hu\/en\/wp-json\/wp\/v2\/pages\/1825","targetHints":{"allow":["GET"]}}],"collection":[{"href":"https:\/\/schmidt-bender.hu\/en\/wp-json\/wp\/v2\/pages"}],"about":[{"href":"https:\/\/schmidt-bender.hu\/en\/wp-json\/wp\/v2\/types\/page"}],"author":[{"embeddable":true,"href":"https:\/\/schmidt-bender.hu\/en\/wp-json\/wp\/v2\/users\/2"}],"replies":[{"embeddable":true,"href":"https:\/\/schmidt-bender.hu\/en\/wp-json\/wp\/v2\/comments?post=1825"}],"version-history":[{"count":11,"href":"https:\/\/schmidt-bender.hu\/en\/wp-json\/wp\/v2\/pages\/1825\/revisions"}],"predecessor-version":[{"id":2397,"href":"https:\/\/schmidt-bender.hu\/en\/wp-json\/wp\/v2\/pages\/1825\/revisions\/2397"}],"up":[{"embeddable":true,"href":"https:\/\/schmidt-bender.hu\/en\/wp-json\/wp\/v2\/pages\/1824"}],"wp:featuredmedia":[{"embeddable":true,"href":"https:\/\/schmidt-bender.hu\/en\/wp-json\/wp\/v2\/media\/1139"}],"wp:attachment":[{"href":"https:\/\/schmidt-bender.hu\/en\/wp-json\/wp\/v2\/media?parent=1825"}],"curies":[{"name":"wp","href":"https:\/\/api.w.org\/{rel}","templated":true}]}}