{"id":1822,"date":"2024-03-19T12:19:15","date_gmt":"2024-03-19T12:19:15","guid":{"rendered":"https:\/\/schmidt-bender.hu\/szaloptika\/kapcsolat\/"},"modified":"2024-10-02T15:21:50","modified_gmt":"2024-10-02T15:21:50","slug":"contact","status":"publish","type":"page","link":"https:\/\/schmidt-bender.hu\/en\/fiber-optics\/contact\/","title":{"rendered":"Contacts"},"content":{"rendered":"\t\t<div data-elementor-type=\"wp-page\" data-elementor-id=\"1822\" class=\"elementor elementor-1822 elementor-184\" data-elementor-post-type=\"page\">\n\t\t\t\t<div class=\"elementor-element elementor-element-474b829 e-flex e-con-boxed e-con e-parent\" data-id=\"474b829\" data-element_type=\"container\">\n\t\t\t\t\t<div class=\"e-con-inner\">\n\t\t<div class=\"elementor-element elementor-element-a467b54 e-flex e-con-boxed e-con e-child\" data-id=\"a467b54\" data-element_type=\"container\">\n\t\t\t\t\t<div class=\"e-con-inner\">\n\t\t\t\t<div class=\"elementor-element elementor-element-febc705 elementor-widget elementor-widget-text-editor\" data-id=\"febc705\" data-element_type=\"widget\" data-widget_type=\"text-editor.default\">\n\t\t\t\t<div class=\"elementor-widget-container\">\n\t\t\t\t\t\t\t\t\t<p>Feel free to contact us:<\/p>\n<p><b>Attila Drajk\u00f3<\/b><br \/><sup>Fiber optics engineer<\/sup><\/p>\n<table>\n<tbody>\n<tr>\n<td><b>Phone:<\/b><\/td>\n<td>+36 1 434 2100<\/td>\n<\/tr>\n<tr>\n<td><b>Postal address:<\/b><\/td>\n<td>Pf. 202, H-1475 Budapest <\/td>\n<\/tr>\n<\/tbody>\n<\/table>\n\t\t\t\t\t\t\t\t<\/div>\n\t\t\t\t<\/div>\n\t\t\t\t\t<\/div>\n\t\t\t\t<\/div>\n\t\t\t\t<div class=\"elementor-element elementor-element-8d73591 elementor-button-align-stretch elementor-widget elementor-widget-form\" data-id=\"8d73591\" data-element_type=\"widget\" data-settings=\"{&quot;step_next_label&quot;:&quot;Next&quot;,&quot;step_previous_label&quot;:&quot;Previous&quot;,&quot;step_type&quot;:&quot;none&quot;,&quot;button_width&quot;:&quot;100&quot;,&quot;step_icon_shape&quot;:&quot;circle&quot;}\" data-widget_type=\"form.default\">\n\t\t\t\t<div class=\"elementor-widget-container\">\n\t\t\t\t\t\t\t<form class=\"elementor-form\" method=\"post\" name=\"Contact-Fiber Optics\">\n\t\t\t<input type=\"hidden\" name=\"post_id\" value=\"1822\"\/>\n\t\t\t<input type=\"hidden\" name=\"form_id\" value=\"8d73591\"\/>\n\t\t\t<input type=\"hidden\" name=\"referer_title\" value=\"Schmidt-Bender Hung\u00e1ria\" \/>\n\n\t\t\t\n\t\t\t<div class=\"elementor-form-fields-wrapper elementor-labels-above\">\n\t\t\t\t\t\t\t\t<div class=\"elementor-field-type-text elementor-field-group elementor-column elementor-field-group-name elementor-col-50 elementor-field-required elementor-mark-required\">\n\t\t\t\t\t\t\t\t\t\t\t\t<label for=\"form-field-name\" class=\"elementor-field-label\">\n\t\t\t\t\t\t\t\tFirst name\t\t\t\t\t\t\t<\/label>\n\t\t\t\t\t\t\t\t\t\t\t\t\t\t<input size=\"1\" type=\"text\" name=\"form_fields[name]\" id=\"form-field-name\" class=\"elementor-field elementor-size-xs  elementor-field-textual\" required=\"required\" aria-required=\"true\">\n\t\t\t\t\t\t\t\t\t\t\t<\/div>\n\t\t\t\t\t\t\t\t<div class=\"elementor-field-type-text elementor-field-group elementor-column elementor-field-group-field_a01065c elementor-col-50 elementor-field-required elementor-mark-required\">\n\t\t\t\t\t\t\t\t\t\t\t\t<label for=\"form-field-field_a01065c\" class=\"elementor-field-label\">\n\t\t\t\t\t\t\t\tGiven name\t\t\t\t\t\t\t<\/label>\n\t\t\t\t\t\t\t\t\t\t\t\t\t\t<input size=\"1\" type=\"text\" name=\"form_fields[field_a01065c]\" id=\"form-field-field_a01065c\" class=\"elementor-field elementor-size-xs  elementor-field-textual\" required=\"required\" aria-required=\"true\">\n\t\t\t\t\t\t\t\t\t\t\t<\/div>\n\t\t\t\t\t\t\t\t<div class=\"elementor-field-type-email elementor-field-group elementor-column elementor-field-group-email elementor-col-100 elementor-field-required elementor-mark-required\">\n\t\t\t\t\t\t\t\t\t\t\t\t<label for=\"form-field-email\" class=\"elementor-field-label\">\n\t\t\t\t\t\t\t\tE-mail\t\t\t\t\t\t\t<\/label>\n\t\t\t\t\t\t\t\t\t\t\t\t\t\t<input size=\"1\" type=\"email\" name=\"form_fields[email]\" id=\"form-field-email\" class=\"elementor-field elementor-size-xs  elementor-field-textual\" required=\"required\" aria-required=\"true\">\n\t\t\t\t\t\t\t\t\t\t\t<\/div>\n\t\t\t\t\t\t\t\t<div class=\"elementor-field-type-tel elementor-field-group elementor-column elementor-field-group-field_e713cf8 elementor-col-100\">\n\t\t\t\t\t\t\t\t\t\t\t\t<label for=\"form-field-field_e713cf8\" class=\"elementor-field-label\">\n\t\t\t\t\t\t\t\tPhone\t\t\t\t\t\t\t<\/label>\n\t\t\t\t\t\t\t\t<input size=\"1\" type=\"tel\" name=\"form_fields[field_e713cf8]\" id=\"form-field-field_e713cf8\" class=\"elementor-field elementor-size-xs  elementor-field-textual\" pattern=\"[0-9()#&amp;+*-=.]+\" title=\"Only numbers and phone characters (#, -, *, etc) are accepted.\">\n\n\t\t\t\t\t\t<\/div>\n\t\t\t\t\t\t\t\t<div class=\"elementor-field-type-textarea elementor-field-group elementor-column elementor-field-group-message elementor-col-100\">\n\t\t\t\t\t\t\t\t\t\t\t\t<label for=\"form-field-message\" class=\"elementor-field-label\">\n\t\t\t\t\t\t\t\tMessage\t\t\t\t\t\t\t<\/label>\n\t\t\t\t\t\t<textarea class=\"elementor-field-textual elementor-field  elementor-size-xs\" name=\"form_fields[message]\" id=\"form-field-message\" rows=\"7\"><\/textarea>\t\t\t\t<\/div>\n\t\t\t\t\t\t\t\t<div class=\"elementor-field-type-acceptance elementor-field-group elementor-column elementor-field-group-field_07044cd elementor-col-100 elementor-field-required elementor-mark-required\">\n\t\t\t\t\t\t\t<div class=\"elementor-field-subgroup\">\n\t\t\t<span class=\"elementor-field-option\">\n\t\t\t\t<input type=\"checkbox\" name=\"form_fields[field_07044cd]\" id=\"form-field-field_07044cd\" class=\"elementor-field elementor-size-xs  elementor-acceptance-field\" required=\"required\" aria-required=\"true\">\n\t\t\t\t<label for=\"form-field-field_07044cd\">I have read and agree to the content of this privacy statement and agree to handle my data as described above and as detailed in the Privacy Policy. (GDPR)<\/label>\t\t\t<\/span>\n\t\t<\/div>\n\t\t\t\t\t\t<\/div>\n\t\t\t\t\t\t\t\t<div class=\"elementor-field-group elementor-column elementor-field-type-submit elementor-col-100 e-form__buttons\">\n\t\t\t\t\t<button type=\"submit\" class=\"elementor-button elementor-size-xs\">\n\t\t\t\t\t\t<span >\n\t\t\t\t\t\t\t\t\t\t\t\t\t\t\t<span class=\" elementor-button-icon\">\n\t\t\t\t\t\t\t\t\t\t\t\t\t\t\t\t\t\t\t\t\t\t\t\t\t\t<\/span>\n\t\t\t\t\t\t\t\t\t\t\t\t\t\t\t\t\t\t\t\t\t\t<span class=\"elementor-button-text\">Send Message!<\/span>\n\t\t\t\t\t\t\t\t\t\t\t\t\t<\/span>\n\t\t\t\t\t<\/button>\n\t\t\t\t<\/div>\n\t\t\t<\/div>\n\t\t<\/form>\n\t\t\t\t\t\t<\/div>\n\t\t\t\t<\/div>\n\t\t\t\t\t<\/div>\n\t\t\t\t<\/div>\n\t\t<div class=\"elementor-element elementor-element-191d6cdc e-flex e-con-boxed e-con e-parent\" data-id=\"191d6cdc\" data-element_type=\"container\">\n\t\t\t\t\t<div class=\"e-con-inner\">\n\t\t\t\t\t<\/div>\n\t\t\t\t<\/div>\n\t\t\t\t<\/div>\n\t\t","protected":false},"excerpt":{"rendered":"<p>Feel free to contact us: Attila Drajk\u00f3Fiber optics engineer Phone: +36 1 434 2100 Postal address: Pf. 202, H-1475 Budapest<\/p>\n","protected":false},"author":2,"featured_media":1139,"parent":1819,"menu_order":0,"comment_status":"closed","ping_status":"closed","template":"","meta":{"footnotes":""},"class_list":["post-1822","page","type-page","status-publish","has-post-thumbnail","hentry"],"yoast_head":"<!-- This site is optimized with the Yoast SEO Premium plugin v22.5 (Yoast SEO v24.4) - https:\/\/yoast.com\/wordpress\/plugins\/seo\/ -->\n<title>Contacts - Schmidt-Bender Hung\u00e1ria<\/title>\n<meta name=\"robots\" content=\"index, follow, max-snippet:-1, max-image-preview:large, max-video-preview:-1\" \/>\n<link rel=\"canonical\" href=\"https:\/\/schmidt-bender.hu\/szaloptika\/kapcsolat\/\" \/>\n<meta property=\"og:locale\" content=\"en_US\" \/>\n<meta property=\"og:type\" content=\"article\" \/>\n<meta property=\"og:title\" content=\"Contacts\" \/>\n<meta property=\"og:description\" content=\"Feel free to contact us: Attila Drajk\u00f3Fiber optics engineer Phone: +36 1 434 2100 Postal address: Pf. 202, H-1475 Budapest\" \/>\n<meta property=\"og:url\" content=\"https:\/\/schmidt-bender.hu\/szaloptika\/kapcsolat\/\" \/>\n<meta property=\"og:site_name\" content=\"Schmidt-Bender Hung\u00e1ria\" \/>\n<meta property=\"article:modified_time\" content=\"2024-10-02T15:21:50+00:00\" \/>\n<meta property=\"og:image\" content=\"https:\/\/schmidt-bender.hu\/wp-content\/uploads\/2024\/05\/szaloptika_kiemelt.png\" \/>\n\t<meta property=\"og:image:width\" content=\"973\" \/>\n\t<meta property=\"og:image:height\" content=\"144\" \/>\n\t<meta property=\"og:image:type\" content=\"image\/png\" \/>\n<meta name=\"twitter:card\" content=\"summary_large_image\" \/>\n<meta name=\"twitter:label1\" content=\"Est. reading time\" \/>\n\t<meta name=\"twitter:data1\" content=\"1 minute\" \/>\n<script type=\"application\/ld+json\" class=\"yoast-schema-graph\">{\"@context\":\"https:\/\/schema.org\",\"@graph\":[{\"@type\":\"WebPage\",\"@id\":\"https:\/\/schmidt-bender.hu\/szaloptika\/kapcsolat\/\",\"url\":\"https:\/\/schmidt-bender.hu\/szaloptika\/kapcsolat\/\",\"name\":\"Contacts - Schmidt-Bender Hung\u00e1ria\",\"isPartOf\":{\"@id\":\"https:\/\/schmidt-bender.hu\/#website\"},\"primaryImageOfPage\":{\"@id\":\"https:\/\/schmidt-bender.hu\/szaloptika\/kapcsolat\/#primaryimage\"},\"image\":{\"@id\":\"https:\/\/schmidt-bender.hu\/szaloptika\/kapcsolat\/#primaryimage\"},\"thumbnailUrl\":\"https:\/\/schmidt-bender.hu\/wp-content\/uploads\/2024\/05\/szaloptika_kiemelt.png\",\"datePublished\":\"2024-03-19T12:19:15+00:00\",\"dateModified\":\"2024-10-02T15:21:50+00:00\",\"breadcrumb\":{\"@id\":\"https:\/\/schmidt-bender.hu\/szaloptika\/kapcsolat\/#breadcrumb\"},\"inLanguage\":\"en-US\",\"potentialAction\":[{\"@type\":\"ReadAction\",\"target\":[\"https:\/\/schmidt-bender.hu\/szaloptika\/kapcsolat\/\"]}]},{\"@type\":\"ImageObject\",\"inLanguage\":\"en-US\",\"@id\":\"https:\/\/schmidt-bender.hu\/szaloptika\/kapcsolat\/#primaryimage\",\"url\":\"https:\/\/schmidt-bender.hu\/wp-content\/uploads\/2024\/05\/szaloptika_kiemelt.png\",\"contentUrl\":\"https:\/\/schmidt-bender.hu\/wp-content\/uploads\/2024\/05\/szaloptika_kiemelt.png\",\"width\":973,\"height\":144,\"caption\":\"Schmidt Bender Hung\u00e1ria Sz\u00e1loptika\"},{\"@type\":\"BreadcrumbList\",\"@id\":\"https:\/\/schmidt-bender.hu\/szaloptika\/kapcsolat\/#breadcrumb\",\"itemListElement\":[{\"@type\":\"ListItem\",\"position\":1,\"name\":\"Home\",\"item\":\"https:\/\/schmidt-bender.hu\/szaloptika\/\"},{\"@type\":\"ListItem\",\"position\":2,\"name\":\"Contacts\"}]},{\"@type\":\"WebSite\",\"@id\":\"https:\/\/schmidt-bender.hu\/#website\",\"url\":\"https:\/\/schmidt-bender.hu\/\",\"name\":\"Schmidt-Bender Hung\u00e1ria\",\"description\":\"C\u00e9lt\u00e1vcs\u00f6vek, optika \u00e9s sz\u00e1loptika\",\"publisher\":{\"@id\":\"https:\/\/schmidt-bender.hu\/#organization\"},\"potentialAction\":[{\"@type\":\"SearchAction\",\"target\":{\"@type\":\"EntryPoint\",\"urlTemplate\":\"https:\/\/schmidt-bender.hu\/?s={search_term_string}\"},\"query-input\":{\"@type\":\"PropertyValueSpecification\",\"valueRequired\":true,\"valueName\":\"search_term_string\"}}],\"inLanguage\":\"en-US\"},{\"@type\":\"Organization\",\"@id\":\"https:\/\/schmidt-bender.hu\/#organization\",\"name\":\"Schmidt-Bender Hung\u00e1ria\",\"url\":\"https:\/\/schmidt-bender.hu\/\",\"logo\":{\"@type\":\"ImageObject\",\"inLanguage\":\"en-US\",\"@id\":\"https:\/\/schmidt-bender.hu\/#\/schema\/logo\/image\/\",\"url\":\"https:\/\/schmidt-bender.hu\/wp-content\/uploads\/2024\/03\/header_logo.png\",\"contentUrl\":\"https:\/\/schmidt-bender.hu\/wp-content\/uploads\/2024\/03\/header_logo.png\",\"width\":202,\"height\":41,\"caption\":\"Schmidt-Bender Hung\u00e1ria\"},\"image\":{\"@id\":\"https:\/\/schmidt-bender.hu\/#\/schema\/logo\/image\/\"}}]}<\/script>\n<!-- \/ Yoast SEO Premium plugin. -->","yoast_head_json":{"title":"Contacts - Schmidt-Bender Hung\u00e1ria","robots":{"index":"index","follow":"follow","max-snippet":"max-snippet:-1","max-image-preview":"max-image-preview:large","max-video-preview":"max-video-preview:-1"},"canonical":"https:\/\/schmidt-bender.hu\/szaloptika\/kapcsolat\/","og_locale":"en_US","og_type":"article","og_title":"Contacts","og_description":"Feel free to contact us: Attila Drajk\u00f3Fiber optics engineer Phone: +36 1 434 2100 Postal address: Pf. 202, H-1475 Budapest","og_url":"https:\/\/schmidt-bender.hu\/szaloptika\/kapcsolat\/","og_site_name":"Schmidt-Bender Hung\u00e1ria","article_modified_time":"2024-10-02T15:21:50+00:00","og_image":[{"width":973,"height":144,"url":"https:\/\/schmidt-bender.hu\/wp-content\/uploads\/2024\/05\/szaloptika_kiemelt.png","type":"image\/png"}],"twitter_card":"summary_large_image","twitter_misc":{"Est. reading time":"1 minute"},"schema":{"@context":"https:\/\/schema.org","@graph":[{"@type":"WebPage","@id":"https:\/\/schmidt-bender.hu\/szaloptika\/kapcsolat\/","url":"https:\/\/schmidt-bender.hu\/szaloptika\/kapcsolat\/","name":"Contacts - Schmidt-Bender Hung\u00e1ria","isPartOf":{"@id":"https:\/\/schmidt-bender.hu\/#website"},"primaryImageOfPage":{"@id":"https:\/\/schmidt-bender.hu\/szaloptika\/kapcsolat\/#primaryimage"},"image":{"@id":"https:\/\/schmidt-bender.hu\/szaloptika\/kapcsolat\/#primaryimage"},"thumbnailUrl":"https:\/\/schmidt-bender.hu\/wp-content\/uploads\/2024\/05\/szaloptika_kiemelt.png","datePublished":"2024-03-19T12:19:15+00:00","dateModified":"2024-10-02T15:21:50+00:00","breadcrumb":{"@id":"https:\/\/schmidt-bender.hu\/szaloptika\/kapcsolat\/#breadcrumb"},"inLanguage":"en-US","potentialAction":[{"@type":"ReadAction","target":["https:\/\/schmidt-bender.hu\/szaloptika\/kapcsolat\/"]}]},{"@type":"ImageObject","inLanguage":"en-US","@id":"https:\/\/schmidt-bender.hu\/szaloptika\/kapcsolat\/#primaryimage","url":"https:\/\/schmidt-bender.hu\/wp-content\/uploads\/2024\/05\/szaloptika_kiemelt.png","contentUrl":"https:\/\/schmidt-bender.hu\/wp-content\/uploads\/2024\/05\/szaloptika_kiemelt.png","width":973,"height":144,"caption":"Schmidt Bender Hung\u00e1ria Sz\u00e1loptika"},{"@type":"BreadcrumbList","@id":"https:\/\/schmidt-bender.hu\/szaloptika\/kapcsolat\/#breadcrumb","itemListElement":[{"@type":"ListItem","position":1,"name":"Home","item":"https:\/\/schmidt-bender.hu\/szaloptika\/"},{"@type":"ListItem","position":2,"name":"Contacts"}]},{"@type":"WebSite","@id":"https:\/\/schmidt-bender.hu\/#website","url":"https:\/\/schmidt-bender.hu\/","name":"Schmidt-Bender Hung\u00e1ria","description":"C\u00e9lt\u00e1vcs\u00f6vek, optika \u00e9s sz\u00e1loptika","publisher":{"@id":"https:\/\/schmidt-bender.hu\/#organization"},"potentialAction":[{"@type":"SearchAction","target":{"@type":"EntryPoint","urlTemplate":"https:\/\/schmidt-bender.hu\/?s={search_term_string}"},"query-input":{"@type":"PropertyValueSpecification","valueRequired":true,"valueName":"search_term_string"}}],"inLanguage":"en-US"},{"@type":"Organization","@id":"https:\/\/schmidt-bender.hu\/#organization","name":"Schmidt-Bender Hung\u00e1ria","url":"https:\/\/schmidt-bender.hu\/","logo":{"@type":"ImageObject","inLanguage":"en-US","@id":"https:\/\/schmidt-bender.hu\/#\/schema\/logo\/image\/","url":"https:\/\/schmidt-bender.hu\/wp-content\/uploads\/2024\/03\/header_logo.png","contentUrl":"https:\/\/schmidt-bender.hu\/wp-content\/uploads\/2024\/03\/header_logo.png","width":202,"height":41,"caption":"Schmidt-Bender Hung\u00e1ria"},"image":{"@id":"https:\/\/schmidt-bender.hu\/#\/schema\/logo\/image\/"}}]}},"_links":{"self":[{"href":"https:\/\/schmidt-bender.hu\/en\/wp-json\/wp\/v2\/pages\/1822","targetHints":{"allow":["GET"]}}],"collection":[{"href":"https:\/\/schmidt-bender.hu\/en\/wp-json\/wp\/v2\/pages"}],"about":[{"href":"https:\/\/schmidt-bender.hu\/en\/wp-json\/wp\/v2\/types\/page"}],"author":[{"embeddable":true,"href":"https:\/\/schmidt-bender.hu\/en\/wp-json\/wp\/v2\/users\/2"}],"replies":[{"embeddable":true,"href":"https:\/\/schmidt-bender.hu\/en\/wp-json\/wp\/v2\/comments?post=1822"}],"version-history":[{"count":11,"href":"https:\/\/schmidt-bender.hu\/en\/wp-json\/wp\/v2\/pages\/1822\/revisions"}],"predecessor-version":[{"id":2266,"href":"https:\/\/schmidt-bender.hu\/en\/wp-json\/wp\/v2\/pages\/1822\/revisions\/2266"}],"up":[{"embeddable":true,"href":"https:\/\/schmidt-bender.hu\/en\/wp-json\/wp\/v2\/pages\/1819"}],"wp:featuredmedia":[{"embeddable":true,"href":"https:\/\/schmidt-bender.hu\/en\/wp-json\/wp\/v2\/media\/1139"}],"wp:attachment":[{"href":"https:\/\/schmidt-bender.hu\/en\/wp-json\/wp\/v2\/media?parent=1822"}],"curies":[{"name":"wp","href":"https:\/\/api.w.org\/{rel}","templated":true}]}}