{"id":1821,"date":"2024-03-19T11:54:16","date_gmt":"2024-03-19T11:54:16","guid":{"rendered":"https:\/\/schmidt-bender.hu\/szaloptika\/egyeb-szolgaltatasok\/"},"modified":"2024-10-02T15:29:10","modified_gmt":"2024-10-02T15:29:10","slug":"egyeb-szolgaltatasok","status":"publish","type":"page","link":"https:\/\/schmidt-bender.hu\/en\/fiber-optics\/egyeb-szolgaltatasok\/","title":{"rendered":"Other services"},"content":{"rendered":"\t\t<div data-elementor-type=\"wp-page\" data-elementor-id=\"1821\" class=\"elementor elementor-1821 elementor-179\" data-elementor-post-type=\"page\">\n\t\t\t\t<div class=\"elementor-element elementor-element-cd41e77 e-flex e-con-boxed e-con e-parent\" data-id=\"cd41e77\" data-element_type=\"container\">\n\t\t\t\t\t<div class=\"e-con-inner\">\n\t\t\t\t<div class=\"elementor-element elementor-element-9261235 elementor-widget elementor-widget-text-editor\" data-id=\"9261235\" data-element_type=\"widget\" data-widget_type=\"text-editor.default\">\n\t\t\t\t<div class=\"elementor-widget-container\">\n\t\t\t\t\t\t\t\t\t<p>Our company has extraordinary equipment in terms of optical production, so we can satisfy most of the arising needs in-house.<\/p>\n\t\t\t\t\t\t\t\t<\/div>\n\t\t\t\t<\/div>\n\t\t\t\t\t<\/div>\n\t\t\t\t<\/div>\n\t\t<div class=\"elementor-element elementor-element-6cf546c e-flex e-con-boxed e-con e-parent\" data-id=\"6cf546c\" data-element_type=\"container\">\n\t\t\t\t\t<div class=\"e-con-inner\">\n\t\t\t\t<div class=\"elementor-element elementor-element-6529fd7 elementor-widget-divider--view-line elementor-widget elementor-widget-divider\" data-id=\"6529fd7\" data-element_type=\"widget\" data-widget_type=\"divider.default\">\n\t\t\t\t<div class=\"elementor-widget-container\">\n\t\t\t\t\t\t\t<div class=\"elementor-divider\">\n\t\t\t<span class=\"elementor-divider-separator\">\n\t\t\t\t\t\t<\/span>\n\t\t<\/div>\n\t\t\t\t\t\t<\/div>\n\t\t\t\t<\/div>\n\t\t\t\t<div class=\"elementor-element elementor-element-14c825c elementor-widget elementor-widget-text-editor\" data-id=\"14c825c\" data-element_type=\"widget\" data-widget_type=\"text-editor.default\">\n\t\t\t\t<div class=\"elementor-widget-container\">\n\t\t\t\t\t\t\t\t\t<p><strong>Optical coating<\/strong><\/p>\n<p>Our optical coating department can create specific thin film coatings like antireflexion layers, or specific transmission \/ reflexion filters on customer&#8217;s demand.<\/p>\n\t\t\t\t\t\t\t\t<\/div>\n\t\t\t\t<\/div>\n\t\t\t\t\t<\/div>\n\t\t\t\t<\/div>\n\t\t<div class=\"elementor-element elementor-element-a059a50 image-box-img e-flex e-con-boxed e-con e-parent\" data-id=\"a059a50\" data-element_type=\"container\">\n\t\t\t\t\t<div class=\"e-con-inner\">\n\t\t<div class=\"elementor-element elementor-element-da52173 e-con-full e-flex e-con e-child\" data-id=\"da52173\" data-element_type=\"container\">\n\t\t\t\t<div class=\"elementor-element elementor-element-740ebfb elementor-position-top elementor-widget elementor-widget-image-box\" data-id=\"740ebfb\" data-element_type=\"widget\" data-widget_type=\"image-box.default\">\n\t\t\t\t<div class=\"elementor-widget-container\">\n\t\t\t\t\t<div class=\"elementor-image-box-wrapper\"><figure class=\"elementor-image-box-img\"><img fetchpriority=\"high\" decoding=\"async\" width=\"768\" height=\"398\" src=\"https:\/\/schmidt-bender.hu\/wp-content\/uploads\/2024\/05\/PROTOTIPUS-POLIROZAS-768x398.png\" class=\"attachment-medium_large size-medium_large wp-image-1677\" alt=\"\" srcset=\"https:\/\/schmidt-bender.hu\/wp-content\/uploads\/2024\/05\/PROTOTIPUS-POLIROZAS-768x398.png 768w, https:\/\/schmidt-bender.hu\/wp-content\/uploads\/2024\/05\/PROTOTIPUS-POLIROZAS-300x156.png 300w, https:\/\/schmidt-bender.hu\/wp-content\/uploads\/2024\/05\/PROTOTIPUS-POLIROZAS-1024x531.png 1024w, https:\/\/schmidt-bender.hu\/wp-content\/uploads\/2024\/05\/PROTOTIPUS-POLIROZAS-1536x797.png 1536w, https:\/\/schmidt-bender.hu\/wp-content\/uploads\/2024\/05\/PROTOTIPUS-POLIROZAS.png 1920w\" sizes=\"(max-width: 768px) 100vw, 768px\" \/><\/figure><div class=\"elementor-image-box-content\"><h3 class=\"elementor-image-box-title\">PROTOTIPUS POLIROZ\u00c1S<\/h3><p class=\"elementor-image-box-description\">\n<\/p><\/div><\/div>\t\t\t\t<\/div>\n\t\t\t\t<\/div>\n\t\t\t\t<\/div>\n\t\t<div class=\"elementor-element elementor-element-7ccf29a e-con-full e-flex e-con e-child\" data-id=\"7ccf29a\" data-element_type=\"container\">\n\t\t\t\t<div class=\"elementor-element elementor-element-69b0eac elementor-position-top elementor-widget elementor-widget-image-box\" data-id=\"69b0eac\" data-element_type=\"widget\" data-widget_type=\"image-box.default\">\n\t\t\t\t<div class=\"elementor-widget-container\">\n\t\t\t\t\t<div class=\"elementor-image-box-wrapper\"><figure class=\"elementor-image-box-img\"><img decoding=\"async\" width=\"768\" height=\"453\" data-src=\"https:\/\/schmidt-bender.hu\/wp-content\/uploads\/2024\/05\/HAJLITAS-PRESELES-IGENY-SZERINT-768x453.png\" class=\"attachment-medium_large size-medium_large wp-image-1675 lazyload\" alt=\"\" data-srcset=\"https:\/\/schmidt-bender.hu\/wp-content\/uploads\/2024\/05\/HAJLITAS-PRESELES-IGENY-SZERINT-768x453.png 768w, https:\/\/schmidt-bender.hu\/wp-content\/uploads\/2024\/05\/HAJLITAS-PRESELES-IGENY-SZERINT-300x177.png 300w, https:\/\/schmidt-bender.hu\/wp-content\/uploads\/2024\/05\/HAJLITAS-PRESELES-IGENY-SZERINT-1024x604.png 1024w, https:\/\/schmidt-bender.hu\/wp-content\/uploads\/2024\/05\/HAJLITAS-PRESELES-IGENY-SZERINT-1536x906.png 1536w, https:\/\/schmidt-bender.hu\/wp-content\/uploads\/2024\/05\/HAJLITAS-PRESELES-IGENY-SZERINT.png 1920w\" data-sizes=\"(max-width: 768px) 100vw, 768px\" src=\"data:image\/gif;base64,R0lGODlhAQABAAAAACH5BAEKAAEALAAAAAABAAEAAAICTAEAOw==\" style=\"--smush-placeholder-width: 768px; --smush-placeholder-aspect-ratio: 768\/453;\" \/><\/figure><div class=\"elementor-image-box-content\"><h3 class=\"elementor-image-box-title\">HAJL\u00cdT\u00c1S, PR\u00c9SEL\u00c9S IG\u00c9NY SZERINT<\/h3><p class=\"elementor-image-box-description\">\n<\/p><\/div><\/div>\t\t\t\t<\/div>\n\t\t\t\t<\/div>\n\t\t\t\t<\/div>\n\t\t<div class=\"elementor-element elementor-element-4868cab e-con-full e-flex e-con e-child\" data-id=\"4868cab\" data-element_type=\"container\">\n\t\t\t\t<div class=\"elementor-element elementor-element-f89533b elementor-position-top elementor-widget elementor-widget-image-box\" data-id=\"f89533b\" data-element_type=\"widget\" data-widget_type=\"image-box.default\">\n\t\t\t\t<div class=\"elementor-widget-container\">\n\t\t\t\t\t<div class=\"elementor-image-box-wrapper\"><figure class=\"elementor-image-box-img\"><img decoding=\"async\" width=\"768\" height=\"576\" data-src=\"https:\/\/schmidt-bender.hu\/wp-content\/uploads\/2024\/05\/SZALOPTIKAI-KUPOK-FOGLALATBAN-768x576.png\" class=\"attachment-medium_large size-medium_large wp-image-1671 lazyload\" alt=\"\" data-srcset=\"https:\/\/schmidt-bender.hu\/wp-content\/uploads\/2024\/05\/SZALOPTIKAI-KUPOK-FOGLALATBAN-768x576.png 768w, https:\/\/schmidt-bender.hu\/wp-content\/uploads\/2024\/05\/SZALOPTIKAI-KUPOK-FOGLALATBAN-300x225.png 300w, https:\/\/schmidt-bender.hu\/wp-content\/uploads\/2024\/05\/SZALOPTIKAI-KUPOK-FOGLALATBAN-1024x768.png 1024w, https:\/\/schmidt-bender.hu\/wp-content\/uploads\/2024\/05\/SZALOPTIKAI-KUPOK-FOGLALATBAN-1536x1152.png 1536w, https:\/\/schmidt-bender.hu\/wp-content\/uploads\/2024\/05\/SZALOPTIKAI-KUPOK-FOGLALATBAN.png 1920w\" data-sizes=\"(max-width: 768px) 100vw, 768px\" src=\"data:image\/gif;base64,R0lGODlhAQABAAAAACH5BAEKAAEALAAAAAABAAEAAAICTAEAOw==\" style=\"--smush-placeholder-width: 768px; --smush-placeholder-aspect-ratio: 768\/576;\" \/><\/figure><div class=\"elementor-image-box-content\"><h3 class=\"elementor-image-box-title\">SZ\u00c1LOPTIKAI K\u00daPOK FOGLALATBAN<\/h3><p class=\"elementor-image-box-description\">\n<\/p><\/div><\/div>\t\t\t\t<\/div>\n\t\t\t\t<\/div>\n\t\t\t\t<\/div>\n\t\t<div class=\"elementor-element elementor-element-01d2556 e-con-full e-flex e-con e-child\" data-id=\"01d2556\" data-element_type=\"container\">\n\t\t\t\t<div class=\"elementor-element elementor-element-7e51fb0 img-box-nowidth elementor-position-top elementor-widget elementor-widget-image-box\" data-id=\"7e51fb0\" data-element_type=\"widget\" data-widget_type=\"image-box.default\">\n\t\t\t\t<div class=\"elementor-widget-container\">\n\t\t\t\t\t<div class=\"elementor-image-box-wrapper\"><figure class=\"elementor-image-box-img\"><img decoding=\"async\" width=\"768\" height=\"1152\" data-src=\"https:\/\/schmidt-bender.hu\/wp-content\/uploads\/2024\/05\/3D-NYOMTATOTT-SZERSZAM-GOZOLESHEZ-768x1152.png\" class=\"attachment-medium_large size-medium_large wp-image-1673 lazyload\" alt=\"\" data-srcset=\"https:\/\/schmidt-bender.hu\/wp-content\/uploads\/2024\/05\/3D-NYOMTATOTT-SZERSZAM-GOZOLESHEZ-768x1152.png 768w, https:\/\/schmidt-bender.hu\/wp-content\/uploads\/2024\/05\/3D-NYOMTATOTT-SZERSZAM-GOZOLESHEZ-200x300.png 200w, https:\/\/schmidt-bender.hu\/wp-content\/uploads\/2024\/05\/3D-NYOMTATOTT-SZERSZAM-GOZOLESHEZ-683x1024.png 683w, https:\/\/schmidt-bender.hu\/wp-content\/uploads\/2024\/05\/3D-NYOMTATOTT-SZERSZAM-GOZOLESHEZ-1024x1536.png 1024w, https:\/\/schmidt-bender.hu\/wp-content\/uploads\/2024\/05\/3D-NYOMTATOTT-SZERSZAM-GOZOLESHEZ-1365x2048.png 1365w, https:\/\/schmidt-bender.hu\/wp-content\/uploads\/2024\/05\/3D-NYOMTATOTT-SZERSZAM-GOZOLESHEZ.png 1920w\" data-sizes=\"(max-width: 768px) 100vw, 768px\" src=\"data:image\/gif;base64,R0lGODlhAQABAAAAACH5BAEKAAEALAAAAAABAAEAAAICTAEAOw==\" style=\"--smush-placeholder-width: 768px; --smush-placeholder-aspect-ratio: 768\/1152;\" \/><\/figure><div class=\"elementor-image-box-content\"><h3 class=\"elementor-image-box-title\">3D NYOMTATOTT SZERSZ\u00c1M G\u0150Z\u00d6L\u00c9SHEZ<\/h3><p class=\"elementor-image-box-description\">\n<\/p><\/div><\/div>\t\t\t\t<\/div>\n\t\t\t\t<\/div>\n\t\t\t\t<\/div>\n\t\t\t\t\t<\/div>\n\t\t\t\t<\/div>\n\t\t\t\t<\/div>\n\t\t","protected":false},"excerpt":{"rendered":"<p>Our company has extraordinary equipment in terms of optical production, so we can satisfy most of the arising needs in-house. Optical coating Our optical coating department can create specific thin film coatings like antireflexion layers, or specific transmission \/ reflexion filters on customer&#8217;s demand. PROTOTIPUS POLIROZ\u00c1S HAJL\u00cdT\u00c1S, PR\u00c9SEL\u00c9S IG\u00c9NY SZERINT SZ\u00c1LOPTIKAI K\u00daPOK FOGLALATBAN 3D NYOMTATOTT [&hellip;]<\/p>\n","protected":false},"author":2,"featured_media":1139,"parent":1819,"menu_order":0,"comment_status":"closed","ping_status":"closed","template":"","meta":{"footnotes":""},"class_list":["post-1821","page","type-page","status-publish","has-post-thumbnail","hentry"],"yoast_head":"<!-- This site is optimized with the Yoast SEO Premium plugin v22.5 (Yoast SEO v24.4) - https:\/\/yoast.com\/wordpress\/plugins\/seo\/ -->\n<title>Other services - Schmidt-Bender Hung\u00e1ria<\/title>\n<meta name=\"robots\" content=\"index, follow, max-snippet:-1, max-image-preview:large, max-video-preview:-1\" \/>\n<link rel=\"canonical\" href=\"https:\/\/schmidt-bender.hu\/szaloptika\/egyeb-szolgaltatasok\/\" \/>\n<meta property=\"og:locale\" content=\"en_US\" \/>\n<meta property=\"og:type\" content=\"article\" \/>\n<meta property=\"og:title\" content=\"Other services\" \/>\n<meta property=\"og:description\" content=\"Our company has extraordinary equipment in terms of optical production, so we can satisfy most of the arising needs in-house. Optical coating Our optical coating department can create specific thin film coatings like antireflexion layers, or specific transmission \/ reflexion filters on customer&#8217;s demand. PROTOTIPUS POLIROZ\u00c1S HAJL\u00cdT\u00c1S, PR\u00c9SEL\u00c9S IG\u00c9NY SZERINT SZ\u00c1LOPTIKAI K\u00daPOK FOGLALATBAN 3D NYOMTATOTT [&hellip;]\" \/>\n<meta property=\"og:url\" content=\"https:\/\/schmidt-bender.hu\/szaloptika\/egyeb-szolgaltatasok\/\" \/>\n<meta property=\"og:site_name\" content=\"Schmidt-Bender Hung\u00e1ria\" \/>\n<meta property=\"article:modified_time\" content=\"2024-10-02T15:29:10+00:00\" \/>\n<meta property=\"og:image\" content=\"https:\/\/schmidt-bender.hu\/wp-content\/uploads\/2024\/05\/szaloptika_kiemelt.png\" \/>\n\t<meta property=\"og:image:width\" content=\"973\" \/>\n\t<meta property=\"og:image:height\" content=\"144\" \/>\n\t<meta property=\"og:image:type\" content=\"image\/png\" \/>\n<meta name=\"twitter:card\" content=\"summary_large_image\" \/>\n<meta name=\"twitter:label1\" content=\"Est. reading time\" \/>\n\t<meta name=\"twitter:data1\" content=\"1 minute\" \/>\n<script type=\"application\/ld+json\" class=\"yoast-schema-graph\">{\"@context\":\"https:\/\/schema.org\",\"@graph\":[{\"@type\":\"WebPage\",\"@id\":\"https:\/\/schmidt-bender.hu\/szaloptika\/egyeb-szolgaltatasok\/\",\"url\":\"https:\/\/schmidt-bender.hu\/szaloptika\/egyeb-szolgaltatasok\/\",\"name\":\"Other services - Schmidt-Bender Hung\u00e1ria\",\"isPartOf\":{\"@id\":\"https:\/\/schmidt-bender.hu\/#website\"},\"primaryImageOfPage\":{\"@id\":\"https:\/\/schmidt-bender.hu\/szaloptika\/egyeb-szolgaltatasok\/#primaryimage\"},\"image\":{\"@id\":\"https:\/\/schmidt-bender.hu\/szaloptika\/egyeb-szolgaltatasok\/#primaryimage\"},\"thumbnailUrl\":\"https:\/\/schmidt-bender.hu\/wp-content\/uploads\/2024\/05\/szaloptika_kiemelt.png\",\"datePublished\":\"2024-03-19T11:54:16+00:00\",\"dateModified\":\"2024-10-02T15:29:10+00:00\",\"breadcrumb\":{\"@id\":\"https:\/\/schmidt-bender.hu\/szaloptika\/egyeb-szolgaltatasok\/#breadcrumb\"},\"inLanguage\":\"en-US\",\"potentialAction\":[{\"@type\":\"ReadAction\",\"target\":[\"https:\/\/schmidt-bender.hu\/szaloptika\/egyeb-szolgaltatasok\/\"]}]},{\"@type\":\"ImageObject\",\"inLanguage\":\"en-US\",\"@id\":\"https:\/\/schmidt-bender.hu\/szaloptika\/egyeb-szolgaltatasok\/#primaryimage\",\"url\":\"https:\/\/schmidt-bender.hu\/wp-content\/uploads\/2024\/05\/szaloptika_kiemelt.png\",\"contentUrl\":\"https:\/\/schmidt-bender.hu\/wp-content\/uploads\/2024\/05\/szaloptika_kiemelt.png\",\"width\":973,\"height\":144,\"caption\":\"Schmidt Bender Hung\u00e1ria Sz\u00e1loptika\"},{\"@type\":\"BreadcrumbList\",\"@id\":\"https:\/\/schmidt-bender.hu\/szaloptika\/egyeb-szolgaltatasok\/#breadcrumb\",\"itemListElement\":[{\"@type\":\"ListItem\",\"position\":1,\"name\":\"Home\",\"item\":\"https:\/\/schmidt-bender.hu\/szaloptika\/\"},{\"@type\":\"ListItem\",\"position\":2,\"name\":\"Other services\"}]},{\"@type\":\"WebSite\",\"@id\":\"https:\/\/schmidt-bender.hu\/#website\",\"url\":\"https:\/\/schmidt-bender.hu\/\",\"name\":\"Schmidt-Bender Hung\u00e1ria\",\"description\":\"C\u00e9lt\u00e1vcs\u00f6vek, optika \u00e9s sz\u00e1loptika\",\"publisher\":{\"@id\":\"https:\/\/schmidt-bender.hu\/#organization\"},\"potentialAction\":[{\"@type\":\"SearchAction\",\"target\":{\"@type\":\"EntryPoint\",\"urlTemplate\":\"https:\/\/schmidt-bender.hu\/?s={search_term_string}\"},\"query-input\":{\"@type\":\"PropertyValueSpecification\",\"valueRequired\":true,\"valueName\":\"search_term_string\"}}],\"inLanguage\":\"en-US\"},{\"@type\":\"Organization\",\"@id\":\"https:\/\/schmidt-bender.hu\/#organization\",\"name\":\"Schmidt-Bender Hung\u00e1ria\",\"url\":\"https:\/\/schmidt-bender.hu\/\",\"logo\":{\"@type\":\"ImageObject\",\"inLanguage\":\"en-US\",\"@id\":\"https:\/\/schmidt-bender.hu\/#\/schema\/logo\/image\/\",\"url\":\"https:\/\/schmidt-bender.hu\/wp-content\/uploads\/2024\/03\/header_logo.png\",\"contentUrl\":\"https:\/\/schmidt-bender.hu\/wp-content\/uploads\/2024\/03\/header_logo.png\",\"width\":202,\"height\":41,\"caption\":\"Schmidt-Bender Hung\u00e1ria\"},\"image\":{\"@id\":\"https:\/\/schmidt-bender.hu\/#\/schema\/logo\/image\/\"}}]}<\/script>\n<!-- \/ Yoast SEO Premium plugin. -->","yoast_head_json":{"title":"Other services - Schmidt-Bender Hung\u00e1ria","robots":{"index":"index","follow":"follow","max-snippet":"max-snippet:-1","max-image-preview":"max-image-preview:large","max-video-preview":"max-video-preview:-1"},"canonical":"https:\/\/schmidt-bender.hu\/szaloptika\/egyeb-szolgaltatasok\/","og_locale":"en_US","og_type":"article","og_title":"Other services","og_description":"Our company has extraordinary equipment in terms of optical production, so we can satisfy most of the arising needs in-house. Optical coating Our optical coating department can create specific thin film coatings like antireflexion layers, or specific transmission \/ reflexion filters on customer&#8217;s demand. PROTOTIPUS POLIROZ\u00c1S HAJL\u00cdT\u00c1S, PR\u00c9SEL\u00c9S IG\u00c9NY SZERINT SZ\u00c1LOPTIKAI K\u00daPOK FOGLALATBAN 3D NYOMTATOTT [&hellip;]","og_url":"https:\/\/schmidt-bender.hu\/szaloptika\/egyeb-szolgaltatasok\/","og_site_name":"Schmidt-Bender Hung\u00e1ria","article_modified_time":"2024-10-02T15:29:10+00:00","og_image":[{"width":973,"height":144,"url":"https:\/\/schmidt-bender.hu\/wp-content\/uploads\/2024\/05\/szaloptika_kiemelt.png","type":"image\/png"}],"twitter_card":"summary_large_image","twitter_misc":{"Est. reading time":"1 minute"},"schema":{"@context":"https:\/\/schema.org","@graph":[{"@type":"WebPage","@id":"https:\/\/schmidt-bender.hu\/szaloptika\/egyeb-szolgaltatasok\/","url":"https:\/\/schmidt-bender.hu\/szaloptika\/egyeb-szolgaltatasok\/","name":"Other services - Schmidt-Bender Hung\u00e1ria","isPartOf":{"@id":"https:\/\/schmidt-bender.hu\/#website"},"primaryImageOfPage":{"@id":"https:\/\/schmidt-bender.hu\/szaloptika\/egyeb-szolgaltatasok\/#primaryimage"},"image":{"@id":"https:\/\/schmidt-bender.hu\/szaloptika\/egyeb-szolgaltatasok\/#primaryimage"},"thumbnailUrl":"https:\/\/schmidt-bender.hu\/wp-content\/uploads\/2024\/05\/szaloptika_kiemelt.png","datePublished":"2024-03-19T11:54:16+00:00","dateModified":"2024-10-02T15:29:10+00:00","breadcrumb":{"@id":"https:\/\/schmidt-bender.hu\/szaloptika\/egyeb-szolgaltatasok\/#breadcrumb"},"inLanguage":"en-US","potentialAction":[{"@type":"ReadAction","target":["https:\/\/schmidt-bender.hu\/szaloptika\/egyeb-szolgaltatasok\/"]}]},{"@type":"ImageObject","inLanguage":"en-US","@id":"https:\/\/schmidt-bender.hu\/szaloptika\/egyeb-szolgaltatasok\/#primaryimage","url":"https:\/\/schmidt-bender.hu\/wp-content\/uploads\/2024\/05\/szaloptika_kiemelt.png","contentUrl":"https:\/\/schmidt-bender.hu\/wp-content\/uploads\/2024\/05\/szaloptika_kiemelt.png","width":973,"height":144,"caption":"Schmidt Bender Hung\u00e1ria Sz\u00e1loptika"},{"@type":"BreadcrumbList","@id":"https:\/\/schmidt-bender.hu\/szaloptika\/egyeb-szolgaltatasok\/#breadcrumb","itemListElement":[{"@type":"ListItem","position":1,"name":"Home","item":"https:\/\/schmidt-bender.hu\/szaloptika\/"},{"@type":"ListItem","position":2,"name":"Other services"}]},{"@type":"WebSite","@id":"https:\/\/schmidt-bender.hu\/#website","url":"https:\/\/schmidt-bender.hu\/","name":"Schmidt-Bender Hung\u00e1ria","description":"C\u00e9lt\u00e1vcs\u00f6vek, optika \u00e9s sz\u00e1loptika","publisher":{"@id":"https:\/\/schmidt-bender.hu\/#organization"},"potentialAction":[{"@type":"SearchAction","target":{"@type":"EntryPoint","urlTemplate":"https:\/\/schmidt-bender.hu\/?s={search_term_string}"},"query-input":{"@type":"PropertyValueSpecification","valueRequired":true,"valueName":"search_term_string"}}],"inLanguage":"en-US"},{"@type":"Organization","@id":"https:\/\/schmidt-bender.hu\/#organization","name":"Schmidt-Bender Hung\u00e1ria","url":"https:\/\/schmidt-bender.hu\/","logo":{"@type":"ImageObject","inLanguage":"en-US","@id":"https:\/\/schmidt-bender.hu\/#\/schema\/logo\/image\/","url":"https:\/\/schmidt-bender.hu\/wp-content\/uploads\/2024\/03\/header_logo.png","contentUrl":"https:\/\/schmidt-bender.hu\/wp-content\/uploads\/2024\/03\/header_logo.png","width":202,"height":41,"caption":"Schmidt-Bender Hung\u00e1ria"},"image":{"@id":"https:\/\/schmidt-bender.hu\/#\/schema\/logo\/image\/"}}]}},"_links":{"self":[{"href":"https:\/\/schmidt-bender.hu\/en\/wp-json\/wp\/v2\/pages\/1821","targetHints":{"allow":["GET"]}}],"collection":[{"href":"https:\/\/schmidt-bender.hu\/en\/wp-json\/wp\/v2\/pages"}],"about":[{"href":"https:\/\/schmidt-bender.hu\/en\/wp-json\/wp\/v2\/types\/page"}],"author":[{"embeddable":true,"href":"https:\/\/schmidt-bender.hu\/en\/wp-json\/wp\/v2\/users\/2"}],"replies":[{"embeddable":true,"href":"https:\/\/schmidt-bender.hu\/en\/wp-json\/wp\/v2\/comments?post=1821"}],"version-history":[{"count":6,"href":"https:\/\/schmidt-bender.hu\/en\/wp-json\/wp\/v2\/pages\/1821\/revisions"}],"predecessor-version":[{"id":2269,"href":"https:\/\/schmidt-bender.hu\/en\/wp-json\/wp\/v2\/pages\/1821\/revisions\/2269"}],"up":[{"embeddable":true,"href":"https:\/\/schmidt-bender.hu\/en\/wp-json\/wp\/v2\/pages\/1819"}],"wp:featuredmedia":[{"embeddable":true,"href":"https:\/\/schmidt-bender.hu\/en\/wp-json\/wp\/v2\/media\/1139"}],"wp:attachment":[{"href":"https:\/\/schmidt-bender.hu\/en\/wp-json\/wp\/v2\/media?parent=1821"}],"curies":[{"name":"wp","href":"https:\/\/api.w.org\/{rel}","templated":true}]}}