{"id":1770,"date":"2024-03-20T09:04:55","date_gmt":"2024-03-20T09:04:55","guid":{"rendered":"https:\/\/schmidt-bender.hu\/optika\/vekonyreteg-bevonatok\/"},"modified":"2024-10-03T11:03:58","modified_gmt":"2024-10-03T11:03:58","slug":"vekonyreteg-bevonatok","status":"publish","type":"page","link":"https:\/\/schmidt-bender.hu\/en\/optika\/vekonyreteg-bevonatok\/","title":{"rendered":"Thin Film Coatings"},"content":{"rendered":"\t\t<div data-elementor-type=\"wp-page\" data-elementor-id=\"1770\" class=\"elementor elementor-1770 elementor-241\" data-elementor-post-type=\"page\">\n\t\t\t\t<div class=\"elementor-element elementor-element-21f59f8 e-flex e-con-boxed e-con e-parent\" data-id=\"21f59f8\" data-element_type=\"container\">\n\t\t\t\t\t<div class=\"e-con-inner\">\n\t\t\t\t<div class=\"elementor-element elementor-element-b74d6cb elementor-widget elementor-widget-text-editor\" data-id=\"b74d6cb\" data-element_type=\"widget\" data-widget_type=\"text-editor.default\">\n\t\t\t\t<div class=\"elementor-widget-container\">\n\t\t\t\t\t\t\t\t\t<p>With high degree of respect on your demand Schmidt + Bender Hungaria Optics Ltd. is now offering excellent performed optical coatings. Our engineering team including the optical thin film development department is continuously working on satisfying all of our customers\u2019 needs. Our state-of-the-art equipped laboratory and manufacturing environment also let us provide any solutions which meet all of your specifications. In case of special inquiry we are even cooperating with many academic professors at the worthily famous Budapest University of Technology and Economics as well.  <\/p>\n<p><strong>PRODUCTION<\/strong><\/p>\n<p>Our product line includes a variety of dielectric and metallic coatings for the wavelength range of 190 nm to 3000 nm.<\/p>\n<p><strong>TECHNOLOGY<\/strong><\/p>\n<p>The coatings are deposited by both conventional and plasma enhanced technology depending on the requirements. All types of optical materials and crystals are suitable for coatings. (e.g. Schott, Ohara, CDGM, etc.) The substrates are usually supplied by the customer but we are also offering solutions &#8220;from blueprints to complete systems&#8221; thanks to the pioneer, historical Hungarian optical manufacturers. <\/p>\n<p>Please take a look on the following short list of some coating types available may satisfy you.<\/p>\n\t\t\t\t\t\t\t\t<\/div>\n\t\t\t\t<\/div>\n\t\t\t\t\t<\/div>\n\t\t\t\t<\/div>\n\t\t<div class=\"elementor-element elementor-element-4ec957b e-flex e-con-boxed e-con e-parent\" data-id=\"4ec957b\" data-element_type=\"container\">\n\t\t\t\t\t<div class=\"e-con-inner\">\n\t\t<div class=\"elementor-element elementor-element-e8f0682 e-con-full e-flex e-con e-child\" data-id=\"e8f0682\" data-element_type=\"container\">\n\t\t\t\t<div class=\"elementor-element elementor-element-2ab539f elementor-widget elementor-widget-text-editor\" data-id=\"2ab539f\" data-element_type=\"widget\" data-widget_type=\"text-editor.default\">\n\t\t\t\t<div class=\"elementor-widget-container\">\n\t\t\t\t\t\t\t\t\t<p><strong>ANTIREFLECTION COATINGS<\/strong><\/p>\n<ul>\n<li>Single layer antireflection coatings<\/li>\n<li>Antireflection coatings for individual and multiple laser wavelengths<\/li>\n<li>Broadband and Super-Broadband antireflection coatings<\/li>\n<li>\u201cMulti-Wave\u201d antireflection coatings<\/li>\n<li>Custom antireflection coatings to customer specifications<\/li>\n<\/ul>\n<p><strong>MIRRORS<\/strong><\/p>\n<ul>\n<li>Dielectric high reflectors<\/li>\n<li>Bare and protected metallic mirrors of Al, Ag or Cu<\/li>\n<li>Enhanced metallic mirrors<\/li>\n<li>Front and Back side mirrors are available depending on the functions<\/li>\n<\/ul>\n<p><strong>FILTERS<\/strong><\/p>\n<ul>\n<li>Edge filters (short or long wave pass filters)<\/li>\n<li>Band pass filters<\/li>\n<li>Dichroic filters<\/li>\n<li>Custom filters according to customer requirements<\/li>\n<\/ul>\n<p><strong>BEAM SPLITTERS<\/strong><\/p>\n<ul>\n<li>Polarizing beam splitters (cemented or separate elements)<\/li>\n<li>Non-polarizing beam splitters (cemented or separate elements)<\/li>\n<li>Immersed beam splitters<\/li>\n<li>Partial beam splitters (partially transmitting mirrors)<\/li>\n<li>Custom made beam splitters<\/li>\n<\/ul>\n\t\t\t\t\t\t\t\t<\/div>\n\t\t\t\t<\/div>\n\t\t\t\t<\/div>\n\t\t\t\t\t<\/div>\n\t\t\t\t<\/div>\n\t\t<div class=\"elementor-element elementor-element-7218b87 e-flex e-con-boxed e-con e-parent\" data-id=\"7218b87\" data-element_type=\"container\">\n\t\t\t\t\t<div class=\"e-con-inner\">\n\t\t\t\t<div class=\"elementor-element elementor-element-cbc4a8b elementor-widget elementor-widget-text-editor\" data-id=\"cbc4a8b\" data-element_type=\"widget\" data-widget_type=\"text-editor.default\">\n\t\t\t\t<div class=\"elementor-widget-container\">\n\t\t\t\t\t\t\t\t\t<p><strong>DEVELOPEMENT<\/strong><\/p>\n<p>Right after receiving your inquiry our development team is immediately working on the project in order to come up with the most cost effective, reproducible and stable process. Until the coating design has been approved we are closely cooperating with our customers directly by reporting the theoretical or current performance to proof that the specifications will be achieved. <\/p>\n<p><strong>QUALITY<\/strong><\/p>\n<p>Of course all of our price quotation will fully include the necessary development-, tooling-, and preparation costs such as the substrate fine-cleaning as well as any further kind of process such as cementing. If the customer desires we also provide optical flats (witness pieces) coated directly with the products in every single batch. These samples are marked by the batch number and it is intended to serve the inspection of the final spectral performance. <\/p>\n\t\t\t\t\t\t\t\t<\/div>\n\t\t\t\t<\/div>\n\t\t\t\t\t<\/div>\n\t\t\t\t<\/div>\n\t\t<div class=\"elementor-element elementor-element-5859250 image-box-img e-flex e-con-boxed e-con e-parent\" data-id=\"5859250\" data-element_type=\"container\">\n\t\t\t\t\t<div class=\"e-con-inner\">\n\t\t<div class=\"elementor-element elementor-element-447f665 e-con-full e-flex e-con e-child\" data-id=\"447f665\" data-element_type=\"container\">\n\t\t\t\t<div class=\"elementor-element elementor-element-72d1c2d elementor-position-top elementor-widget elementor-widget-image-box\" data-id=\"72d1c2d\" data-element_type=\"widget\" data-widget_type=\"image-box.default\">\n\t\t\t\t<div class=\"elementor-widget-container\">\n\t\t\t\t\t<div class=\"elementor-image-box-wrapper\"><figure class=\"elementor-image-box-img\"><img fetchpriority=\"high\" decoding=\"async\" width=\"768\" height=\"576\" src=\"https:\/\/schmidt-bender.hu\/wp-content\/uploads\/2024\/05\/EGYENLETES-RETEGVASTAGSAG-768x576.png\" class=\"attachment-medium_large size-medium_large wp-image-1583\" alt=\"\" srcset=\"https:\/\/schmidt-bender.hu\/wp-content\/uploads\/2024\/05\/EGYENLETES-RETEGVASTAGSAG-768x576.png 768w, https:\/\/schmidt-bender.hu\/wp-content\/uploads\/2024\/05\/EGYENLETES-RETEGVASTAGSAG-300x225.png 300w, https:\/\/schmidt-bender.hu\/wp-content\/uploads\/2024\/05\/EGYENLETES-RETEGVASTAGSAG-1024x768.png 1024w, https:\/\/schmidt-bender.hu\/wp-content\/uploads\/2024\/05\/EGYENLETES-RETEGVASTAGSAG-1536x1152.png 1536w, https:\/\/schmidt-bender.hu\/wp-content\/uploads\/2024\/05\/EGYENLETES-RETEGVASTAGSAG.png 1920w\" sizes=\"(max-width: 768px) 100vw, 768px\" \/><\/figure><div class=\"elementor-image-box-content\"><h3 class=\"elementor-image-box-title\">EGYENLETES R\u00c9TEGVASTAGS\u00c1G<\/h3><\/div><\/div>\t\t\t\t<\/div>\n\t\t\t\t<\/div>\n\t\t\t\t<\/div>\n\t\t<div class=\"elementor-element elementor-element-d4e08dc e-con-full e-flex e-con e-child\" data-id=\"d4e08dc\" data-element_type=\"container\">\n\t\t\t\t<div class=\"elementor-element elementor-element-3ef87d3 elementor-position-top elementor-widget elementor-widget-image-box\" data-id=\"3ef87d3\" data-element_type=\"widget\" data-widget_type=\"image-box.default\">\n\t\t\t\t<div class=\"elementor-widget-container\">\n\t\t\t\t\t<div class=\"elementor-image-box-wrapper\"><figure class=\"elementor-image-box-img\"><img decoding=\"async\" width=\"768\" height=\"449\" data-src=\"https:\/\/schmidt-bender.hu\/wp-content\/uploads\/2024\/05\/MODERN-VAKUUM-KAMRA-768x449.png\" class=\"attachment-medium_large size-medium_large wp-image-1588 lazyload\" alt=\"\" data-srcset=\"https:\/\/schmidt-bender.hu\/wp-content\/uploads\/2024\/05\/MODERN-VAKUUM-KAMRA-768x449.png 768w, https:\/\/schmidt-bender.hu\/wp-content\/uploads\/2024\/05\/MODERN-VAKUUM-KAMRA-300x175.png 300w, https:\/\/schmidt-bender.hu\/wp-content\/uploads\/2024\/05\/MODERN-VAKUUM-KAMRA-1024x598.png 1024w, https:\/\/schmidt-bender.hu\/wp-content\/uploads\/2024\/05\/MODERN-VAKUUM-KAMRA-1536x898.png 1536w, https:\/\/schmidt-bender.hu\/wp-content\/uploads\/2024\/05\/MODERN-VAKUUM-KAMRA.png 1920w\" data-sizes=\"(max-width: 768px) 100vw, 768px\" src=\"data:image\/gif;base64,R0lGODlhAQABAAAAACH5BAEKAAEALAAAAAABAAEAAAICTAEAOw==\" style=\"--smush-placeholder-width: 768px; --smush-placeholder-aspect-ratio: 768\/449;\" \/><\/figure><div class=\"elementor-image-box-content\"><h3 class=\"elementor-image-box-title\">MODERN V\u00c1KUUM KAMRA<\/h3><p class=\"elementor-image-box-description\">\n<\/p><\/div><\/div>\t\t\t\t<\/div>\n\t\t\t\t<\/div>\n\t\t\t\t<\/div>\n\t\t<div class=\"elementor-element elementor-element-9ba9e4e e-con-full e-flex e-con e-child\" data-id=\"9ba9e4e\" data-element_type=\"container\">\n\t\t\t\t<div class=\"elementor-element elementor-element-d28160e elementor-position-top elementor-widget elementor-widget-image-box\" data-id=\"d28160e\" data-element_type=\"widget\" data-widget_type=\"image-box.default\">\n\t\t\t\t<div class=\"elementor-widget-container\">\n\t\t\t\t\t<div class=\"elementor-image-box-wrapper\"><figure class=\"elementor-image-box-img\"><img decoding=\"async\" width=\"768\" height=\"459\" data-src=\"https:\/\/schmidt-bender.hu\/wp-content\/uploads\/2024\/05\/NAGY-TISZTASAGU-OXIDOK-768x459.png\" class=\"attachment-medium_large size-medium_large wp-image-1590 lazyload\" alt=\"\" data-srcset=\"https:\/\/schmidt-bender.hu\/wp-content\/uploads\/2024\/05\/NAGY-TISZTASAGU-OXIDOK-768x459.png 768w, https:\/\/schmidt-bender.hu\/wp-content\/uploads\/2024\/05\/NAGY-TISZTASAGU-OXIDOK-300x179.png 300w, https:\/\/schmidt-bender.hu\/wp-content\/uploads\/2024\/05\/NAGY-TISZTASAGU-OXIDOK-1024x612.png 1024w, https:\/\/schmidt-bender.hu\/wp-content\/uploads\/2024\/05\/NAGY-TISZTASAGU-OXIDOK-1536x918.png 1536w, https:\/\/schmidt-bender.hu\/wp-content\/uploads\/2024\/05\/NAGY-TISZTASAGU-OXIDOK.png 1920w\" data-sizes=\"(max-width: 768px) 100vw, 768px\" src=\"data:image\/gif;base64,R0lGODlhAQABAAAAACH5BAEKAAEALAAAAAABAAEAAAICTAEAOw==\" style=\"--smush-placeholder-width: 768px; --smush-placeholder-aspect-ratio: 768\/459;\" \/><\/figure><div class=\"elementor-image-box-content\"><h3 class=\"elementor-image-box-title\">NAGY TISZTAS\u00c1G\u00da OXIDOK<\/h3><p class=\"elementor-image-box-description\">\n<\/p><\/div><\/div>\t\t\t\t<\/div>\n\t\t\t\t<\/div>\n\t\t\t\t<\/div>\n\t\t<div class=\"elementor-element elementor-element-c4df2d1 e-con-full e-flex e-con e-child\" data-id=\"c4df2d1\" data-element_type=\"container\">\n\t\t\t\t<div class=\"elementor-element elementor-element-fbd2bfd elementor-position-top elementor-widget elementor-widget-image-box\" data-id=\"fbd2bfd\" data-element_type=\"widget\" data-widget_type=\"image-box.default\">\n\t\t\t\t<div class=\"elementor-widget-container\">\n\t\t\t\t\t<div class=\"elementor-image-box-wrapper\"><figure class=\"elementor-image-box-img\"><img decoding=\"async\" width=\"768\" height=\"512\" data-src=\"https:\/\/schmidt-bender.hu\/wp-content\/uploads\/2024\/05\/PRECIZIOS-TISZTITAS-768x512.png\" class=\"attachment-medium_large size-medium_large wp-image-1592 lazyload\" alt=\"\" data-srcset=\"https:\/\/schmidt-bender.hu\/wp-content\/uploads\/2024\/05\/PRECIZIOS-TISZTITAS-768x512.png 768w, https:\/\/schmidt-bender.hu\/wp-content\/uploads\/2024\/05\/PRECIZIOS-TISZTITAS-300x200.png 300w, https:\/\/schmidt-bender.hu\/wp-content\/uploads\/2024\/05\/PRECIZIOS-TISZTITAS-1024x683.png 1024w, https:\/\/schmidt-bender.hu\/wp-content\/uploads\/2024\/05\/PRECIZIOS-TISZTITAS-1536x1024.png 1536w, https:\/\/schmidt-bender.hu\/wp-content\/uploads\/2024\/05\/PRECIZIOS-TISZTITAS.png 1920w\" data-sizes=\"(max-width: 768px) 100vw, 768px\" src=\"data:image\/gif;base64,R0lGODlhAQABAAAAACH5BAEKAAEALAAAAAABAAEAAAICTAEAOw==\" style=\"--smush-placeholder-width: 768px; --smush-placeholder-aspect-ratio: 768\/512;\" \/><\/figure><div class=\"elementor-image-box-content\"><h3 class=\"elementor-image-box-title\">PREC\u00cdZI\u00d3S TISZT\u00cdT\u00c1S<\/h3><p class=\"elementor-image-box-description\">\n<\/p><\/div><\/div>\t\t\t\t<\/div>\n\t\t\t\t<\/div>\n\t\t\t\t<\/div>\n\t\t<div class=\"elementor-element elementor-element-250ef03 e-con-full e-flex e-con e-child\" data-id=\"250ef03\" data-element_type=\"container\">\n\t\t\t\t<div class=\"elementor-element elementor-element-aee498e img-box-nowidth elementor-position-top elementor-widget elementor-widget-image-box\" data-id=\"aee498e\" data-element_type=\"widget\" data-widget_type=\"image-box.default\">\n\t\t\t\t<div class=\"elementor-widget-container\">\n\t\t\t\t\t<div class=\"elementor-image-box-wrapper\"><figure class=\"elementor-image-box-img\"><img decoding=\"async\" width=\"768\" height=\"1024\" data-src=\"https:\/\/schmidt-bender.hu\/wp-content\/uploads\/2024\/05\/VEVOSPECIFIKUS-MERETEK-768x1024.png\" class=\"attachment-medium_large size-medium_large wp-image-1594 lazyload\" alt=\"\" data-srcset=\"https:\/\/schmidt-bender.hu\/wp-content\/uploads\/2024\/05\/VEVOSPECIFIKUS-MERETEK-768x1024.png 768w, https:\/\/schmidt-bender.hu\/wp-content\/uploads\/2024\/05\/VEVOSPECIFIKUS-MERETEK-225x300.png 225w, https:\/\/schmidt-bender.hu\/wp-content\/uploads\/2024\/05\/VEVOSPECIFIKUS-MERETEK-1152x1536.png 1152w, https:\/\/schmidt-bender.hu\/wp-content\/uploads\/2024\/05\/VEVOSPECIFIKUS-MERETEK-1536x2048.png 1536w, https:\/\/schmidt-bender.hu\/wp-content\/uploads\/2024\/05\/VEVOSPECIFIKUS-MERETEK.png 1920w\" data-sizes=\"(max-width: 768px) 100vw, 768px\" src=\"data:image\/gif;base64,R0lGODlhAQABAAAAACH5BAEKAAEALAAAAAABAAEAAAICTAEAOw==\" style=\"--smush-placeholder-width: 768px; --smush-placeholder-aspect-ratio: 768\/1024;\" \/><\/figure><div class=\"elementor-image-box-content\"><h3 class=\"elementor-image-box-title\">VEV\u0150SPECIFIKUS M\u00c9RETEK<\/h3><p class=\"elementor-image-box-description\">\n<\/p><\/div><\/div>\t\t\t\t<\/div>\n\t\t\t\t<\/div>\n\t\t\t\t<\/div>\n\t\t<div class=\"elementor-element elementor-element-49fbf98 e-con-full e-flex e-con e-child\" data-id=\"49fbf98\" data-element_type=\"container\">\n\t\t\t\t<div class=\"elementor-element elementor-element-4447ff4 img-box-nowidth elementor-position-top elementor-widget elementor-widget-image-box\" data-id=\"4447ff4\" data-element_type=\"widget\" data-widget_type=\"image-box.default\">\n\t\t\t\t<div class=\"elementor-widget-container\">\n\t\t\t\t\t<div class=\"elementor-image-box-wrapper\"><figure class=\"elementor-image-box-img\"><img decoding=\"async\" width=\"768\" height=\"1024\" data-src=\"https:\/\/schmidt-bender.hu\/wp-content\/uploads\/2024\/05\/ION-SUGARRAL-TAMOGATOTT-PAROLOGTATAS-768x1024.png\" class=\"attachment-medium_large size-medium_large wp-image-1586 lazyload\" alt=\"\" data-srcset=\"https:\/\/schmidt-bender.hu\/wp-content\/uploads\/2024\/05\/ION-SUGARRAL-TAMOGATOTT-PAROLOGTATAS-768x1024.png 768w, https:\/\/schmidt-bender.hu\/wp-content\/uploads\/2024\/05\/ION-SUGARRAL-TAMOGATOTT-PAROLOGTATAS-225x300.png 225w, https:\/\/schmidt-bender.hu\/wp-content\/uploads\/2024\/05\/ION-SUGARRAL-TAMOGATOTT-PAROLOGTATAS-1152x1536.png 1152w, https:\/\/schmidt-bender.hu\/wp-content\/uploads\/2024\/05\/ION-SUGARRAL-TAMOGATOTT-PAROLOGTATAS-1536x2048.png 1536w, https:\/\/schmidt-bender.hu\/wp-content\/uploads\/2024\/05\/ION-SUGARRAL-TAMOGATOTT-PAROLOGTATAS.png 1920w\" data-sizes=\"(max-width: 768px) 100vw, 768px\" src=\"data:image\/gif;base64,R0lGODlhAQABAAAAACH5BAEKAAEALAAAAAABAAEAAAICTAEAOw==\" style=\"--smush-placeholder-width: 768px; --smush-placeholder-aspect-ratio: 768\/1024;\" \/><\/figure><div class=\"elementor-image-box-content\"><h3 class=\"elementor-image-box-title\">T\u00dcK\u00d6RBEVONATOK F\u00c9MG\u0150Z\u00d6L\u00c9SE<\/h3><p class=\"elementor-image-box-description\">\n<\/p><\/div><\/div>\t\t\t\t<\/div>\n\t\t\t\t<\/div>\n\t\t\t\t<\/div>\n\t\t\t\t\t<\/div>\n\t\t\t\t<\/div>\n\t\t\t\t<\/div>\n\t\t","protected":false},"excerpt":{"rendered":"<p>With high degree of respect on your demand Schmidt + Bender Hungaria Optics Ltd. is now offering excellent performed optical coatings. Our engineering team including the optical thin film development department is continuously working on satisfying all of our customers\u2019 needs. Our state-of-the-art equipped laboratory and manufacturing environment also let us provide any solutions which [&hellip;]<\/p>\n","protected":false},"author":3,"featured_media":1137,"parent":1763,"menu_order":0,"comment_status":"closed","ping_status":"closed","template":"","meta":{"footnotes":""},"class_list":["post-1770","page","type-page","status-publish","has-post-thumbnail","hentry"],"yoast_head":"<!-- This site is optimized with the Yoast SEO Premium plugin v22.5 (Yoast SEO v24.4) - https:\/\/yoast.com\/wordpress\/plugins\/seo\/ -->\n<title>Thin Film Coatings - Schmidt-Bender Hung\u00e1ria<\/title>\n<meta name=\"robots\" content=\"index, follow, max-snippet:-1, max-image-preview:large, max-video-preview:-1\" \/>\n<link rel=\"canonical\" href=\"https:\/\/schmidt-bender.hu\/optika\/vekonyreteg-bevonatok\/\" \/>\n<meta property=\"og:locale\" content=\"en_US\" \/>\n<meta property=\"og:type\" content=\"article\" \/>\n<meta property=\"og:title\" content=\"Thin Film Coatings\" \/>\n<meta property=\"og:description\" content=\"With high degree of respect on your demand Schmidt + Bender Hungaria Optics Ltd. is now offering excellent performed optical coatings. Our engineering team including the optical thin film development department is continuously working on satisfying all of our customers\u2019 needs. Our state-of-the-art equipped laboratory and manufacturing environment also let us provide any solutions which [&hellip;]\" \/>\n<meta property=\"og:url\" content=\"https:\/\/schmidt-bender.hu\/optika\/vekonyreteg-bevonatok\/\" \/>\n<meta property=\"og:site_name\" content=\"Schmidt-Bender Hung\u00e1ria\" \/>\n<meta property=\"article:modified_time\" content=\"2024-10-03T11:03:58+00:00\" \/>\n<meta property=\"og:image\" content=\"https:\/\/schmidt-bender.hu\/wp-content\/uploads\/2024\/05\/optika_kiemelt.png\" \/>\n\t<meta property=\"og:image:width\" content=\"973\" \/>\n\t<meta property=\"og:image:height\" content=\"144\" \/>\n\t<meta property=\"og:image:type\" content=\"image\/png\" \/>\n<meta name=\"twitter:card\" content=\"summary_large_image\" \/>\n<meta name=\"twitter:label1\" content=\"Est. reading time\" \/>\n\t<meta name=\"twitter:data1\" content=\"3 minutes\" \/>\n<script type=\"application\/ld+json\" class=\"yoast-schema-graph\">{\"@context\":\"https:\/\/schema.org\",\"@graph\":[{\"@type\":\"WebPage\",\"@id\":\"https:\/\/schmidt-bender.hu\/optika\/vekonyreteg-bevonatok\/\",\"url\":\"https:\/\/schmidt-bender.hu\/optika\/vekonyreteg-bevonatok\/\",\"name\":\"Thin Film Coatings - Schmidt-Bender Hung\u00e1ria\",\"isPartOf\":{\"@id\":\"https:\/\/schmidt-bender.hu\/#website\"},\"primaryImageOfPage\":{\"@id\":\"https:\/\/schmidt-bender.hu\/optika\/vekonyreteg-bevonatok\/#primaryimage\"},\"image\":{\"@id\":\"https:\/\/schmidt-bender.hu\/optika\/vekonyreteg-bevonatok\/#primaryimage\"},\"thumbnailUrl\":\"https:\/\/schmidt-bender.hu\/wp-content\/uploads\/2024\/05\/optika_kiemelt.png\",\"datePublished\":\"2024-03-20T09:04:55+00:00\",\"dateModified\":\"2024-10-03T11:03:58+00:00\",\"breadcrumb\":{\"@id\":\"https:\/\/schmidt-bender.hu\/optika\/vekonyreteg-bevonatok\/#breadcrumb\"},\"inLanguage\":\"en-US\",\"potentialAction\":[{\"@type\":\"ReadAction\",\"target\":[\"https:\/\/schmidt-bender.hu\/optika\/vekonyreteg-bevonatok\/\"]}]},{\"@type\":\"ImageObject\",\"inLanguage\":\"en-US\",\"@id\":\"https:\/\/schmidt-bender.hu\/optika\/vekonyreteg-bevonatok\/#primaryimage\",\"url\":\"https:\/\/schmidt-bender.hu\/wp-content\/uploads\/2024\/05\/optika_kiemelt.png\",\"contentUrl\":\"https:\/\/schmidt-bender.hu\/wp-content\/uploads\/2024\/05\/optika_kiemelt.png\",\"width\":973,\"height\":144,\"caption\":\"Schmidt Bender Hung\u00e1ria Optika\"},{\"@type\":\"BreadcrumbList\",\"@id\":\"https:\/\/schmidt-bender.hu\/optika\/vekonyreteg-bevonatok\/#breadcrumb\",\"itemListElement\":[{\"@type\":\"ListItem\",\"position\":1,\"name\":\"Home\",\"item\":\"https:\/\/schmidt-bender.hu\/optika\/\"},{\"@type\":\"ListItem\",\"position\":2,\"name\":\"Thin Film Coatings\"}]},{\"@type\":\"WebSite\",\"@id\":\"https:\/\/schmidt-bender.hu\/#website\",\"url\":\"https:\/\/schmidt-bender.hu\/\",\"name\":\"Schmidt-Bender Hung\u00e1ria\",\"description\":\"C\u00e9lt\u00e1vcs\u00f6vek, optika \u00e9s sz\u00e1loptika\",\"publisher\":{\"@id\":\"https:\/\/schmidt-bender.hu\/#organization\"},\"potentialAction\":[{\"@type\":\"SearchAction\",\"target\":{\"@type\":\"EntryPoint\",\"urlTemplate\":\"https:\/\/schmidt-bender.hu\/?s={search_term_string}\"},\"query-input\":{\"@type\":\"PropertyValueSpecification\",\"valueRequired\":true,\"valueName\":\"search_term_string\"}}],\"inLanguage\":\"en-US\"},{\"@type\":\"Organization\",\"@id\":\"https:\/\/schmidt-bender.hu\/#organization\",\"name\":\"Schmidt-Bender Hung\u00e1ria\",\"url\":\"https:\/\/schmidt-bender.hu\/\",\"logo\":{\"@type\":\"ImageObject\",\"inLanguage\":\"en-US\",\"@id\":\"https:\/\/schmidt-bender.hu\/#\/schema\/logo\/image\/\",\"url\":\"https:\/\/schmidt-bender.hu\/wp-content\/uploads\/2024\/03\/header_logo.png\",\"contentUrl\":\"https:\/\/schmidt-bender.hu\/wp-content\/uploads\/2024\/03\/header_logo.png\",\"width\":202,\"height\":41,\"caption\":\"Schmidt-Bender Hung\u00e1ria\"},\"image\":{\"@id\":\"https:\/\/schmidt-bender.hu\/#\/schema\/logo\/image\/\"}}]}<\/script>\n<!-- \/ Yoast SEO Premium plugin. -->","yoast_head_json":{"title":"Thin Film Coatings - Schmidt-Bender Hung\u00e1ria","robots":{"index":"index","follow":"follow","max-snippet":"max-snippet:-1","max-image-preview":"max-image-preview:large","max-video-preview":"max-video-preview:-1"},"canonical":"https:\/\/schmidt-bender.hu\/optika\/vekonyreteg-bevonatok\/","og_locale":"en_US","og_type":"article","og_title":"Thin Film Coatings","og_description":"With high degree of respect on your demand Schmidt + Bender Hungaria Optics Ltd. is now offering excellent performed optical coatings. Our engineering team including the optical thin film development department is continuously working on satisfying all of our customers\u2019 needs. Our state-of-the-art equipped laboratory and manufacturing environment also let us provide any solutions which [&hellip;]","og_url":"https:\/\/schmidt-bender.hu\/optika\/vekonyreteg-bevonatok\/","og_site_name":"Schmidt-Bender Hung\u00e1ria","article_modified_time":"2024-10-03T11:03:58+00:00","og_image":[{"width":973,"height":144,"url":"https:\/\/schmidt-bender.hu\/wp-content\/uploads\/2024\/05\/optika_kiemelt.png","type":"image\/png"}],"twitter_card":"summary_large_image","twitter_misc":{"Est. reading time":"3 minutes"},"schema":{"@context":"https:\/\/schema.org","@graph":[{"@type":"WebPage","@id":"https:\/\/schmidt-bender.hu\/optika\/vekonyreteg-bevonatok\/","url":"https:\/\/schmidt-bender.hu\/optika\/vekonyreteg-bevonatok\/","name":"Thin Film Coatings - Schmidt-Bender Hung\u00e1ria","isPartOf":{"@id":"https:\/\/schmidt-bender.hu\/#website"},"primaryImageOfPage":{"@id":"https:\/\/schmidt-bender.hu\/optika\/vekonyreteg-bevonatok\/#primaryimage"},"image":{"@id":"https:\/\/schmidt-bender.hu\/optika\/vekonyreteg-bevonatok\/#primaryimage"},"thumbnailUrl":"https:\/\/schmidt-bender.hu\/wp-content\/uploads\/2024\/05\/optika_kiemelt.png","datePublished":"2024-03-20T09:04:55+00:00","dateModified":"2024-10-03T11:03:58+00:00","breadcrumb":{"@id":"https:\/\/schmidt-bender.hu\/optika\/vekonyreteg-bevonatok\/#breadcrumb"},"inLanguage":"en-US","potentialAction":[{"@type":"ReadAction","target":["https:\/\/schmidt-bender.hu\/optika\/vekonyreteg-bevonatok\/"]}]},{"@type":"ImageObject","inLanguage":"en-US","@id":"https:\/\/schmidt-bender.hu\/optika\/vekonyreteg-bevonatok\/#primaryimage","url":"https:\/\/schmidt-bender.hu\/wp-content\/uploads\/2024\/05\/optika_kiemelt.png","contentUrl":"https:\/\/schmidt-bender.hu\/wp-content\/uploads\/2024\/05\/optika_kiemelt.png","width":973,"height":144,"caption":"Schmidt Bender Hung\u00e1ria Optika"},{"@type":"BreadcrumbList","@id":"https:\/\/schmidt-bender.hu\/optika\/vekonyreteg-bevonatok\/#breadcrumb","itemListElement":[{"@type":"ListItem","position":1,"name":"Home","item":"https:\/\/schmidt-bender.hu\/optika\/"},{"@type":"ListItem","position":2,"name":"Thin Film Coatings"}]},{"@type":"WebSite","@id":"https:\/\/schmidt-bender.hu\/#website","url":"https:\/\/schmidt-bender.hu\/","name":"Schmidt-Bender Hung\u00e1ria","description":"C\u00e9lt\u00e1vcs\u00f6vek, optika \u00e9s sz\u00e1loptika","publisher":{"@id":"https:\/\/schmidt-bender.hu\/#organization"},"potentialAction":[{"@type":"SearchAction","target":{"@type":"EntryPoint","urlTemplate":"https:\/\/schmidt-bender.hu\/?s={search_term_string}"},"query-input":{"@type":"PropertyValueSpecification","valueRequired":true,"valueName":"search_term_string"}}],"inLanguage":"en-US"},{"@type":"Organization","@id":"https:\/\/schmidt-bender.hu\/#organization","name":"Schmidt-Bender Hung\u00e1ria","url":"https:\/\/schmidt-bender.hu\/","logo":{"@type":"ImageObject","inLanguage":"en-US","@id":"https:\/\/schmidt-bender.hu\/#\/schema\/logo\/image\/","url":"https:\/\/schmidt-bender.hu\/wp-content\/uploads\/2024\/03\/header_logo.png","contentUrl":"https:\/\/schmidt-bender.hu\/wp-content\/uploads\/2024\/03\/header_logo.png","width":202,"height":41,"caption":"Schmidt-Bender Hung\u00e1ria"},"image":{"@id":"https:\/\/schmidt-bender.hu\/#\/schema\/logo\/image\/"}}]}},"_links":{"self":[{"href":"https:\/\/schmidt-bender.hu\/en\/wp-json\/wp\/v2\/pages\/1770","targetHints":{"allow":["GET"]}}],"collection":[{"href":"https:\/\/schmidt-bender.hu\/en\/wp-json\/wp\/v2\/pages"}],"about":[{"href":"https:\/\/schmidt-bender.hu\/en\/wp-json\/wp\/v2\/types\/page"}],"author":[{"embeddable":true,"href":"https:\/\/schmidt-bender.hu\/en\/wp-json\/wp\/v2\/users\/3"}],"replies":[{"embeddable":true,"href":"https:\/\/schmidt-bender.hu\/en\/wp-json\/wp\/v2\/comments?post=1770"}],"version-history":[{"count":11,"href":"https:\/\/schmidt-bender.hu\/en\/wp-json\/wp\/v2\/pages\/1770\/revisions"}],"predecessor-version":[{"id":2390,"href":"https:\/\/schmidt-bender.hu\/en\/wp-json\/wp\/v2\/pages\/1770\/revisions\/2390"}],"up":[{"embeddable":true,"href":"https:\/\/schmidt-bender.hu\/en\/wp-json\/wp\/v2\/pages\/1763"}],"wp:featuredmedia":[{"embeddable":true,"href":"https:\/\/schmidt-bender.hu\/en\/wp-json\/wp\/v2\/media\/1137"}],"wp:attachment":[{"href":"https:\/\/schmidt-bender.hu\/en\/wp-json\/wp\/v2\/media?parent=1770"}],"curies":[{"name":"wp","href":"https:\/\/api.w.org\/{rel}","templated":true}]}}