{"id":1769,"date":"2024-03-20T08:40:35","date_gmt":"2024-03-20T08:40:35","guid":{"rendered":"https:\/\/schmidt-bender.hu\/optika\/szferikus-lencsek\/"},"modified":"2025-01-29T14:08:04","modified_gmt":"2025-01-29T14:08:04","slug":"szferikus-lencsek","status":"publish","type":"page","link":"https:\/\/schmidt-bender.hu\/en\/optika\/szferikus-lencsek\/","title":{"rendered":"Spherical Lenses"},"content":{"rendered":"\t\t<div data-elementor-type=\"wp-page\" data-elementor-id=\"1769\" class=\"elementor elementor-1769 elementor-231\" data-elementor-post-type=\"page\">\n\t\t\t\t<div class=\"elementor-element elementor-element-b24ae40 e-flex e-con-boxed e-con e-parent\" data-id=\"b24ae40\" data-element_type=\"container\">\n\t\t\t\t\t<div class=\"e-con-inner\">\n\t\t<div class=\"elementor-element elementor-element-0776b6f e-con-full e-flex e-con e-child\" data-id=\"0776b6f\" data-element_type=\"container\">\n\t\t\t\t<div class=\"elementor-element elementor-element-66b8c75 elementor-widget__width-initial elementor-widget elementor-widget-text-editor\" data-id=\"66b8c75\" data-element_type=\"widget\" data-widget_type=\"text-editor.default\">\n\t\t\t\t<div class=\"elementor-widget-container\">\n\t\t\t\t\t\t\t\t\t<p>Schmidt + Bender provides spherical optics (lenses, achromatic lenses, cemented systems, mirrors) with the highest accuracy for applications in laser-, reproductive-, measurement technology, research and other applications.<\/p>\n<p>In addition to a permanent process and production monitoring, a final inspection is carried out using high-quality instruments.<\/p>\n<p>Coatings are made in our factory under clean room conditions with the latest technology. We can provide detailed Certificates and protocols upon request.<\/p>\n\t\t\t\t\t\t\t\t<\/div>\n\t\t\t\t<\/div>\n\t\t\t\t<\/div>\n\t\t\t\t\t<\/div>\n\t\t\t\t<\/div>\n\t\t<div class=\"elementor-element elementor-element-9e9aa5d image-box-img e-flex e-con-boxed e-con e-parent\" data-id=\"9e9aa5d\" data-element_type=\"container\">\n\t\t\t\t\t<div class=\"e-con-inner\">\n\t\t<div class=\"elementor-element elementor-element-96774f8 e-con-full img-h-3 e-flex e-con e-child\" data-id=\"96774f8\" data-element_type=\"container\">\n\t\t\t\t<div class=\"elementor-element elementor-element-2cd6044 img-h-3 elementor-position-top elementor-widget elementor-widget-image-box\" data-id=\"2cd6044\" data-element_type=\"widget\" data-widget_type=\"image-box.default\">\n\t\t\t\t<div class=\"elementor-widget-container\">\n\t\t\t\t\t<div class=\"elementor-image-box-wrapper\"><figure class=\"elementor-image-box-img\"><img fetchpriority=\"high\" decoding=\"async\" width=\"768\" height=\"1152\" src=\"https:\/\/schmidt-bender.hu\/wp-content\/uploads\/2024\/05\/CNC-MARAS-768x1152.png\" class=\"attachment-medium_large size-medium_large wp-image-1565\" alt=\"\" srcset=\"https:\/\/schmidt-bender.hu\/wp-content\/uploads\/2024\/05\/CNC-MARAS-768x1152.png 768w, https:\/\/schmidt-bender.hu\/wp-content\/uploads\/2024\/05\/CNC-MARAS-200x300.png 200w, https:\/\/schmidt-bender.hu\/wp-content\/uploads\/2024\/05\/CNC-MARAS-683x1024.png 683w, https:\/\/schmidt-bender.hu\/wp-content\/uploads\/2024\/05\/CNC-MARAS-1024x1536.png 1024w, https:\/\/schmidt-bender.hu\/wp-content\/uploads\/2024\/05\/CNC-MARAS-1365x2048.png 1365w, https:\/\/schmidt-bender.hu\/wp-content\/uploads\/2024\/05\/CNC-MARAS.png 1920w\" sizes=\"(max-width: 768px) 100vw, 768px\" \/><\/figure><div class=\"elementor-image-box-content\"><h3 class=\"elementor-image-box-title\">CNC MILLING<\/h3><\/div><\/div>\t\t\t\t<\/div>\n\t\t\t\t<\/div>\n\t\t\t\t<\/div>\n\t\t<div class=\"elementor-element elementor-element-a19b4e3 e-con-full e-flex e-con e-child\" data-id=\"a19b4e3\" data-element_type=\"container\">\n\t\t\t\t<div class=\"elementor-element elementor-element-788c6be img-h-3 elementor-position-top elementor-widget elementor-widget-image-box\" data-id=\"788c6be\" data-element_type=\"widget\" data-widget_type=\"image-box.default\">\n\t\t\t\t<div class=\"elementor-widget-container\">\n\t\t\t\t\t<div class=\"elementor-image-box-wrapper\"><figure class=\"elementor-image-box-img\"><img decoding=\"async\" width=\"768\" height=\"1152\" data-src=\"https:\/\/schmidt-bender.hu\/wp-content\/uploads\/2024\/05\/GYARTASKOZI-ELLENORZES-1-768x1152.png\" class=\"attachment-medium_large size-medium_large wp-image-1569 lazyload\" alt=\"\" data-srcset=\"https:\/\/schmidt-bender.hu\/wp-content\/uploads\/2024\/05\/GYARTASKOZI-ELLENORZES-1-768x1152.png 768w, https:\/\/schmidt-bender.hu\/wp-content\/uploads\/2024\/05\/GYARTASKOZI-ELLENORZES-1-200x300.png 200w, https:\/\/schmidt-bender.hu\/wp-content\/uploads\/2024\/05\/GYARTASKOZI-ELLENORZES-1-683x1024.png 683w, https:\/\/schmidt-bender.hu\/wp-content\/uploads\/2024\/05\/GYARTASKOZI-ELLENORZES-1-1024x1536.png 1024w, https:\/\/schmidt-bender.hu\/wp-content\/uploads\/2024\/05\/GYARTASKOZI-ELLENORZES-1-1365x2048.png 1365w, https:\/\/schmidt-bender.hu\/wp-content\/uploads\/2024\/05\/GYARTASKOZI-ELLENORZES-1.png 1920w\" data-sizes=\"(max-width: 768px) 100vw, 768px\" src=\"data:image\/gif;base64,R0lGODlhAQABAAAAACH5BAEKAAEALAAAAAABAAEAAAICTAEAOw==\" style=\"--smush-placeholder-width: 768px; --smush-placeholder-aspect-ratio: 768\/1152;\" \/><\/figure><div class=\"elementor-image-box-content\"><h3 class=\"elementor-image-box-title\">PROCESS CONTROLLING<\/h3><p class=\"elementor-image-box-description\">\n<\/p><\/div><\/div>\t\t\t\t<\/div>\n\t\t\t\t<\/div>\n\t\t\t\t<\/div>\n\t\t<div class=\"elementor-element elementor-element-d05274b e-con-full e-flex e-con e-child\" data-id=\"d05274b\" data-element_type=\"container\">\n\t\t\t\t<div class=\"elementor-element elementor-element-9070719 img-h-3 elementor-position-top elementor-widget elementor-widget-image-box\" data-id=\"9070719\" data-element_type=\"widget\" data-widget_type=\"image-box.default\">\n\t\t\t\t<div class=\"elementor-widget-container\">\n\t\t\t\t\t<div class=\"elementor-image-box-wrapper\"><figure class=\"elementor-image-box-img\"><img decoding=\"async\" width=\"768\" height=\"1152\" data-src=\"https:\/\/schmidt-bender.hu\/wp-content\/uploads\/2024\/05\/TRADICIONALIS-POLIROZAS-768x1152.png\" class=\"attachment-medium_large size-medium_large wp-image-1575 lazyload\" alt=\"\" data-srcset=\"https:\/\/schmidt-bender.hu\/wp-content\/uploads\/2024\/05\/TRADICIONALIS-POLIROZAS-768x1152.png 768w, https:\/\/schmidt-bender.hu\/wp-content\/uploads\/2024\/05\/TRADICIONALIS-POLIROZAS-200x300.png 200w, https:\/\/schmidt-bender.hu\/wp-content\/uploads\/2024\/05\/TRADICIONALIS-POLIROZAS-683x1024.png 683w, https:\/\/schmidt-bender.hu\/wp-content\/uploads\/2024\/05\/TRADICIONALIS-POLIROZAS-1024x1536.png 1024w, https:\/\/schmidt-bender.hu\/wp-content\/uploads\/2024\/05\/TRADICIONALIS-POLIROZAS-1365x2048.png 1365w, https:\/\/schmidt-bender.hu\/wp-content\/uploads\/2024\/05\/TRADICIONALIS-POLIROZAS.png 1920w\" data-sizes=\"(max-width: 768px) 100vw, 768px\" src=\"data:image\/gif;base64,R0lGODlhAQABAAAAACH5BAEKAAEALAAAAAABAAEAAAICTAEAOw==\" style=\"--smush-placeholder-width: 768px; --smush-placeholder-aspect-ratio: 768\/1152;\" \/><\/figure><div class=\"elementor-image-box-content\"><h3 class=\"elementor-image-box-title\">TRADITIONAL POLISHING<\/h3><p class=\"elementor-image-box-description\">\n<\/p><\/div><\/div>\t\t\t\t<\/div>\n\t\t\t\t<\/div>\n\t\t\t\t<\/div>\n\t\t<div class=\"elementor-element elementor-element-11bf299 e-con-full e-flex e-con e-child\" data-id=\"11bf299\" data-element_type=\"container\">\n\t\t\t\t<div class=\"elementor-element elementor-element-8253edd img-w-3 elementor-position-top elementor-widget elementor-widget-image-box\" data-id=\"8253edd\" data-element_type=\"widget\" data-widget_type=\"image-box.default\">\n\t\t\t\t<div class=\"elementor-widget-container\">\n\t\t\t\t\t<div class=\"elementor-image-box-wrapper\"><figure class=\"elementor-image-box-img\"><img decoding=\"async\" width=\"768\" height=\"468\" data-src=\"https:\/\/schmidt-bender.hu\/wp-content\/uploads\/2024\/10\/CNC-POLIROZAS-768x468.png\" class=\"attachment-medium_large size-medium_large wp-image-2305 lazyload\" alt=\"\" data-srcset=\"https:\/\/schmidt-bender.hu\/wp-content\/uploads\/2024\/10\/CNC-POLIROZAS-768x468.png 768w, https:\/\/schmidt-bender.hu\/wp-content\/uploads\/2024\/10\/CNC-POLIROZAS-300x183.png 300w, https:\/\/schmidt-bender.hu\/wp-content\/uploads\/2024\/10\/CNC-POLIROZAS-1024x623.png 1024w, https:\/\/schmidt-bender.hu\/wp-content\/uploads\/2024\/10\/CNC-POLIROZAS-1536x935.png 1536w, https:\/\/schmidt-bender.hu\/wp-content\/uploads\/2024\/10\/CNC-POLIROZAS.png 1920w\" data-sizes=\"(max-width: 768px) 100vw, 768px\" src=\"data:image\/gif;base64,R0lGODlhAQABAAAAACH5BAEKAAEALAAAAAABAAEAAAICTAEAOw==\" style=\"--smush-placeholder-width: 768px; --smush-placeholder-aspect-ratio: 768\/468;\" \/><\/figure><div class=\"elementor-image-box-content\"><h3 class=\"elementor-image-box-title\">CNC POLISHING<\/h3><p class=\"elementor-image-box-description\">\n<\/p><\/div><\/div>\t\t\t\t<\/div>\n\t\t\t\t<\/div>\n\t\t\t\t<\/div>\n\t\t<div class=\"elementor-element elementor-element-5a2aaf9 e-con-full e-flex e-con e-child\" data-id=\"5a2aaf9\" data-element_type=\"container\">\n\t\t\t\t<div class=\"elementor-element elementor-element-6570597 img-w-3 elementor-position-top elementor-widget elementor-widget-image-box\" data-id=\"6570597\" data-element_type=\"widget\" data-widget_type=\"image-box.default\">\n\t\t\t\t<div class=\"elementor-widget-container\">\n\t\t\t\t\t<div class=\"elementor-image-box-wrapper\"><figure class=\"elementor-image-box-img\"><img decoding=\"async\" width=\"768\" height=\"434\" data-src=\"https:\/\/schmidt-bender.hu\/wp-content\/uploads\/2024\/05\/POLIRGEPSOR-768x434.png\" class=\"attachment-medium_large size-medium_large wp-image-1571 lazyload\" alt=\"\" data-srcset=\"https:\/\/schmidt-bender.hu\/wp-content\/uploads\/2024\/05\/POLIRGEPSOR-768x434.png 768w, https:\/\/schmidt-bender.hu\/wp-content\/uploads\/2024\/05\/POLIRGEPSOR-300x169.png 300w, https:\/\/schmidt-bender.hu\/wp-content\/uploads\/2024\/05\/POLIRGEPSOR-1024x578.png 1024w, https:\/\/schmidt-bender.hu\/wp-content\/uploads\/2024\/05\/POLIRGEPSOR-1536x867.png 1536w, https:\/\/schmidt-bender.hu\/wp-content\/uploads\/2024\/05\/POLIRGEPSOR.png 1920w\" data-sizes=\"(max-width: 768px) 100vw, 768px\" src=\"data:image\/gif;base64,R0lGODlhAQABAAAAACH5BAEKAAEALAAAAAABAAEAAAICTAEAOw==\" style=\"--smush-placeholder-width: 768px; --smush-placeholder-aspect-ratio: 768\/434;\" \/><\/figure><div class=\"elementor-image-box-content\"><h3 class=\"elementor-image-box-title\">POLISHING MACHINES<\/h3><p class=\"elementor-image-box-description\">\n<\/p><\/div><\/div>\t\t\t\t<\/div>\n\t\t\t\t<\/div>\n\t\t\t\t<\/div>\n\t\t<div class=\"elementor-element elementor-element-3b24600 e-con-full e-flex e-con e-child\" data-id=\"3b24600\" data-element_type=\"container\">\n\t\t\t\t<div class=\"elementor-element elementor-element-1504fe4 img-w-3 elementor-position-top elementor-widget elementor-widget-image-box\" data-id=\"1504fe4\" data-element_type=\"widget\" data-widget_type=\"image-box.default\">\n\t\t\t\t<div class=\"elementor-widget-container\">\n\t\t\t\t\t<div class=\"elementor-image-box-wrapper\"><figure class=\"elementor-image-box-img\"><img decoding=\"async\" width=\"768\" height=\"475\" data-src=\"https:\/\/schmidt-bender.hu\/wp-content\/uploads\/2024\/10\/PRECIZIOS-KOZPONTOSITAS-768x475.png\" class=\"attachment-medium_large size-medium_large wp-image-2326 lazyload\" alt=\"\" data-srcset=\"https:\/\/schmidt-bender.hu\/wp-content\/uploads\/2024\/10\/PRECIZIOS-KOZPONTOSITAS-768x475.png 768w, https:\/\/schmidt-bender.hu\/wp-content\/uploads\/2024\/10\/PRECIZIOS-KOZPONTOSITAS-300x186.png 300w, https:\/\/schmidt-bender.hu\/wp-content\/uploads\/2024\/10\/PRECIZIOS-KOZPONTOSITAS-1024x634.png 1024w, https:\/\/schmidt-bender.hu\/wp-content\/uploads\/2024\/10\/PRECIZIOS-KOZPONTOSITAS-1536x950.png 1536w, https:\/\/schmidt-bender.hu\/wp-content\/uploads\/2024\/10\/PRECIZIOS-KOZPONTOSITAS.png 1920w\" data-sizes=\"(max-width: 768px) 100vw, 768px\" src=\"data:image\/gif;base64,R0lGODlhAQABAAAAACH5BAEKAAEALAAAAAABAAEAAAICTAEAOw==\" style=\"--smush-placeholder-width: 768px; --smush-placeholder-aspect-ratio: 768\/475;\" \/><\/figure><div class=\"elementor-image-box-content\"><h3 class=\"elementor-image-box-title\">PREC\u00cdZI\u00d3S K\u00d6ZPONTOS\u00cdT\u00c1S<\/h3><p class=\"elementor-image-box-description\">\n<\/p><\/div><\/div>\t\t\t\t<\/div>\n\t\t\t\t<\/div>\n\t\t\t\t<\/div>\n\t\t\t\t\t<\/div>\n\t\t\t\t<\/div>\n\t\t\t\t<\/div>\n\t\t","protected":false},"excerpt":{"rendered":"<p>Schmidt + Bender provides spherical optics (lenses, achromatic lenses, cemented systems, mirrors) with the highest accuracy for applications in laser-, reproductive-, measurement technology, research and other applications. In addition to a permanent process and production monitoring, a final inspection is carried out using high-quality instruments. Coatings are made in our factory under clean room conditions [&hellip;]<\/p>\n","protected":false},"author":3,"featured_media":1137,"parent":1763,"menu_order":0,"comment_status":"closed","ping_status":"closed","template":"","meta":{"footnotes":""},"class_list":["post-1769","page","type-page","status-publish","has-post-thumbnail","hentry"],"yoast_head":"<!-- This site is optimized with the Yoast SEO Premium plugin v22.5 (Yoast SEO v24.4) - https:\/\/yoast.com\/wordpress\/plugins\/seo\/ -->\n<title>Spherical Lenses - Schmidt-Bender Hung\u00e1ria<\/title>\n<meta name=\"robots\" content=\"index, follow, max-snippet:-1, max-image-preview:large, max-video-preview:-1\" \/>\n<link rel=\"canonical\" href=\"https:\/\/schmidt-bender.hu\/optika\/szferikus-lencsek\/\" \/>\n<meta property=\"og:locale\" content=\"en_US\" \/>\n<meta property=\"og:type\" content=\"article\" \/>\n<meta property=\"og:title\" content=\"Spherical Lenses\" \/>\n<meta property=\"og:description\" content=\"Schmidt + Bender provides spherical optics (lenses, achromatic lenses, cemented systems, mirrors) with the highest accuracy for applications in laser-, reproductive-, measurement technology, research and other applications. In addition to a permanent process and production monitoring, a final inspection is carried out using high-quality instruments. Coatings are made in our factory under clean room conditions [&hellip;]\" \/>\n<meta property=\"og:url\" content=\"https:\/\/schmidt-bender.hu\/optika\/szferikus-lencsek\/\" \/>\n<meta property=\"og:site_name\" content=\"Schmidt-Bender Hung\u00e1ria\" \/>\n<meta property=\"article:modified_time\" content=\"2025-01-29T14:08:04+00:00\" \/>\n<meta property=\"og:image\" content=\"https:\/\/schmidt-bender.hu\/wp-content\/uploads\/2024\/05\/optika_kiemelt.png\" \/>\n\t<meta property=\"og:image:width\" content=\"973\" \/>\n\t<meta property=\"og:image:height\" content=\"144\" \/>\n\t<meta property=\"og:image:type\" content=\"image\/png\" \/>\n<meta name=\"twitter:card\" content=\"summary_large_image\" \/>\n<meta name=\"twitter:label1\" content=\"Est. reading time\" \/>\n\t<meta name=\"twitter:data1\" content=\"3 minutes\" \/>\n<script type=\"application\/ld+json\" class=\"yoast-schema-graph\">{\"@context\":\"https:\/\/schema.org\",\"@graph\":[{\"@type\":\"WebPage\",\"@id\":\"https:\/\/schmidt-bender.hu\/optika\/szferikus-lencsek\/\",\"url\":\"https:\/\/schmidt-bender.hu\/optika\/szferikus-lencsek\/\",\"name\":\"Spherical Lenses - Schmidt-Bender Hung\u00e1ria\",\"isPartOf\":{\"@id\":\"https:\/\/schmidt-bender.hu\/#website\"},\"primaryImageOfPage\":{\"@id\":\"https:\/\/schmidt-bender.hu\/optika\/szferikus-lencsek\/#primaryimage\"},\"image\":{\"@id\":\"https:\/\/schmidt-bender.hu\/optika\/szferikus-lencsek\/#primaryimage\"},\"thumbnailUrl\":\"https:\/\/schmidt-bender.hu\/wp-content\/uploads\/2024\/05\/optika_kiemelt.png\",\"datePublished\":\"2024-03-20T08:40:35+00:00\",\"dateModified\":\"2025-01-29T14:08:04+00:00\",\"breadcrumb\":{\"@id\":\"https:\/\/schmidt-bender.hu\/optika\/szferikus-lencsek\/#breadcrumb\"},\"inLanguage\":\"en-US\",\"potentialAction\":[{\"@type\":\"ReadAction\",\"target\":[\"https:\/\/schmidt-bender.hu\/optika\/szferikus-lencsek\/\"]}]},{\"@type\":\"ImageObject\",\"inLanguage\":\"en-US\",\"@id\":\"https:\/\/schmidt-bender.hu\/optika\/szferikus-lencsek\/#primaryimage\",\"url\":\"https:\/\/schmidt-bender.hu\/wp-content\/uploads\/2024\/05\/optika_kiemelt.png\",\"contentUrl\":\"https:\/\/schmidt-bender.hu\/wp-content\/uploads\/2024\/05\/optika_kiemelt.png\",\"width\":973,\"height\":144,\"caption\":\"Schmidt Bender Hung\u00e1ria Optika\"},{\"@type\":\"BreadcrumbList\",\"@id\":\"https:\/\/schmidt-bender.hu\/optika\/szferikus-lencsek\/#breadcrumb\",\"itemListElement\":[{\"@type\":\"ListItem\",\"position\":1,\"name\":\"Home\",\"item\":\"https:\/\/schmidt-bender.hu\/optika\/\"},{\"@type\":\"ListItem\",\"position\":2,\"name\":\"Spherical Lenses\"}]},{\"@type\":\"WebSite\",\"@id\":\"https:\/\/schmidt-bender.hu\/#website\",\"url\":\"https:\/\/schmidt-bender.hu\/\",\"name\":\"Schmidt-Bender Hung\u00e1ria\",\"description\":\"C\u00e9lt\u00e1vcs\u00f6vek, optika \u00e9s sz\u00e1loptika\",\"publisher\":{\"@id\":\"https:\/\/schmidt-bender.hu\/#organization\"},\"potentialAction\":[{\"@type\":\"SearchAction\",\"target\":{\"@type\":\"EntryPoint\",\"urlTemplate\":\"https:\/\/schmidt-bender.hu\/?s={search_term_string}\"},\"query-input\":{\"@type\":\"PropertyValueSpecification\",\"valueRequired\":true,\"valueName\":\"search_term_string\"}}],\"inLanguage\":\"en-US\"},{\"@type\":\"Organization\",\"@id\":\"https:\/\/schmidt-bender.hu\/#organization\",\"name\":\"Schmidt-Bender Hung\u00e1ria\",\"url\":\"https:\/\/schmidt-bender.hu\/\",\"logo\":{\"@type\":\"ImageObject\",\"inLanguage\":\"en-US\",\"@id\":\"https:\/\/schmidt-bender.hu\/#\/schema\/logo\/image\/\",\"url\":\"https:\/\/schmidt-bender.hu\/wp-content\/uploads\/2024\/03\/header_logo.png\",\"contentUrl\":\"https:\/\/schmidt-bender.hu\/wp-content\/uploads\/2024\/03\/header_logo.png\",\"width\":202,\"height\":41,\"caption\":\"Schmidt-Bender Hung\u00e1ria\"},\"image\":{\"@id\":\"https:\/\/schmidt-bender.hu\/#\/schema\/logo\/image\/\"}}]}<\/script>\n<!-- \/ Yoast SEO Premium plugin. -->","yoast_head_json":{"title":"Spherical Lenses - Schmidt-Bender Hung\u00e1ria","robots":{"index":"index","follow":"follow","max-snippet":"max-snippet:-1","max-image-preview":"max-image-preview:large","max-video-preview":"max-video-preview:-1"},"canonical":"https:\/\/schmidt-bender.hu\/optika\/szferikus-lencsek\/","og_locale":"en_US","og_type":"article","og_title":"Spherical Lenses","og_description":"Schmidt + Bender provides spherical optics (lenses, achromatic lenses, cemented systems, mirrors) with the highest accuracy for applications in laser-, reproductive-, measurement technology, research and other applications. In addition to a permanent process and production monitoring, a final inspection is carried out using high-quality instruments. Coatings are made in our factory under clean room conditions [&hellip;]","og_url":"https:\/\/schmidt-bender.hu\/optika\/szferikus-lencsek\/","og_site_name":"Schmidt-Bender Hung\u00e1ria","article_modified_time":"2025-01-29T14:08:04+00:00","og_image":[{"width":973,"height":144,"url":"https:\/\/schmidt-bender.hu\/wp-content\/uploads\/2024\/05\/optika_kiemelt.png","type":"image\/png"}],"twitter_card":"summary_large_image","twitter_misc":{"Est. reading time":"3 minutes"},"schema":{"@context":"https:\/\/schema.org","@graph":[{"@type":"WebPage","@id":"https:\/\/schmidt-bender.hu\/optika\/szferikus-lencsek\/","url":"https:\/\/schmidt-bender.hu\/optika\/szferikus-lencsek\/","name":"Spherical Lenses - Schmidt-Bender Hung\u00e1ria","isPartOf":{"@id":"https:\/\/schmidt-bender.hu\/#website"},"primaryImageOfPage":{"@id":"https:\/\/schmidt-bender.hu\/optika\/szferikus-lencsek\/#primaryimage"},"image":{"@id":"https:\/\/schmidt-bender.hu\/optika\/szferikus-lencsek\/#primaryimage"},"thumbnailUrl":"https:\/\/schmidt-bender.hu\/wp-content\/uploads\/2024\/05\/optika_kiemelt.png","datePublished":"2024-03-20T08:40:35+00:00","dateModified":"2025-01-29T14:08:04+00:00","breadcrumb":{"@id":"https:\/\/schmidt-bender.hu\/optika\/szferikus-lencsek\/#breadcrumb"},"inLanguage":"en-US","potentialAction":[{"@type":"ReadAction","target":["https:\/\/schmidt-bender.hu\/optika\/szferikus-lencsek\/"]}]},{"@type":"ImageObject","inLanguage":"en-US","@id":"https:\/\/schmidt-bender.hu\/optika\/szferikus-lencsek\/#primaryimage","url":"https:\/\/schmidt-bender.hu\/wp-content\/uploads\/2024\/05\/optika_kiemelt.png","contentUrl":"https:\/\/schmidt-bender.hu\/wp-content\/uploads\/2024\/05\/optika_kiemelt.png","width":973,"height":144,"caption":"Schmidt Bender Hung\u00e1ria Optika"},{"@type":"BreadcrumbList","@id":"https:\/\/schmidt-bender.hu\/optika\/szferikus-lencsek\/#breadcrumb","itemListElement":[{"@type":"ListItem","position":1,"name":"Home","item":"https:\/\/schmidt-bender.hu\/optika\/"},{"@type":"ListItem","position":2,"name":"Spherical Lenses"}]},{"@type":"WebSite","@id":"https:\/\/schmidt-bender.hu\/#website","url":"https:\/\/schmidt-bender.hu\/","name":"Schmidt-Bender Hung\u00e1ria","description":"C\u00e9lt\u00e1vcs\u00f6vek, optika \u00e9s sz\u00e1loptika","publisher":{"@id":"https:\/\/schmidt-bender.hu\/#organization"},"potentialAction":[{"@type":"SearchAction","target":{"@type":"EntryPoint","urlTemplate":"https:\/\/schmidt-bender.hu\/?s={search_term_string}"},"query-input":{"@type":"PropertyValueSpecification","valueRequired":true,"valueName":"search_term_string"}}],"inLanguage":"en-US"},{"@type":"Organization","@id":"https:\/\/schmidt-bender.hu\/#organization","name":"Schmidt-Bender Hung\u00e1ria","url":"https:\/\/schmidt-bender.hu\/","logo":{"@type":"ImageObject","inLanguage":"en-US","@id":"https:\/\/schmidt-bender.hu\/#\/schema\/logo\/image\/","url":"https:\/\/schmidt-bender.hu\/wp-content\/uploads\/2024\/03\/header_logo.png","contentUrl":"https:\/\/schmidt-bender.hu\/wp-content\/uploads\/2024\/03\/header_logo.png","width":202,"height":41,"caption":"Schmidt-Bender Hung\u00e1ria"},"image":{"@id":"https:\/\/schmidt-bender.hu\/#\/schema\/logo\/image\/"}}]}},"_links":{"self":[{"href":"https:\/\/schmidt-bender.hu\/en\/wp-json\/wp\/v2\/pages\/1769","targetHints":{"allow":["GET"]}}],"collection":[{"href":"https:\/\/schmidt-bender.hu\/en\/wp-json\/wp\/v2\/pages"}],"about":[{"href":"https:\/\/schmidt-bender.hu\/en\/wp-json\/wp\/v2\/types\/page"}],"author":[{"embeddable":true,"href":"https:\/\/schmidt-bender.hu\/en\/wp-json\/wp\/v2\/users\/3"}],"replies":[{"embeddable":true,"href":"https:\/\/schmidt-bender.hu\/en\/wp-json\/wp\/v2\/comments?post=1769"}],"version-history":[{"count":22,"href":"https:\/\/schmidt-bender.hu\/en\/wp-json\/wp\/v2\/pages\/1769\/revisions"}],"predecessor-version":[{"id":2737,"href":"https:\/\/schmidt-bender.hu\/en\/wp-json\/wp\/v2\/pages\/1769\/revisions\/2737"}],"up":[{"embeddable":true,"href":"https:\/\/schmidt-bender.hu\/en\/wp-json\/wp\/v2\/pages\/1763"}],"wp:featuredmedia":[{"embeddable":true,"href":"https:\/\/schmidt-bender.hu\/en\/wp-json\/wp\/v2\/media\/1137"}],"wp:attachment":[{"href":"https:\/\/schmidt-bender.hu\/en\/wp-json\/wp\/v2\/media?parent=1769"}],"curies":[{"name":"wp","href":"https:\/\/api.w.org\/{rel}","templated":true}]}}