{"id":1768,"date":"2024-03-20T08:58:21","date_gmt":"2024-03-20T08:58:21","guid":{"rendered":"https:\/\/schmidt-bender.hu\/optika\/sikoptika-szurok-prizmak\/"},"modified":"2024-10-08T12:44:11","modified_gmt":"2024-10-08T12:44:11","slug":"sikoptika-szurok-prizmak","status":"publish","type":"page","link":"https:\/\/schmidt-bender.hu\/en\/optika\/sikoptika-szurok-prizmak\/","title":{"rendered":"Plano optics, Filters, Prisms"},"content":{"rendered":"\t\t<div data-elementor-type=\"wp-page\" data-elementor-id=\"1768\" class=\"elementor elementor-1768 elementor-236\" data-elementor-post-type=\"page\">\n\t\t\t\t<div class=\"elementor-element elementor-element-58fa5c3 e-flex e-con-boxed e-con e-parent\" data-id=\"58fa5c3\" data-element_type=\"container\">\n\t\t\t\t\t<div class=\"e-con-inner\">\n\t\t<div class=\"elementor-element elementor-element-ec96d49 e-con-full e-flex e-con e-child\" data-id=\"ec96d49\" data-element_type=\"container\">\n\t\t\t\t<div class=\"elementor-element elementor-element-f73fbc8 elementor-widget elementor-widget-text-editor\" data-id=\"f73fbc8\" data-element_type=\"widget\" data-widget_type=\"text-editor.default\">\n\t\t\t\t<div class=\"elementor-widget-container\">\n\t\t\t\t\t\t\t\t\t<p>We are producing:<\/p>\n<ul>\n<li>Prisms, Wedges<\/li>\n<li>Mirrors<\/li>\n<li>Windows, diffusers<\/li>\n<li>Substrates<\/li>\n<li>Wafers, ultra-thin wafers<\/li>\n<li>Colored glass filters, neutral density filters<\/li>\n<li>Coatings, interference filters, beam splitters<\/li>\n<\/ul>\n<p>from a wide variety of materials:<\/p>\n<ul>\n<li>Optical glass<\/li>\n<li>Colored glass<\/li>\n<li>Borofloat (Schott))<\/li>\n<li>Pyrex (Corning)<\/li>\n<li>Quartz (olvasztott szil\u00edcium, olvasztott kvarc)<\/li>\n<\/ul>\n\t\t\t\t\t\t\t\t<\/div>\n\t\t\t\t<\/div>\n\t\t\t\t<\/div>\n\t\t\t\t\t<\/div>\n\t\t\t\t<\/div>\n\t\t<div class=\"elementor-element elementor-element-00c689a image-box-img e-flex e-con-boxed e-con e-parent\" data-id=\"00c689a\" data-element_type=\"container\">\n\t\t\t\t\t<div class=\"e-con-inner\">\n\t\t<div class=\"elementor-element elementor-element-ce66a4c e-con-full e-flex e-con e-child\" data-id=\"ce66a4c\" data-element_type=\"container\">\n\t\t\t\t<div class=\"elementor-element elementor-element-ae4dd4c elementor-position-top elementor-widget elementor-widget-image-box\" data-id=\"ae4dd4c\" data-element_type=\"widget\" data-widget_type=\"image-box.default\">\n\t\t\t\t<div class=\"elementor-widget-container\">\n\t\t\t\t\t<div class=\"elementor-image-box-wrapper\"><figure class=\"elementor-image-box-img\"><img fetchpriority=\"high\" decoding=\"async\" width=\"768\" height=\"512\" src=\"https:\/\/schmidt-bender.hu\/wp-content\/uploads\/2024\/05\/KLASSZIKUS-CSISZOLAS-768x512.png\" class=\"attachment-medium_large size-medium_large wp-image-1548\" alt=\"\" srcset=\"https:\/\/schmidt-bender.hu\/wp-content\/uploads\/2024\/05\/KLASSZIKUS-CSISZOLAS-768x512.png 768w, https:\/\/schmidt-bender.hu\/wp-content\/uploads\/2024\/05\/KLASSZIKUS-CSISZOLAS-300x200.png 300w, https:\/\/schmidt-bender.hu\/wp-content\/uploads\/2024\/05\/KLASSZIKUS-CSISZOLAS-1024x683.png 1024w, https:\/\/schmidt-bender.hu\/wp-content\/uploads\/2024\/05\/KLASSZIKUS-CSISZOLAS-1536x1024.png 1536w, https:\/\/schmidt-bender.hu\/wp-content\/uploads\/2024\/05\/KLASSZIKUS-CSISZOLAS.png 1920w\" sizes=\"(max-width: 768px) 100vw, 768px\" \/><\/figure><div class=\"elementor-image-box-content\"><h3 class=\"elementor-image-box-title\">CLASSIC FINEGRINDING<\/h3><\/div><\/div>\t\t\t\t<\/div>\n\t\t\t\t<\/div>\n\t\t\t\t<\/div>\n\t\t<div class=\"elementor-element elementor-element-c172c14 e-con-full e-flex e-con e-child\" data-id=\"c172c14\" data-element_type=\"container\">\n\t\t\t\t<div class=\"elementor-element elementor-element-2208ee9 elementor-position-top elementor-widget elementor-widget-image-box\" data-id=\"2208ee9\" data-element_type=\"widget\" data-widget_type=\"image-box.default\">\n\t\t\t\t<div class=\"elementor-widget-container\">\n\t\t\t\t\t<div class=\"elementor-image-box-wrapper\"><figure class=\"elementor-image-box-img\"><img decoding=\"async\" width=\"768\" height=\"510\" data-src=\"https:\/\/schmidt-bender.hu\/wp-content\/uploads\/2024\/05\/ILLESZTETT-OPTIKAK-POLIROZASA-768x510.png\" class=\"attachment-medium_large size-medium_large wp-image-1545 lazyload\" alt=\"\" data-srcset=\"https:\/\/schmidt-bender.hu\/wp-content\/uploads\/2024\/05\/ILLESZTETT-OPTIKAK-POLIROZASA-768x510.png 768w, https:\/\/schmidt-bender.hu\/wp-content\/uploads\/2024\/05\/ILLESZTETT-OPTIKAK-POLIROZASA-300x199.png 300w, https:\/\/schmidt-bender.hu\/wp-content\/uploads\/2024\/05\/ILLESZTETT-OPTIKAK-POLIROZASA-1024x681.png 1024w, https:\/\/schmidt-bender.hu\/wp-content\/uploads\/2024\/05\/ILLESZTETT-OPTIKAK-POLIROZASA-1536x1021.png 1536w, https:\/\/schmidt-bender.hu\/wp-content\/uploads\/2024\/05\/ILLESZTETT-OPTIKAK-POLIROZASA.png 1920w\" data-sizes=\"(max-width: 768px) 100vw, 768px\" src=\"data:image\/gif;base64,R0lGODlhAQABAAAAACH5BAEKAAEALAAAAAABAAEAAAICTAEAOw==\" style=\"--smush-placeholder-width: 768px; --smush-placeholder-aspect-ratio: 768\/510;\" \/><\/figure><div class=\"elementor-image-box-content\"><h3 class=\"elementor-image-box-title\">POLISHING WITH OPTICAL BOUNDING<\/h3><p class=\"elementor-image-box-description\">\n<\/p><\/div><\/div>\t\t\t\t<\/div>\n\t\t\t\t<\/div>\n\t\t\t\t<\/div>\n\t\t<div class=\"elementor-element elementor-element-76d1152 e-con-full e-flex e-con e-child\" data-id=\"76d1152\" data-element_type=\"container\">\n\t\t\t\t<div class=\"elementor-element elementor-element-129d848 elementor-position-top elementor-widget elementor-widget-image-box\" data-id=\"129d848\" data-element_type=\"widget\" data-widget_type=\"image-box.default\">\n\t\t\t\t<div class=\"elementor-widget-container\">\n\t\t\t\t\t<div class=\"elementor-image-box-wrapper\"><figure class=\"elementor-image-box-img\"><img decoding=\"async\" width=\"768\" height=\"512\" data-src=\"https:\/\/schmidt-bender.hu\/wp-content\/uploads\/2024\/05\/KLASSZIKUS-SIKPOLIR-768x512.png\" class=\"attachment-medium_large size-medium_large wp-image-1550 lazyload\" alt=\"\" data-srcset=\"https:\/\/schmidt-bender.hu\/wp-content\/uploads\/2024\/05\/KLASSZIKUS-SIKPOLIR-768x512.png 768w, https:\/\/schmidt-bender.hu\/wp-content\/uploads\/2024\/05\/KLASSZIKUS-SIKPOLIR-300x200.png 300w, https:\/\/schmidt-bender.hu\/wp-content\/uploads\/2024\/05\/KLASSZIKUS-SIKPOLIR-1024x683.png 1024w, https:\/\/schmidt-bender.hu\/wp-content\/uploads\/2024\/05\/KLASSZIKUS-SIKPOLIR-1536x1024.png 1536w, https:\/\/schmidt-bender.hu\/wp-content\/uploads\/2024\/05\/KLASSZIKUS-SIKPOLIR.png 1920w\" data-sizes=\"(max-width: 768px) 100vw, 768px\" src=\"data:image\/gif;base64,R0lGODlhAQABAAAAACH5BAEKAAEALAAAAAABAAEAAAICTAEAOw==\" style=\"--smush-placeholder-width: 768px; --smush-placeholder-aspect-ratio: 768\/512;\" \/><\/figure><div class=\"elementor-image-box-content\"><h3 class=\"elementor-image-box-title\">CLASSIC PLANO-POLISHING<\/h3><p class=\"elementor-image-box-description\">\n<\/p><\/div><\/div>\t\t\t\t<\/div>\n\t\t\t\t<\/div>\n\t\t\t\t<\/div>\n\t\t<div class=\"elementor-element elementor-element-eee379b e-con-full e-flex e-con e-child\" data-id=\"eee379b\" data-element_type=\"container\">\n\t\t\t\t<div class=\"elementor-element elementor-element-c557da5 elementor-position-top elementor-widget elementor-widget-image-box\" data-id=\"c557da5\" data-element_type=\"widget\" data-widget_type=\"image-box.default\">\n\t\t\t\t<div class=\"elementor-widget-container\">\n\t\t\t\t\t<div class=\"elementor-image-box-wrapper\"><figure class=\"elementor-image-box-img\"><img decoding=\"async\" width=\"768\" height=\"431\" data-src=\"https:\/\/schmidt-bender.hu\/wp-content\/uploads\/2024\/10\/NAGY-MERETU-SIKOPTIKAK-LARGE-APERTURE-FLAT-OPTICS-768x431.jpg\" class=\"attachment-medium_large size-medium_large wp-image-2436 lazyload\" alt=\"\" data-srcset=\"https:\/\/schmidt-bender.hu\/wp-content\/uploads\/2024\/10\/NAGY-MERETU-SIKOPTIKAK-LARGE-APERTURE-FLAT-OPTICS-768x431.jpg 768w, https:\/\/schmidt-bender.hu\/wp-content\/uploads\/2024\/10\/NAGY-MERETU-SIKOPTIKAK-LARGE-APERTURE-FLAT-OPTICS-300x168.jpg 300w, https:\/\/schmidt-bender.hu\/wp-content\/uploads\/2024\/10\/NAGY-MERETU-SIKOPTIKAK-LARGE-APERTURE-FLAT-OPTICS-1024x575.jpg 1024w, https:\/\/schmidt-bender.hu\/wp-content\/uploads\/2024\/10\/NAGY-MERETU-SIKOPTIKAK-LARGE-APERTURE-FLAT-OPTICS-1536x863.jpg 1536w, https:\/\/schmidt-bender.hu\/wp-content\/uploads\/2024\/10\/NAGY-MERETU-SIKOPTIKAK-LARGE-APERTURE-FLAT-OPTICS-2048x1150.jpg 2048w\" data-sizes=\"(max-width: 768px) 100vw, 768px\" src=\"data:image\/gif;base64,R0lGODlhAQABAAAAACH5BAEKAAEALAAAAAABAAEAAAICTAEAOw==\" style=\"--smush-placeholder-width: 768px; --smush-placeholder-aspect-ratio: 768\/431;\" \/><\/figure><div class=\"elementor-image-box-content\"><h3 class=\"elementor-image-box-title\">LARGE APERTURE FLAT OPTICS<\/h3><p class=\"elementor-image-box-description\">\n<\/p><\/div><\/div>\t\t\t\t<\/div>\n\t\t\t\t<\/div>\n\t\t\t\t<\/div>\n\t\t<div class=\"elementor-element elementor-element-1563904 e-con-full e-flex e-con e-child\" data-id=\"1563904\" data-element_type=\"container\">\n\t\t\t\t<div class=\"elementor-element elementor-element-eddc89f elementor-position-top elementor-widget elementor-widget-image-box\" data-id=\"eddc89f\" data-element_type=\"widget\" data-widget_type=\"image-box.default\">\n\t\t\t\t<div class=\"elementor-widget-container\">\n\t\t\t\t\t<div class=\"elementor-image-box-wrapper\"><figure class=\"elementor-image-box-img\"><img decoding=\"async\" width=\"768\" height=\"512\" data-src=\"https:\/\/schmidt-bender.hu\/wp-content\/uploads\/2024\/05\/PRECIZIOS-FINOMRAGASZTAS-768x512.png\" class=\"attachment-medium_large size-medium_large wp-image-1554 lazyload\" alt=\"\" data-srcset=\"https:\/\/schmidt-bender.hu\/wp-content\/uploads\/2024\/05\/PRECIZIOS-FINOMRAGASZTAS-768x512.png 768w, https:\/\/schmidt-bender.hu\/wp-content\/uploads\/2024\/05\/PRECIZIOS-FINOMRAGASZTAS-300x200.png 300w, https:\/\/schmidt-bender.hu\/wp-content\/uploads\/2024\/05\/PRECIZIOS-FINOMRAGASZTAS-1024x683.png 1024w, https:\/\/schmidt-bender.hu\/wp-content\/uploads\/2024\/05\/PRECIZIOS-FINOMRAGASZTAS-1536x1024.png 1536w, https:\/\/schmidt-bender.hu\/wp-content\/uploads\/2024\/05\/PRECIZIOS-FINOMRAGASZTAS.png 1920w\" data-sizes=\"(max-width: 768px) 100vw, 768px\" src=\"data:image\/gif;base64,R0lGODlhAQABAAAAACH5BAEKAAEALAAAAAABAAEAAAICTAEAOw==\" style=\"--smush-placeholder-width: 768px; --smush-placeholder-aspect-ratio: 768\/512;\" \/><\/figure><div class=\"elementor-image-box-content\"><h3 class=\"elementor-image-box-title\">PRECISION OPTICAL CEMENTING<\/h3><p class=\"elementor-image-box-description\">\n<\/p><\/div><\/div>\t\t\t\t<\/div>\n\t\t\t\t<\/div>\n\t\t\t\t<\/div>\n\t\t<div class=\"elementor-element elementor-element-4e66ac5 e-con-full e-flex e-con e-child\" data-id=\"4e66ac5\" data-element_type=\"container\">\n\t\t\t\t<div class=\"elementor-element elementor-element-54dd241 elementor-position-top elementor-widget elementor-widget-image-box\" data-id=\"54dd241\" data-element_type=\"widget\" data-widget_type=\"image-box.default\">\n\t\t\t\t<div class=\"elementor-widget-container\">\n\t\t\t\t\t<div class=\"elementor-image-box-wrapper\"><figure class=\"elementor-image-box-img\"><img decoding=\"async\" width=\"768\" height=\"440\" data-src=\"https:\/\/schmidt-bender.hu\/wp-content\/uploads\/2024\/10\/PRECIZIOS-SZOGMERES-PRECISON-ANGLE-MEASUREMENT-768x440.png\" class=\"attachment-medium_large size-medium_large wp-image-2338 lazyload\" alt=\"\" data-srcset=\"https:\/\/schmidt-bender.hu\/wp-content\/uploads\/2024\/10\/PRECIZIOS-SZOGMERES-PRECISON-ANGLE-MEASUREMENT-768x440.png 768w, https:\/\/schmidt-bender.hu\/wp-content\/uploads\/2024\/10\/PRECIZIOS-SZOGMERES-PRECISON-ANGLE-MEASUREMENT-300x172.png 300w, https:\/\/schmidt-bender.hu\/wp-content\/uploads\/2024\/10\/PRECIZIOS-SZOGMERES-PRECISON-ANGLE-MEASUREMENT-1024x587.png 1024w, https:\/\/schmidt-bender.hu\/wp-content\/uploads\/2024\/10\/PRECIZIOS-SZOGMERES-PRECISON-ANGLE-MEASUREMENT-1536x881.png 1536w, https:\/\/schmidt-bender.hu\/wp-content\/uploads\/2024\/10\/PRECIZIOS-SZOGMERES-PRECISON-ANGLE-MEASUREMENT.png 1920w\" data-sizes=\"(max-width: 768px) 100vw, 768px\" src=\"data:image\/gif;base64,R0lGODlhAQABAAAAACH5BAEKAAEALAAAAAABAAEAAAICTAEAOw==\" style=\"--smush-placeholder-width: 768px; --smush-placeholder-aspect-ratio: 768\/440;\" \/><\/figure><div class=\"elementor-image-box-content\"><h3 class=\"elementor-image-box-title\">PRECISON ANGLE MEASUREMENT<\/h3><p class=\"elementor-image-box-description\">\n<\/p><\/div><\/div>\t\t\t\t<\/div>\n\t\t\t\t<\/div>\n\t\t\t\t<\/div>\n\t\t\t\t\t<\/div>\n\t\t\t\t<\/div>\n\t\t\t\t<\/div>\n\t\t","protected":false},"excerpt":{"rendered":"<p>We are producing: Prisms, Wedges Mirrors Windows, diffusers Substrates Wafers, ultra-thin wafers Colored glass filters, neutral density filters Coatings, interference filters, beam splitters from a wide variety of materials: Optical glass Colored glass Borofloat (Schott)) Pyrex (Corning) Quartz (olvasztott szil\u00edcium, olvasztott kvarc) CLASSIC FINEGRINDING POLISHING WITH OPTICAL BOUNDING CLASSIC PLANO-POLISHING LARGE APERTURE FLAT OPTICS PRECISION [&hellip;]<\/p>\n","protected":false},"author":3,"featured_media":1137,"parent":1763,"menu_order":0,"comment_status":"closed","ping_status":"closed","template":"","meta":{"footnotes":""},"class_list":["post-1768","page","type-page","status-publish","has-post-thumbnail","hentry"],"yoast_head":"<!-- This site is optimized with the Yoast SEO Premium plugin v22.5 (Yoast SEO v24.4) - https:\/\/yoast.com\/wordpress\/plugins\/seo\/ -->\n<title>Plano optics, Filters, Prisms - Schmidt-Bender Hung\u00e1ria<\/title>\n<meta name=\"robots\" content=\"index, follow, max-snippet:-1, max-image-preview:large, max-video-preview:-1\" \/>\n<link rel=\"canonical\" href=\"https:\/\/schmidt-bender.hu\/optika\/sikoptika-szurok-prizmak\/\" \/>\n<meta property=\"og:locale\" content=\"en_US\" \/>\n<meta property=\"og:type\" content=\"article\" \/>\n<meta property=\"og:title\" content=\"Plano optics, Filters, Prisms\" \/>\n<meta property=\"og:description\" content=\"We are producing: Prisms, Wedges Mirrors Windows, diffusers Substrates Wafers, ultra-thin wafers Colored glass filters, neutral density filters Coatings, interference filters, beam splitters from a wide variety of materials: Optical glass Colored glass Borofloat (Schott)) Pyrex (Corning) Quartz (olvasztott szil\u00edcium, olvasztott kvarc) CLASSIC FINEGRINDING POLISHING WITH OPTICAL BOUNDING CLASSIC PLANO-POLISHING LARGE APERTURE FLAT OPTICS PRECISION [&hellip;]\" \/>\n<meta property=\"og:url\" content=\"https:\/\/schmidt-bender.hu\/optika\/sikoptika-szurok-prizmak\/\" \/>\n<meta property=\"og:site_name\" content=\"Schmidt-Bender Hung\u00e1ria\" \/>\n<meta property=\"article:modified_time\" content=\"2024-10-08T12:44:11+00:00\" \/>\n<meta property=\"og:image\" content=\"https:\/\/schmidt-bender.hu\/wp-content\/uploads\/2024\/05\/optika_kiemelt.png\" \/>\n\t<meta property=\"og:image:width\" content=\"973\" \/>\n\t<meta property=\"og:image:height\" content=\"144\" \/>\n\t<meta property=\"og:image:type\" content=\"image\/png\" \/>\n<meta name=\"twitter:card\" content=\"summary_large_image\" \/>\n<meta name=\"twitter:label1\" content=\"Est. reading time\" \/>\n\t<meta name=\"twitter:data1\" content=\"2 minutes\" \/>\n<script type=\"application\/ld+json\" class=\"yoast-schema-graph\">{\"@context\":\"https:\/\/schema.org\",\"@graph\":[{\"@type\":\"WebPage\",\"@id\":\"https:\/\/schmidt-bender.hu\/optika\/sikoptika-szurok-prizmak\/\",\"url\":\"https:\/\/schmidt-bender.hu\/optika\/sikoptika-szurok-prizmak\/\",\"name\":\"Plano optics, Filters, Prisms - Schmidt-Bender Hung\u00e1ria\",\"isPartOf\":{\"@id\":\"https:\/\/schmidt-bender.hu\/#website\"},\"primaryImageOfPage\":{\"@id\":\"https:\/\/schmidt-bender.hu\/optika\/sikoptika-szurok-prizmak\/#primaryimage\"},\"image\":{\"@id\":\"https:\/\/schmidt-bender.hu\/optika\/sikoptika-szurok-prizmak\/#primaryimage\"},\"thumbnailUrl\":\"https:\/\/schmidt-bender.hu\/wp-content\/uploads\/2024\/05\/optika_kiemelt.png\",\"datePublished\":\"2024-03-20T08:58:21+00:00\",\"dateModified\":\"2024-10-08T12:44:11+00:00\",\"breadcrumb\":{\"@id\":\"https:\/\/schmidt-bender.hu\/optika\/sikoptika-szurok-prizmak\/#breadcrumb\"},\"inLanguage\":\"en-US\",\"potentialAction\":[{\"@type\":\"ReadAction\",\"target\":[\"https:\/\/schmidt-bender.hu\/optika\/sikoptika-szurok-prizmak\/\"]}]},{\"@type\":\"ImageObject\",\"inLanguage\":\"en-US\",\"@id\":\"https:\/\/schmidt-bender.hu\/optika\/sikoptika-szurok-prizmak\/#primaryimage\",\"url\":\"https:\/\/schmidt-bender.hu\/wp-content\/uploads\/2024\/05\/optika_kiemelt.png\",\"contentUrl\":\"https:\/\/schmidt-bender.hu\/wp-content\/uploads\/2024\/05\/optika_kiemelt.png\",\"width\":973,\"height\":144,\"caption\":\"Schmidt Bender Hung\u00e1ria Optika\"},{\"@type\":\"BreadcrumbList\",\"@id\":\"https:\/\/schmidt-bender.hu\/optika\/sikoptika-szurok-prizmak\/#breadcrumb\",\"itemListElement\":[{\"@type\":\"ListItem\",\"position\":1,\"name\":\"Home\",\"item\":\"https:\/\/schmidt-bender.hu\/optika\/\"},{\"@type\":\"ListItem\",\"position\":2,\"name\":\"Plano optics, Filters, Prisms\"}]},{\"@type\":\"WebSite\",\"@id\":\"https:\/\/schmidt-bender.hu\/#website\",\"url\":\"https:\/\/schmidt-bender.hu\/\",\"name\":\"Schmidt-Bender Hung\u00e1ria\",\"description\":\"C\u00e9lt\u00e1vcs\u00f6vek, optika \u00e9s sz\u00e1loptika\",\"publisher\":{\"@id\":\"https:\/\/schmidt-bender.hu\/#organization\"},\"potentialAction\":[{\"@type\":\"SearchAction\",\"target\":{\"@type\":\"EntryPoint\",\"urlTemplate\":\"https:\/\/schmidt-bender.hu\/?s={search_term_string}\"},\"query-input\":{\"@type\":\"PropertyValueSpecification\",\"valueRequired\":true,\"valueName\":\"search_term_string\"}}],\"inLanguage\":\"en-US\"},{\"@type\":\"Organization\",\"@id\":\"https:\/\/schmidt-bender.hu\/#organization\",\"name\":\"Schmidt-Bender Hung\u00e1ria\",\"url\":\"https:\/\/schmidt-bender.hu\/\",\"logo\":{\"@type\":\"ImageObject\",\"inLanguage\":\"en-US\",\"@id\":\"https:\/\/schmidt-bender.hu\/#\/schema\/logo\/image\/\",\"url\":\"https:\/\/schmidt-bender.hu\/wp-content\/uploads\/2024\/03\/header_logo.png\",\"contentUrl\":\"https:\/\/schmidt-bender.hu\/wp-content\/uploads\/2024\/03\/header_logo.png\",\"width\":202,\"height\":41,\"caption\":\"Schmidt-Bender Hung\u00e1ria\"},\"image\":{\"@id\":\"https:\/\/schmidt-bender.hu\/#\/schema\/logo\/image\/\"}}]}<\/script>\n<!-- \/ Yoast SEO Premium plugin. -->","yoast_head_json":{"title":"Plano optics, Filters, Prisms - Schmidt-Bender Hung\u00e1ria","robots":{"index":"index","follow":"follow","max-snippet":"max-snippet:-1","max-image-preview":"max-image-preview:large","max-video-preview":"max-video-preview:-1"},"canonical":"https:\/\/schmidt-bender.hu\/optika\/sikoptika-szurok-prizmak\/","og_locale":"en_US","og_type":"article","og_title":"Plano optics, Filters, Prisms","og_description":"We are producing: Prisms, Wedges Mirrors Windows, diffusers Substrates Wafers, ultra-thin wafers Colored glass filters, neutral density filters Coatings, interference filters, beam splitters from a wide variety of materials: Optical glass Colored glass Borofloat (Schott)) Pyrex (Corning) Quartz (olvasztott szil\u00edcium, olvasztott kvarc) CLASSIC FINEGRINDING POLISHING WITH OPTICAL BOUNDING CLASSIC PLANO-POLISHING LARGE APERTURE FLAT OPTICS PRECISION [&hellip;]","og_url":"https:\/\/schmidt-bender.hu\/optika\/sikoptika-szurok-prizmak\/","og_site_name":"Schmidt-Bender Hung\u00e1ria","article_modified_time":"2024-10-08T12:44:11+00:00","og_image":[{"width":973,"height":144,"url":"https:\/\/schmidt-bender.hu\/wp-content\/uploads\/2024\/05\/optika_kiemelt.png","type":"image\/png"}],"twitter_card":"summary_large_image","twitter_misc":{"Est. reading time":"2 minutes"},"schema":{"@context":"https:\/\/schema.org","@graph":[{"@type":"WebPage","@id":"https:\/\/schmidt-bender.hu\/optika\/sikoptika-szurok-prizmak\/","url":"https:\/\/schmidt-bender.hu\/optika\/sikoptika-szurok-prizmak\/","name":"Plano optics, Filters, Prisms - Schmidt-Bender Hung\u00e1ria","isPartOf":{"@id":"https:\/\/schmidt-bender.hu\/#website"},"primaryImageOfPage":{"@id":"https:\/\/schmidt-bender.hu\/optika\/sikoptika-szurok-prizmak\/#primaryimage"},"image":{"@id":"https:\/\/schmidt-bender.hu\/optika\/sikoptika-szurok-prizmak\/#primaryimage"},"thumbnailUrl":"https:\/\/schmidt-bender.hu\/wp-content\/uploads\/2024\/05\/optika_kiemelt.png","datePublished":"2024-03-20T08:58:21+00:00","dateModified":"2024-10-08T12:44:11+00:00","breadcrumb":{"@id":"https:\/\/schmidt-bender.hu\/optika\/sikoptika-szurok-prizmak\/#breadcrumb"},"inLanguage":"en-US","potentialAction":[{"@type":"ReadAction","target":["https:\/\/schmidt-bender.hu\/optika\/sikoptika-szurok-prizmak\/"]}]},{"@type":"ImageObject","inLanguage":"en-US","@id":"https:\/\/schmidt-bender.hu\/optika\/sikoptika-szurok-prizmak\/#primaryimage","url":"https:\/\/schmidt-bender.hu\/wp-content\/uploads\/2024\/05\/optika_kiemelt.png","contentUrl":"https:\/\/schmidt-bender.hu\/wp-content\/uploads\/2024\/05\/optika_kiemelt.png","width":973,"height":144,"caption":"Schmidt Bender Hung\u00e1ria Optika"},{"@type":"BreadcrumbList","@id":"https:\/\/schmidt-bender.hu\/optika\/sikoptika-szurok-prizmak\/#breadcrumb","itemListElement":[{"@type":"ListItem","position":1,"name":"Home","item":"https:\/\/schmidt-bender.hu\/optika\/"},{"@type":"ListItem","position":2,"name":"Plano optics, Filters, Prisms"}]},{"@type":"WebSite","@id":"https:\/\/schmidt-bender.hu\/#website","url":"https:\/\/schmidt-bender.hu\/","name":"Schmidt-Bender Hung\u00e1ria","description":"C\u00e9lt\u00e1vcs\u00f6vek, optika \u00e9s sz\u00e1loptika","publisher":{"@id":"https:\/\/schmidt-bender.hu\/#organization"},"potentialAction":[{"@type":"SearchAction","target":{"@type":"EntryPoint","urlTemplate":"https:\/\/schmidt-bender.hu\/?s={search_term_string}"},"query-input":{"@type":"PropertyValueSpecification","valueRequired":true,"valueName":"search_term_string"}}],"inLanguage":"en-US"},{"@type":"Organization","@id":"https:\/\/schmidt-bender.hu\/#organization","name":"Schmidt-Bender Hung\u00e1ria","url":"https:\/\/schmidt-bender.hu\/","logo":{"@type":"ImageObject","inLanguage":"en-US","@id":"https:\/\/schmidt-bender.hu\/#\/schema\/logo\/image\/","url":"https:\/\/schmidt-bender.hu\/wp-content\/uploads\/2024\/03\/header_logo.png","contentUrl":"https:\/\/schmidt-bender.hu\/wp-content\/uploads\/2024\/03\/header_logo.png","width":202,"height":41,"caption":"Schmidt-Bender Hung\u00e1ria"},"image":{"@id":"https:\/\/schmidt-bender.hu\/#\/schema\/logo\/image\/"}}]}},"_links":{"self":[{"href":"https:\/\/schmidt-bender.hu\/en\/wp-json\/wp\/v2\/pages\/1768","targetHints":{"allow":["GET"]}}],"collection":[{"href":"https:\/\/schmidt-bender.hu\/en\/wp-json\/wp\/v2\/pages"}],"about":[{"href":"https:\/\/schmidt-bender.hu\/en\/wp-json\/wp\/v2\/types\/page"}],"author":[{"embeddable":true,"href":"https:\/\/schmidt-bender.hu\/en\/wp-json\/wp\/v2\/users\/3"}],"replies":[{"embeddable":true,"href":"https:\/\/schmidt-bender.hu\/en\/wp-json\/wp\/v2\/comments?post=1768"}],"version-history":[{"count":12,"href":"https:\/\/schmidt-bender.hu\/en\/wp-json\/wp\/v2\/pages\/1768\/revisions"}],"predecessor-version":[{"id":2441,"href":"https:\/\/schmidt-bender.hu\/en\/wp-json\/wp\/v2\/pages\/1768\/revisions\/2441"}],"up":[{"embeddable":true,"href":"https:\/\/schmidt-bender.hu\/en\/wp-json\/wp\/v2\/pages\/1763"}],"wp:featuredmedia":[{"embeddable":true,"href":"https:\/\/schmidt-bender.hu\/en\/wp-json\/wp\/v2\/media\/1137"}],"wp:attachment":[{"href":"https:\/\/schmidt-bender.hu\/en\/wp-json\/wp\/v2\/media?parent=1768"}],"curies":[{"name":"wp","href":"https:\/\/api.w.org\/{rel}","templated":true}]}}