{"id":1767,"date":"2024-03-20T09:07:40","date_gmt":"2024-03-20T09:07:40","guid":{"rendered":"https:\/\/schmidt-bender.hu\/optika\/optikai-tervezes\/"},"modified":"2024-10-02T12:10:56","modified_gmt":"2024-10-02T12:10:56","slug":"optikai-tervezes","status":"publish","type":"page","link":"https:\/\/schmidt-bender.hu\/en\/optika\/optikai-tervezes\/","title":{"rendered":"Optical Design"},"content":{"rendered":"\t\t<div data-elementor-type=\"wp-page\" data-elementor-id=\"1767\" class=\"elementor elementor-1767 elementor-251\" data-elementor-post-type=\"page\">\n\t\t\t\t<div class=\"elementor-element elementor-element-ea200c9 e-flex e-con-boxed e-con e-parent\" data-id=\"ea200c9\" data-element_type=\"container\">\n\t\t\t\t\t<div class=\"e-con-inner\">\n\t\t<div class=\"elementor-element elementor-element-11df8bf e-con-full e-flex e-con e-child\" data-id=\"11df8bf\" data-element_type=\"container\">\n\t\t\t\t<div class=\"elementor-element elementor-element-c0adde7 elementor-widget elementor-widget-text-editor\" data-id=\"c0adde7\" data-element_type=\"widget\" data-widget_type=\"text-editor.default\">\n\t\t\t\t<div class=\"elementor-widget-container\">\n\t\t\t\t\t\t\t\t\t<ul>\n<li>Design of optical systems<\/li>\n<li>Rapid prototyping<\/li>\n<li>Flexible manufacturing<\/li>\n<li>Multilingual, creative team<\/li>\n<\/ul>\n\t\t\t\t\t\t\t\t<\/div>\n\t\t\t\t<\/div>\n\t\t\t\t<\/div>\n\t\t\t\t\t<\/div>\n\t\t\t\t<\/div>\n\t\t<div class=\"elementor-element elementor-element-c9af17f image-box-img e-flex e-con-boxed e-con e-parent\" data-id=\"c9af17f\" data-element_type=\"container\">\n\t\t\t\t\t<div class=\"e-con-inner\">\n\t\t<div class=\"elementor-element elementor-element-1bcae5b e-con-full e-flex e-con e-child\" data-id=\"1bcae5b\" data-element_type=\"container\">\n\t\t\t\t<div class=\"elementor-element elementor-element-593d3b1 elementor-position-top elementor-widget elementor-widget-image-box\" data-id=\"593d3b1\" data-element_type=\"widget\" data-widget_type=\"image-box.default\">\n\t\t\t\t<div class=\"elementor-widget-container\">\n\t\t\t\t\t<div class=\"elementor-image-box-wrapper\"><figure class=\"elementor-image-box-img\"><img fetchpriority=\"high\" decoding=\"async\" width=\"768\" height=\"413\" src=\"https:\/\/schmidt-bender.hu\/wp-content\/uploads\/2024\/05\/3D-CAD-TERVEZES-768x413.png\" class=\"attachment-medium_large size-medium_large wp-image-1535\" alt=\"\" srcset=\"https:\/\/schmidt-bender.hu\/wp-content\/uploads\/2024\/05\/3D-CAD-TERVEZES-768x413.png 768w, https:\/\/schmidt-bender.hu\/wp-content\/uploads\/2024\/05\/3D-CAD-TERVEZES-300x161.png 300w, https:\/\/schmidt-bender.hu\/wp-content\/uploads\/2024\/05\/3D-CAD-TERVEZES-1024x550.png 1024w, https:\/\/schmidt-bender.hu\/wp-content\/uploads\/2024\/05\/3D-CAD-TERVEZES-1536x826.png 1536w, https:\/\/schmidt-bender.hu\/wp-content\/uploads\/2024\/05\/3D-CAD-TERVEZES.png 1920w\" sizes=\"(max-width: 768px) 100vw, 768px\" \/><\/figure><div class=\"elementor-image-box-content\"><h3 class=\"elementor-image-box-title\">3D CAD DESIGN<\/h3><\/div><\/div>\t\t\t\t<\/div>\n\t\t\t\t<\/div>\n\t\t\t\t<\/div>\n\t\t<div class=\"elementor-element elementor-element-52c6c22 e-con-full e-flex e-con e-child\" data-id=\"52c6c22\" data-element_type=\"container\">\n\t\t\t\t<div class=\"elementor-element elementor-element-7487cef elementor-position-top elementor-widget elementor-widget-image-box\" data-id=\"7487cef\" data-element_type=\"widget\" data-widget_type=\"image-box.default\">\n\t\t\t\t<div class=\"elementor-widget-container\">\n\t\t\t\t\t<div class=\"elementor-image-box-wrapper\"><figure class=\"elementor-image-box-img\"><img decoding=\"async\" width=\"768\" height=\"368\" data-src=\"https:\/\/schmidt-bender.hu\/wp-content\/uploads\/2024\/05\/EGYEDI-SZERSZAMGYARTAS-768x368.png\" class=\"attachment-medium_large size-medium_large wp-image-1537 lazyload\" alt=\"\" data-srcset=\"https:\/\/schmidt-bender.hu\/wp-content\/uploads\/2024\/05\/EGYEDI-SZERSZAMGYARTAS-768x368.png 768w, https:\/\/schmidt-bender.hu\/wp-content\/uploads\/2024\/05\/EGYEDI-SZERSZAMGYARTAS-300x144.png 300w, https:\/\/schmidt-bender.hu\/wp-content\/uploads\/2024\/05\/EGYEDI-SZERSZAMGYARTAS-1024x491.png 1024w, https:\/\/schmidt-bender.hu\/wp-content\/uploads\/2024\/05\/EGYEDI-SZERSZAMGYARTAS-1536x736.png 1536w, https:\/\/schmidt-bender.hu\/wp-content\/uploads\/2024\/05\/EGYEDI-SZERSZAMGYARTAS.png 1920w\" data-sizes=\"(max-width: 768px) 100vw, 768px\" src=\"data:image\/gif;base64,R0lGODlhAQABAAAAACH5BAEKAAEALAAAAAABAAEAAAICTAEAOw==\" style=\"--smush-placeholder-width: 768px; --smush-placeholder-aspect-ratio: 768\/368;\" \/><\/figure><div class=\"elementor-image-box-content\"><h3 class=\"elementor-image-box-title\">UNIQUE TOOL MANUFACTURING<\/h3><p class=\"elementor-image-box-description\">\n<\/p><\/div><\/div>\t\t\t\t<\/div>\n\t\t\t\t<\/div>\n\t\t\t\t<\/div>\n\t\t\t\t\t<\/div>\n\t\t\t\t<\/div>\n\t\t<div class=\"elementor-element elementor-element-11c704a image-box-img e-flex e-con-boxed e-con e-parent\" data-id=\"11c704a\" data-element_type=\"container\">\n\t\t\t\t\t<div class=\"e-con-inner\">\n\t\t<div class=\"elementor-element elementor-element-57d08ce e-con-full e-flex e-con e-child\" data-id=\"57d08ce\" data-element_type=\"container\">\n\t\t\t\t<div class=\"elementor-element elementor-element-59b96e6 elementor-position-top elementor-widget elementor-widget-image-box\" data-id=\"59b96e6\" data-element_type=\"widget\" data-widget_type=\"image-box.default\">\n\t\t\t\t<div class=\"elementor-widget-container\">\n\t\t\t\t\t<div class=\"elementor-image-box-wrapper\"><figure class=\"elementor-image-box-img\"><img decoding=\"async\" width=\"768\" height=\"466\" data-src=\"https:\/\/schmidt-bender.hu\/wp-content\/uploads\/2024\/10\/OPTIKAI-DESIGN-768x466.jpg\" class=\"attachment-medium_large size-medium_large wp-image-2221 lazyload\" alt=\"\" data-srcset=\"https:\/\/schmidt-bender.hu\/wp-content\/uploads\/2024\/10\/OPTIKAI-DESIGN-768x466.jpg 768w, https:\/\/schmidt-bender.hu\/wp-content\/uploads\/2024\/10\/OPTIKAI-DESIGN-300x182.jpg 300w, https:\/\/schmidt-bender.hu\/wp-content\/uploads\/2024\/10\/OPTIKAI-DESIGN-1024x622.jpg 1024w, https:\/\/schmidt-bender.hu\/wp-content\/uploads\/2024\/10\/OPTIKAI-DESIGN-1536x933.jpg 1536w, https:\/\/schmidt-bender.hu\/wp-content\/uploads\/2024\/10\/OPTIKAI-DESIGN-2048x1244.jpg 2048w\" data-sizes=\"(max-width: 768px) 100vw, 768px\" src=\"data:image\/gif;base64,R0lGODlhAQABAAAAACH5BAEKAAEALAAAAAABAAEAAAICTAEAOw==\" style=\"--smush-placeholder-width: 768px; --smush-placeholder-aspect-ratio: 768\/466;\" \/><\/figure><div class=\"elementor-image-box-content\"><h3 class=\"elementor-image-box-title\">OPTIKAL DESIGN<\/h3><p class=\"elementor-image-box-description\">\n<\/p><\/div><\/div>\t\t\t\t<\/div>\n\t\t\t\t<\/div>\n\t\t\t\t<\/div>\n\t\t\t\t\t<\/div>\n\t\t\t\t<\/div>\n\t\t\t\t<\/div>\n\t\t","protected":false},"excerpt":{"rendered":"<p>Design of optical systems Rapid prototyping Flexible manufacturing Multilingual, creative team 3D CAD DESIGN UNIQUE TOOL MANUFACTURING OPTIKAL DESIGN<\/p>\n","protected":false},"author":3,"featured_media":1137,"parent":1763,"menu_order":0,"comment_status":"closed","ping_status":"closed","template":"","meta":{"footnotes":""},"class_list":["post-1767","page","type-page","status-publish","has-post-thumbnail","hentry"],"yoast_head":"<!-- This site is optimized with the Yoast SEO Premium plugin v22.5 (Yoast SEO v24.4) - https:\/\/yoast.com\/wordpress\/plugins\/seo\/ -->\n<title>Optical Design - Schmidt-Bender Hung\u00e1ria<\/title>\n<meta name=\"robots\" content=\"index, follow, max-snippet:-1, max-image-preview:large, max-video-preview:-1\" \/>\n<link rel=\"canonical\" href=\"https:\/\/schmidt-bender.hu\/optika\/optikai-tervezes\/\" \/>\n<meta property=\"og:locale\" content=\"en_US\" \/>\n<meta property=\"og:type\" content=\"article\" \/>\n<meta property=\"og:title\" content=\"Optical Design\" \/>\n<meta property=\"og:description\" content=\"Design of optical systems Rapid prototyping Flexible manufacturing Multilingual, creative team 3D CAD DESIGN UNIQUE TOOL MANUFACTURING OPTIKAL DESIGN\" \/>\n<meta property=\"og:url\" content=\"https:\/\/schmidt-bender.hu\/optika\/optikai-tervezes\/\" \/>\n<meta property=\"og:site_name\" content=\"Schmidt-Bender Hung\u00e1ria\" \/>\n<meta property=\"article:modified_time\" content=\"2024-10-02T12:10:56+00:00\" \/>\n<meta property=\"og:image\" content=\"https:\/\/schmidt-bender.hu\/wp-content\/uploads\/2024\/05\/optika_kiemelt.png\" \/>\n\t<meta property=\"og:image:width\" content=\"973\" \/>\n\t<meta property=\"og:image:height\" content=\"144\" \/>\n\t<meta property=\"og:image:type\" content=\"image\/png\" \/>\n<meta name=\"twitter:card\" content=\"summary_large_image\" \/>\n<meta name=\"twitter:label1\" content=\"Est. reading time\" \/>\n\t<meta name=\"twitter:data1\" content=\"1 minute\" \/>\n<script type=\"application\/ld+json\" class=\"yoast-schema-graph\">{\"@context\":\"https:\/\/schema.org\",\"@graph\":[{\"@type\":\"WebPage\",\"@id\":\"https:\/\/schmidt-bender.hu\/optika\/optikai-tervezes\/\",\"url\":\"https:\/\/schmidt-bender.hu\/optika\/optikai-tervezes\/\",\"name\":\"Optical Design - Schmidt-Bender Hung\u00e1ria\",\"isPartOf\":{\"@id\":\"https:\/\/schmidt-bender.hu\/#website\"},\"primaryImageOfPage\":{\"@id\":\"https:\/\/schmidt-bender.hu\/optika\/optikai-tervezes\/#primaryimage\"},\"image\":{\"@id\":\"https:\/\/schmidt-bender.hu\/optika\/optikai-tervezes\/#primaryimage\"},\"thumbnailUrl\":\"https:\/\/schmidt-bender.hu\/wp-content\/uploads\/2024\/05\/optika_kiemelt.png\",\"datePublished\":\"2024-03-20T09:07:40+00:00\",\"dateModified\":\"2024-10-02T12:10:56+00:00\",\"breadcrumb\":{\"@id\":\"https:\/\/schmidt-bender.hu\/optika\/optikai-tervezes\/#breadcrumb\"},\"inLanguage\":\"en-US\",\"potentialAction\":[{\"@type\":\"ReadAction\",\"target\":[\"https:\/\/schmidt-bender.hu\/optika\/optikai-tervezes\/\"]}]},{\"@type\":\"ImageObject\",\"inLanguage\":\"en-US\",\"@id\":\"https:\/\/schmidt-bender.hu\/optika\/optikai-tervezes\/#primaryimage\",\"url\":\"https:\/\/schmidt-bender.hu\/wp-content\/uploads\/2024\/05\/optika_kiemelt.png\",\"contentUrl\":\"https:\/\/schmidt-bender.hu\/wp-content\/uploads\/2024\/05\/optika_kiemelt.png\",\"width\":973,\"height\":144,\"caption\":\"Schmidt Bender Hung\u00e1ria Optika\"},{\"@type\":\"BreadcrumbList\",\"@id\":\"https:\/\/schmidt-bender.hu\/optika\/optikai-tervezes\/#breadcrumb\",\"itemListElement\":[{\"@type\":\"ListItem\",\"position\":1,\"name\":\"Home\",\"item\":\"https:\/\/schmidt-bender.hu\/optika\/\"},{\"@type\":\"ListItem\",\"position\":2,\"name\":\"Optical Design\"}]},{\"@type\":\"WebSite\",\"@id\":\"https:\/\/schmidt-bender.hu\/#website\",\"url\":\"https:\/\/schmidt-bender.hu\/\",\"name\":\"Schmidt-Bender Hung\u00e1ria\",\"description\":\"C\u00e9lt\u00e1vcs\u00f6vek, optika \u00e9s sz\u00e1loptika\",\"publisher\":{\"@id\":\"https:\/\/schmidt-bender.hu\/#organization\"},\"potentialAction\":[{\"@type\":\"SearchAction\",\"target\":{\"@type\":\"EntryPoint\",\"urlTemplate\":\"https:\/\/schmidt-bender.hu\/?s={search_term_string}\"},\"query-input\":{\"@type\":\"PropertyValueSpecification\",\"valueRequired\":true,\"valueName\":\"search_term_string\"}}],\"inLanguage\":\"en-US\"},{\"@type\":\"Organization\",\"@id\":\"https:\/\/schmidt-bender.hu\/#organization\",\"name\":\"Schmidt-Bender Hung\u00e1ria\",\"url\":\"https:\/\/schmidt-bender.hu\/\",\"logo\":{\"@type\":\"ImageObject\",\"inLanguage\":\"en-US\",\"@id\":\"https:\/\/schmidt-bender.hu\/#\/schema\/logo\/image\/\",\"url\":\"https:\/\/schmidt-bender.hu\/wp-content\/uploads\/2024\/03\/header_logo.png\",\"contentUrl\":\"https:\/\/schmidt-bender.hu\/wp-content\/uploads\/2024\/03\/header_logo.png\",\"width\":202,\"height\":41,\"caption\":\"Schmidt-Bender Hung\u00e1ria\"},\"image\":{\"@id\":\"https:\/\/schmidt-bender.hu\/#\/schema\/logo\/image\/\"}}]}<\/script>\n<!-- \/ Yoast SEO Premium plugin. -->","yoast_head_json":{"title":"Optical Design - Schmidt-Bender Hung\u00e1ria","robots":{"index":"index","follow":"follow","max-snippet":"max-snippet:-1","max-image-preview":"max-image-preview:large","max-video-preview":"max-video-preview:-1"},"canonical":"https:\/\/schmidt-bender.hu\/optika\/optikai-tervezes\/","og_locale":"en_US","og_type":"article","og_title":"Optical Design","og_description":"Design of optical systems Rapid prototyping Flexible manufacturing Multilingual, creative team 3D CAD DESIGN UNIQUE TOOL MANUFACTURING OPTIKAL DESIGN","og_url":"https:\/\/schmidt-bender.hu\/optika\/optikai-tervezes\/","og_site_name":"Schmidt-Bender Hung\u00e1ria","article_modified_time":"2024-10-02T12:10:56+00:00","og_image":[{"width":973,"height":144,"url":"https:\/\/schmidt-bender.hu\/wp-content\/uploads\/2024\/05\/optika_kiemelt.png","type":"image\/png"}],"twitter_card":"summary_large_image","twitter_misc":{"Est. reading time":"1 minute"},"schema":{"@context":"https:\/\/schema.org","@graph":[{"@type":"WebPage","@id":"https:\/\/schmidt-bender.hu\/optika\/optikai-tervezes\/","url":"https:\/\/schmidt-bender.hu\/optika\/optikai-tervezes\/","name":"Optical Design - Schmidt-Bender Hung\u00e1ria","isPartOf":{"@id":"https:\/\/schmidt-bender.hu\/#website"},"primaryImageOfPage":{"@id":"https:\/\/schmidt-bender.hu\/optika\/optikai-tervezes\/#primaryimage"},"image":{"@id":"https:\/\/schmidt-bender.hu\/optika\/optikai-tervezes\/#primaryimage"},"thumbnailUrl":"https:\/\/schmidt-bender.hu\/wp-content\/uploads\/2024\/05\/optika_kiemelt.png","datePublished":"2024-03-20T09:07:40+00:00","dateModified":"2024-10-02T12:10:56+00:00","breadcrumb":{"@id":"https:\/\/schmidt-bender.hu\/optika\/optikai-tervezes\/#breadcrumb"},"inLanguage":"en-US","potentialAction":[{"@type":"ReadAction","target":["https:\/\/schmidt-bender.hu\/optika\/optikai-tervezes\/"]}]},{"@type":"ImageObject","inLanguage":"en-US","@id":"https:\/\/schmidt-bender.hu\/optika\/optikai-tervezes\/#primaryimage","url":"https:\/\/schmidt-bender.hu\/wp-content\/uploads\/2024\/05\/optika_kiemelt.png","contentUrl":"https:\/\/schmidt-bender.hu\/wp-content\/uploads\/2024\/05\/optika_kiemelt.png","width":973,"height":144,"caption":"Schmidt Bender Hung\u00e1ria Optika"},{"@type":"BreadcrumbList","@id":"https:\/\/schmidt-bender.hu\/optika\/optikai-tervezes\/#breadcrumb","itemListElement":[{"@type":"ListItem","position":1,"name":"Home","item":"https:\/\/schmidt-bender.hu\/optika\/"},{"@type":"ListItem","position":2,"name":"Optical Design"}]},{"@type":"WebSite","@id":"https:\/\/schmidt-bender.hu\/#website","url":"https:\/\/schmidt-bender.hu\/","name":"Schmidt-Bender Hung\u00e1ria","description":"C\u00e9lt\u00e1vcs\u00f6vek, optika \u00e9s sz\u00e1loptika","publisher":{"@id":"https:\/\/schmidt-bender.hu\/#organization"},"potentialAction":[{"@type":"SearchAction","target":{"@type":"EntryPoint","urlTemplate":"https:\/\/schmidt-bender.hu\/?s={search_term_string}"},"query-input":{"@type":"PropertyValueSpecification","valueRequired":true,"valueName":"search_term_string"}}],"inLanguage":"en-US"},{"@type":"Organization","@id":"https:\/\/schmidt-bender.hu\/#organization","name":"Schmidt-Bender Hung\u00e1ria","url":"https:\/\/schmidt-bender.hu\/","logo":{"@type":"ImageObject","inLanguage":"en-US","@id":"https:\/\/schmidt-bender.hu\/#\/schema\/logo\/image\/","url":"https:\/\/schmidt-bender.hu\/wp-content\/uploads\/2024\/03\/header_logo.png","contentUrl":"https:\/\/schmidt-bender.hu\/wp-content\/uploads\/2024\/03\/header_logo.png","width":202,"height":41,"caption":"Schmidt-Bender Hung\u00e1ria"},"image":{"@id":"https:\/\/schmidt-bender.hu\/#\/schema\/logo\/image\/"}}]}},"_links":{"self":[{"href":"https:\/\/schmidt-bender.hu\/en\/wp-json\/wp\/v2\/pages\/1767","targetHints":{"allow":["GET"]}}],"collection":[{"href":"https:\/\/schmidt-bender.hu\/en\/wp-json\/wp\/v2\/pages"}],"about":[{"href":"https:\/\/schmidt-bender.hu\/en\/wp-json\/wp\/v2\/types\/page"}],"author":[{"embeddable":true,"href":"https:\/\/schmidt-bender.hu\/en\/wp-json\/wp\/v2\/users\/3"}],"replies":[{"embeddable":true,"href":"https:\/\/schmidt-bender.hu\/en\/wp-json\/wp\/v2\/comments?post=1767"}],"version-history":[{"count":14,"href":"https:\/\/schmidt-bender.hu\/en\/wp-json\/wp\/v2\/pages\/1767\/revisions"}],"predecessor-version":[{"id":2253,"href":"https:\/\/schmidt-bender.hu\/en\/wp-json\/wp\/v2\/pages\/1767\/revisions\/2253"}],"up":[{"embeddable":true,"href":"https:\/\/schmidt-bender.hu\/en\/wp-json\/wp\/v2\/pages\/1763"}],"wp:featuredmedia":[{"embeddable":true,"href":"https:\/\/schmidt-bender.hu\/en\/wp-json\/wp\/v2\/media\/1137"}],"wp:attachment":[{"href":"https:\/\/schmidt-bender.hu\/en\/wp-json\/wp\/v2\/media?parent=1767"}],"curies":[{"name":"wp","href":"https:\/\/api.w.org\/{rel}","templated":true}]}}