{"id":1764,"date":"2024-03-20T09:06:14","date_gmt":"2024-03-20T09:06:14","guid":{"rendered":"https:\/\/schmidt-bender.hu\/optika\/felgombok\/"},"modified":"2024-10-02T11:59:13","modified_gmt":"2024-10-02T11:59:13","slug":"felgombok","status":"publish","type":"page","link":"https:\/\/schmidt-bender.hu\/en\/optika\/felgombok\/","title":{"rendered":"Hemispheres"},"content":{"rendered":"\t\t<div data-elementor-type=\"wp-page\" data-elementor-id=\"1764\" class=\"elementor elementor-1764 elementor-246\" data-elementor-post-type=\"page\">\n\t\t\t\t<div class=\"elementor-element elementor-element-7ab6930 e-flex e-con-boxed e-con e-parent\" data-id=\"7ab6930\" data-element_type=\"container\">\n\t\t\t\t\t<div class=\"e-con-inner\">\n\t\t<div class=\"elementor-element elementor-element-99b0cb5 e-con-full e-flex e-con e-child\" data-id=\"99b0cb5\" data-element_type=\"container\">\n\t\t\t\t<div class=\"elementor-element elementor-element-40f3ec8 elementor-widget elementor-widget-text-editor\" data-id=\"40f3ec8\" data-element_type=\"widget\" data-widget_type=\"text-editor.default\">\n\t\t\t\t<div class=\"elementor-widget-container\">\n\t\t\t\t\t\t\t\t\t<ul>\n<li>Schmidt Bender is the leading European manufacturer of hemispheres.<\/li>\n<li>Materials used are optical glass and quartz glass.<\/li>\n<li>Based on our long experience Schmidt  Bender has the best competence and know-how for the inexpensive production of hemispheres. Short delivery times are possible by the overlapping tools and the quick access of different types of glass. <\/li>\n<li>Worldwide references.<\/li>\n<\/ul>\n\t\t\t\t\t\t\t\t<\/div>\n\t\t\t\t<\/div>\n\t\t\t\t<\/div>\n\t\t\t\t\t<\/div>\n\t\t\t\t<\/div>\n\t\t<div class=\"elementor-element elementor-element-22b18fc image-box-img e-flex e-con-boxed e-con e-parent\" data-id=\"22b18fc\" data-element_type=\"container\">\n\t\t\t\t\t<div class=\"e-con-inner\">\n\t\t<div class=\"elementor-element elementor-element-0b42444 e-con-full e-flex e-con e-child\" data-id=\"0b42444\" data-element_type=\"container\">\n\t\t\t\t<div class=\"elementor-element elementor-element-b09e553 elementor-position-top elementor-widget elementor-widget-image-box\" data-id=\"b09e553\" data-element_type=\"widget\" data-widget_type=\"image-box.default\">\n\t\t\t\t<div class=\"elementor-widget-container\">\n\t\t\t\t\t<div class=\"elementor-image-box-wrapper\"><figure class=\"elementor-image-box-img\"><img fetchpriority=\"high\" decoding=\"async\" width=\"768\" height=\"512\" src=\"https:\/\/schmidt-bender.hu\/wp-content\/uploads\/2024\/10\/FELGOMB-OPTIKAK-HEMISPHERE-OPTICS-768x512.jpg\" class=\"attachment-medium_large size-medium_large wp-image-2151\" alt=\"\" srcset=\"https:\/\/schmidt-bender.hu\/wp-content\/uploads\/2024\/10\/FELGOMB-OPTIKAK-HEMISPHERE-OPTICS-768x512.jpg 768w, https:\/\/schmidt-bender.hu\/wp-content\/uploads\/2024\/10\/FELGOMB-OPTIKAK-HEMISPHERE-OPTICS-300x200.jpg 300w, https:\/\/schmidt-bender.hu\/wp-content\/uploads\/2024\/10\/FELGOMB-OPTIKAK-HEMISPHERE-OPTICS-1024x683.jpg 1024w, https:\/\/schmidt-bender.hu\/wp-content\/uploads\/2024\/10\/FELGOMB-OPTIKAK-HEMISPHERE-OPTICS-1536x1024.jpg 1536w, https:\/\/schmidt-bender.hu\/wp-content\/uploads\/2024\/10\/FELGOMB-OPTIKAK-HEMISPHERE-OPTICS-2048x1365.jpg 2048w\" sizes=\"(max-width: 768px) 100vw, 768px\" \/><\/figure><div class=\"elementor-image-box-content\"><h3 class=\"elementor-image-box-title\">HEMISPHERE OPTICS<\/h3><\/div><\/div>\t\t\t\t<\/div>\n\t\t\t\t<\/div>\n\t\t\t\t<\/div>\n\t\t<div class=\"elementor-element elementor-element-58e17dc e-con-full e-flex e-con e-child\" data-id=\"58e17dc\" data-element_type=\"container\">\n\t\t\t\t<div class=\"elementor-element elementor-element-66fb3f1 elementor-position-top elementor-widget elementor-widget-image-box\" data-id=\"66fb3f1\" data-element_type=\"widget\" data-widget_type=\"image-box.default\">\n\t\t\t\t<div class=\"elementor-widget-container\">\n\t\t\t\t\t<div class=\"elementor-image-box-wrapper\"><figure class=\"elementor-image-box-img\"><img decoding=\"async\" width=\"768\" height=\"512\" data-src=\"https:\/\/schmidt-bender.hu\/wp-content\/uploads\/2024\/05\/KLASSZIKUS-POLIROZAS-1-768x512.png\" class=\"attachment-medium_large size-medium_large wp-image-1478 lazyload\" alt=\"\" data-srcset=\"https:\/\/schmidt-bender.hu\/wp-content\/uploads\/2024\/05\/KLASSZIKUS-POLIROZAS-1-768x512.png 768w, https:\/\/schmidt-bender.hu\/wp-content\/uploads\/2024\/05\/KLASSZIKUS-POLIROZAS-1-300x200.png 300w, https:\/\/schmidt-bender.hu\/wp-content\/uploads\/2024\/05\/KLASSZIKUS-POLIROZAS-1-1024x683.png 1024w, https:\/\/schmidt-bender.hu\/wp-content\/uploads\/2024\/05\/KLASSZIKUS-POLIROZAS-1-1536x1024.png 1536w, https:\/\/schmidt-bender.hu\/wp-content\/uploads\/2024\/05\/KLASSZIKUS-POLIROZAS-1.png 1920w\" data-sizes=\"(max-width: 768px) 100vw, 768px\" src=\"data:image\/gif;base64,R0lGODlhAQABAAAAACH5BAEKAAEALAAAAAABAAEAAAICTAEAOw==\" style=\"--smush-placeholder-width: 768px; --smush-placeholder-aspect-ratio: 768\/512;\" \/><\/figure><div class=\"elementor-image-box-content\"><h3 class=\"elementor-image-box-title\">CLASSIC POLISHING PROCESS<\/h3><p class=\"elementor-image-box-description\">\n<\/p><\/div><\/div>\t\t\t\t<\/div>\n\t\t\t\t<\/div>\n\t\t\t\t<\/div>\n\t\t<div class=\"elementor-element elementor-element-8ca99b6 e-con-full e-flex e-con e-child\" data-id=\"8ca99b6\" data-element_type=\"container\">\n\t\t\t\t<div class=\"elementor-element elementor-element-15fd9bf elementor-position-top elementor-widget elementor-widget-image-box\" data-id=\"15fd9bf\" data-element_type=\"widget\" data-widget_type=\"image-box.default\">\n\t\t\t\t<div class=\"elementor-widget-container\">\n\t\t\t\t\t<div class=\"elementor-image-box-wrapper\"><figure class=\"elementor-image-box-img\"><img decoding=\"async\" width=\"768\" height=\"474\" data-src=\"https:\/\/schmidt-bender.hu\/wp-content\/uploads\/2024\/05\/MERET-ES-PARHUZAM-ELLENORZES-1-768x474.png\" class=\"attachment-medium_large size-medium_large wp-image-1480 lazyload\" alt=\"\" data-srcset=\"https:\/\/schmidt-bender.hu\/wp-content\/uploads\/2024\/05\/MERET-ES-PARHUZAM-ELLENORZES-1-768x474.png 768w, https:\/\/schmidt-bender.hu\/wp-content\/uploads\/2024\/05\/MERET-ES-PARHUZAM-ELLENORZES-1-300x185.png 300w, https:\/\/schmidt-bender.hu\/wp-content\/uploads\/2024\/05\/MERET-ES-PARHUZAM-ELLENORZES-1-1024x631.png 1024w, https:\/\/schmidt-bender.hu\/wp-content\/uploads\/2024\/05\/MERET-ES-PARHUZAM-ELLENORZES-1-1536x947.png 1536w, https:\/\/schmidt-bender.hu\/wp-content\/uploads\/2024\/05\/MERET-ES-PARHUZAM-ELLENORZES-1.png 1920w\" data-sizes=\"(max-width: 768px) 100vw, 768px\" src=\"data:image\/gif;base64,R0lGODlhAQABAAAAACH5BAEKAAEALAAAAAABAAEAAAICTAEAOw==\" style=\"--smush-placeholder-width: 768px; --smush-placeholder-aspect-ratio: 768\/474;\" \/><\/figure><div class=\"elementor-image-box-content\"><h3 class=\"elementor-image-box-title\">INSPECTION OF DIMENSIONS AND EXCENTRICITY<\/h3><p class=\"elementor-image-box-description\">\n<\/p><\/div><\/div>\t\t\t\t<\/div>\n\t\t\t\t<\/div>\n\t\t\t\t<\/div>\n\t\t<div class=\"elementor-element elementor-element-83e63e3 e-con-full e-flex e-con e-child\" data-id=\"83e63e3\" data-element_type=\"container\">\n\t\t\t\t<div class=\"elementor-element elementor-element-a6fda86 elementor-position-top elementor-widget elementor-widget-image-box\" data-id=\"a6fda86\" data-element_type=\"widget\" data-widget_type=\"image-box.default\">\n\t\t\t\t<div class=\"elementor-widget-container\">\n\t\t\t\t\t<div class=\"elementor-image-box-wrapper\"><figure class=\"elementor-image-box-img\"><img decoding=\"async\" width=\"768\" height=\"512\" data-src=\"https:\/\/schmidt-bender.hu\/wp-content\/uploads\/2024\/05\/PRECIZIOS-CNC-MARAS-1-768x512.png\" class=\"attachment-medium_large size-medium_large wp-image-1482 lazyload\" alt=\"\" data-srcset=\"https:\/\/schmidt-bender.hu\/wp-content\/uploads\/2024\/05\/PRECIZIOS-CNC-MARAS-1-768x512.png 768w, https:\/\/schmidt-bender.hu\/wp-content\/uploads\/2024\/05\/PRECIZIOS-CNC-MARAS-1-300x200.png 300w, https:\/\/schmidt-bender.hu\/wp-content\/uploads\/2024\/05\/PRECIZIOS-CNC-MARAS-1-1024x683.png 1024w, https:\/\/schmidt-bender.hu\/wp-content\/uploads\/2024\/05\/PRECIZIOS-CNC-MARAS-1-1536x1024.png 1536w, https:\/\/schmidt-bender.hu\/wp-content\/uploads\/2024\/05\/PRECIZIOS-CNC-MARAS-1.png 1920w\" data-sizes=\"(max-width: 768px) 100vw, 768px\" src=\"data:image\/gif;base64,R0lGODlhAQABAAAAACH5BAEKAAEALAAAAAABAAEAAAICTAEAOw==\" style=\"--smush-placeholder-width: 768px; --smush-placeholder-aspect-ratio: 768\/512;\" \/><\/figure><div class=\"elementor-image-box-content\"><h3 class=\"elementor-image-box-title\">PRECISION CNC GRINDING<\/h3><p class=\"elementor-image-box-description\">\n<\/p><\/div><\/div>\t\t\t\t<\/div>\n\t\t\t\t<\/div>\n\t\t\t\t<\/div>\n\t\t\t\t\t<\/div>\n\t\t\t\t<\/div>\n\t\t\t\t<\/div>\n\t\t","protected":false},"excerpt":{"rendered":"<p>Schmidt Bender is the leading European manufacturer of hemispheres. Materials used are optical glass and quartz glass. Based on our long experience Schmidt Bender has the best competence and know-how for the inexpensive production of hemispheres. Short delivery times are possible by the overlapping tools and the quick access of different types of glass. Worldwide [&hellip;]<\/p>\n","protected":false},"author":3,"featured_media":1137,"parent":1763,"menu_order":0,"comment_status":"closed","ping_status":"closed","template":"","meta":{"footnotes":""},"class_list":["post-1764","page","type-page","status-publish","has-post-thumbnail","hentry"],"yoast_head":"<!-- This site is optimized with the Yoast SEO Premium plugin v22.5 (Yoast SEO v24.4) - https:\/\/yoast.com\/wordpress\/plugins\/seo\/ -->\n<title>Hemispheres - Schmidt-Bender Hung\u00e1ria<\/title>\n<meta name=\"robots\" content=\"index, follow, max-snippet:-1, max-image-preview:large, max-video-preview:-1\" \/>\n<link rel=\"canonical\" href=\"https:\/\/schmidt-bender.hu\/optika\/felgombok\/\" \/>\n<meta property=\"og:locale\" content=\"en_US\" \/>\n<meta property=\"og:type\" content=\"article\" \/>\n<meta property=\"og:title\" content=\"Hemispheres\" \/>\n<meta property=\"og:description\" content=\"Schmidt Bender is the leading European manufacturer of hemispheres. Materials used are optical glass and quartz glass. Based on our long experience Schmidt Bender has the best competence and know-how for the inexpensive production of hemispheres. Short delivery times are possible by the overlapping tools and the quick access of different types of glass. Worldwide [&hellip;]\" \/>\n<meta property=\"og:url\" content=\"https:\/\/schmidt-bender.hu\/optika\/felgombok\/\" \/>\n<meta property=\"og:site_name\" content=\"Schmidt-Bender Hung\u00e1ria\" \/>\n<meta property=\"article:modified_time\" content=\"2024-10-02T11:59:13+00:00\" \/>\n<meta property=\"og:image\" content=\"https:\/\/schmidt-bender.hu\/wp-content\/uploads\/2024\/05\/optika_kiemelt.png\" \/>\n\t<meta property=\"og:image:width\" content=\"973\" \/>\n\t<meta property=\"og:image:height\" content=\"144\" \/>\n\t<meta property=\"og:image:type\" content=\"image\/png\" \/>\n<meta name=\"twitter:card\" content=\"summary_large_image\" \/>\n<meta name=\"twitter:label1\" content=\"Est. reading time\" \/>\n\t<meta name=\"twitter:data1\" content=\"2 minutes\" \/>\n<script type=\"application\/ld+json\" class=\"yoast-schema-graph\">{\"@context\":\"https:\/\/schema.org\",\"@graph\":[{\"@type\":\"WebPage\",\"@id\":\"https:\/\/schmidt-bender.hu\/optika\/felgombok\/\",\"url\":\"https:\/\/schmidt-bender.hu\/optika\/felgombok\/\",\"name\":\"Hemispheres - Schmidt-Bender Hung\u00e1ria\",\"isPartOf\":{\"@id\":\"https:\/\/schmidt-bender.hu\/#website\"},\"primaryImageOfPage\":{\"@id\":\"https:\/\/schmidt-bender.hu\/optika\/felgombok\/#primaryimage\"},\"image\":{\"@id\":\"https:\/\/schmidt-bender.hu\/optika\/felgombok\/#primaryimage\"},\"thumbnailUrl\":\"https:\/\/schmidt-bender.hu\/wp-content\/uploads\/2024\/05\/optika_kiemelt.png\",\"datePublished\":\"2024-03-20T09:06:14+00:00\",\"dateModified\":\"2024-10-02T11:59:13+00:00\",\"breadcrumb\":{\"@id\":\"https:\/\/schmidt-bender.hu\/optika\/felgombok\/#breadcrumb\"},\"inLanguage\":\"en-US\",\"potentialAction\":[{\"@type\":\"ReadAction\",\"target\":[\"https:\/\/schmidt-bender.hu\/optika\/felgombok\/\"]}]},{\"@type\":\"ImageObject\",\"inLanguage\":\"en-US\",\"@id\":\"https:\/\/schmidt-bender.hu\/optika\/felgombok\/#primaryimage\",\"url\":\"https:\/\/schmidt-bender.hu\/wp-content\/uploads\/2024\/05\/optika_kiemelt.png\",\"contentUrl\":\"https:\/\/schmidt-bender.hu\/wp-content\/uploads\/2024\/05\/optika_kiemelt.png\",\"width\":973,\"height\":144,\"caption\":\"Schmidt Bender Hung\u00e1ria Optika\"},{\"@type\":\"BreadcrumbList\",\"@id\":\"https:\/\/schmidt-bender.hu\/optika\/felgombok\/#breadcrumb\",\"itemListElement\":[{\"@type\":\"ListItem\",\"position\":1,\"name\":\"Home\",\"item\":\"https:\/\/schmidt-bender.hu\/optika\/\"},{\"@type\":\"ListItem\",\"position\":2,\"name\":\"Hemispheres\"}]},{\"@type\":\"WebSite\",\"@id\":\"https:\/\/schmidt-bender.hu\/#website\",\"url\":\"https:\/\/schmidt-bender.hu\/\",\"name\":\"Schmidt-Bender Hung\u00e1ria\",\"description\":\"C\u00e9lt\u00e1vcs\u00f6vek, optika \u00e9s sz\u00e1loptika\",\"publisher\":{\"@id\":\"https:\/\/schmidt-bender.hu\/#organization\"},\"potentialAction\":[{\"@type\":\"SearchAction\",\"target\":{\"@type\":\"EntryPoint\",\"urlTemplate\":\"https:\/\/schmidt-bender.hu\/?s={search_term_string}\"},\"query-input\":{\"@type\":\"PropertyValueSpecification\",\"valueRequired\":true,\"valueName\":\"search_term_string\"}}],\"inLanguage\":\"en-US\"},{\"@type\":\"Organization\",\"@id\":\"https:\/\/schmidt-bender.hu\/#organization\",\"name\":\"Schmidt-Bender Hung\u00e1ria\",\"url\":\"https:\/\/schmidt-bender.hu\/\",\"logo\":{\"@type\":\"ImageObject\",\"inLanguage\":\"en-US\",\"@id\":\"https:\/\/schmidt-bender.hu\/#\/schema\/logo\/image\/\",\"url\":\"https:\/\/schmidt-bender.hu\/wp-content\/uploads\/2024\/03\/header_logo.png\",\"contentUrl\":\"https:\/\/schmidt-bender.hu\/wp-content\/uploads\/2024\/03\/header_logo.png\",\"width\":202,\"height\":41,\"caption\":\"Schmidt-Bender Hung\u00e1ria\"},\"image\":{\"@id\":\"https:\/\/schmidt-bender.hu\/#\/schema\/logo\/image\/\"}}]}<\/script>\n<!-- \/ Yoast SEO Premium plugin. -->","yoast_head_json":{"title":"Hemispheres - Schmidt-Bender Hung\u00e1ria","robots":{"index":"index","follow":"follow","max-snippet":"max-snippet:-1","max-image-preview":"max-image-preview:large","max-video-preview":"max-video-preview:-1"},"canonical":"https:\/\/schmidt-bender.hu\/optika\/felgombok\/","og_locale":"en_US","og_type":"article","og_title":"Hemispheres","og_description":"Schmidt Bender is the leading European manufacturer of hemispheres. Materials used are optical glass and quartz glass. Based on our long experience Schmidt Bender has the best competence and know-how for the inexpensive production of hemispheres. Short delivery times are possible by the overlapping tools and the quick access of different types of glass. Worldwide [&hellip;]","og_url":"https:\/\/schmidt-bender.hu\/optika\/felgombok\/","og_site_name":"Schmidt-Bender Hung\u00e1ria","article_modified_time":"2024-10-02T11:59:13+00:00","og_image":[{"width":973,"height":144,"url":"https:\/\/schmidt-bender.hu\/wp-content\/uploads\/2024\/05\/optika_kiemelt.png","type":"image\/png"}],"twitter_card":"summary_large_image","twitter_misc":{"Est. reading time":"2 minutes"},"schema":{"@context":"https:\/\/schema.org","@graph":[{"@type":"WebPage","@id":"https:\/\/schmidt-bender.hu\/optika\/felgombok\/","url":"https:\/\/schmidt-bender.hu\/optika\/felgombok\/","name":"Hemispheres - Schmidt-Bender Hung\u00e1ria","isPartOf":{"@id":"https:\/\/schmidt-bender.hu\/#website"},"primaryImageOfPage":{"@id":"https:\/\/schmidt-bender.hu\/optika\/felgombok\/#primaryimage"},"image":{"@id":"https:\/\/schmidt-bender.hu\/optika\/felgombok\/#primaryimage"},"thumbnailUrl":"https:\/\/schmidt-bender.hu\/wp-content\/uploads\/2024\/05\/optika_kiemelt.png","datePublished":"2024-03-20T09:06:14+00:00","dateModified":"2024-10-02T11:59:13+00:00","breadcrumb":{"@id":"https:\/\/schmidt-bender.hu\/optika\/felgombok\/#breadcrumb"},"inLanguage":"en-US","potentialAction":[{"@type":"ReadAction","target":["https:\/\/schmidt-bender.hu\/optika\/felgombok\/"]}]},{"@type":"ImageObject","inLanguage":"en-US","@id":"https:\/\/schmidt-bender.hu\/optika\/felgombok\/#primaryimage","url":"https:\/\/schmidt-bender.hu\/wp-content\/uploads\/2024\/05\/optika_kiemelt.png","contentUrl":"https:\/\/schmidt-bender.hu\/wp-content\/uploads\/2024\/05\/optika_kiemelt.png","width":973,"height":144,"caption":"Schmidt Bender Hung\u00e1ria Optika"},{"@type":"BreadcrumbList","@id":"https:\/\/schmidt-bender.hu\/optika\/felgombok\/#breadcrumb","itemListElement":[{"@type":"ListItem","position":1,"name":"Home","item":"https:\/\/schmidt-bender.hu\/optika\/"},{"@type":"ListItem","position":2,"name":"Hemispheres"}]},{"@type":"WebSite","@id":"https:\/\/schmidt-bender.hu\/#website","url":"https:\/\/schmidt-bender.hu\/","name":"Schmidt-Bender Hung\u00e1ria","description":"C\u00e9lt\u00e1vcs\u00f6vek, optika \u00e9s sz\u00e1loptika","publisher":{"@id":"https:\/\/schmidt-bender.hu\/#organization"},"potentialAction":[{"@type":"SearchAction","target":{"@type":"EntryPoint","urlTemplate":"https:\/\/schmidt-bender.hu\/?s={search_term_string}"},"query-input":{"@type":"PropertyValueSpecification","valueRequired":true,"valueName":"search_term_string"}}],"inLanguage":"en-US"},{"@type":"Organization","@id":"https:\/\/schmidt-bender.hu\/#organization","name":"Schmidt-Bender Hung\u00e1ria","url":"https:\/\/schmidt-bender.hu\/","logo":{"@type":"ImageObject","inLanguage":"en-US","@id":"https:\/\/schmidt-bender.hu\/#\/schema\/logo\/image\/","url":"https:\/\/schmidt-bender.hu\/wp-content\/uploads\/2024\/03\/header_logo.png","contentUrl":"https:\/\/schmidt-bender.hu\/wp-content\/uploads\/2024\/03\/header_logo.png","width":202,"height":41,"caption":"Schmidt-Bender Hung\u00e1ria"},"image":{"@id":"https:\/\/schmidt-bender.hu\/#\/schema\/logo\/image\/"}}]}},"_links":{"self":[{"href":"https:\/\/schmidt-bender.hu\/en\/wp-json\/wp\/v2\/pages\/1764","targetHints":{"allow":["GET"]}}],"collection":[{"href":"https:\/\/schmidt-bender.hu\/en\/wp-json\/wp\/v2\/pages"}],"about":[{"href":"https:\/\/schmidt-bender.hu\/en\/wp-json\/wp\/v2\/types\/page"}],"author":[{"embeddable":true,"href":"https:\/\/schmidt-bender.hu\/en\/wp-json\/wp\/v2\/users\/3"}],"replies":[{"embeddable":true,"href":"https:\/\/schmidt-bender.hu\/en\/wp-json\/wp\/v2\/comments?post=1764"}],"version-history":[{"count":14,"href":"https:\/\/schmidt-bender.hu\/en\/wp-json\/wp\/v2\/pages\/1764\/revisions"}],"predecessor-version":[{"id":2251,"href":"https:\/\/schmidt-bender.hu\/en\/wp-json\/wp\/v2\/pages\/1764\/revisions\/2251"}],"up":[{"embeddable":true,"href":"https:\/\/schmidt-bender.hu\/en\/wp-json\/wp\/v2\/pages\/1763"}],"wp:featuredmedia":[{"embeddable":true,"href":"https:\/\/schmidt-bender.hu\/en\/wp-json\/wp\/v2\/media\/1137"}],"wp:attachment":[{"href":"https:\/\/schmidt-bender.hu\/en\/wp-json\/wp\/v2\/media?parent=1764"}],"curies":[{"name":"wp","href":"https:\/\/api.w.org\/{rel}","templated":true}]}}