{"id":1033,"date":"2024-04-29T12:31:44","date_gmt":"2024-04-29T12:31:44","guid":{"rendered":"https:\/\/schmidt-bender.hu\/?page_id=1033"},"modified":"2024-04-30T10:59:58","modified_gmt":"2024-04-30T10:59:58","slug":"tanusitvany","status":"publish","type":"page","link":"https:\/\/schmidt-bender.hu\/en\/tanusitvany\/","title":{"rendered":"Certification"},"content":{"rendered":"\t\t<div data-elementor-type=\"wp-page\" data-elementor-id=\"1033\" class=\"elementor elementor-1033\" data-elementor-post-type=\"page\">\n\t\t\t\t<div class=\"elementor-element elementor-element-d345fb5 e-flex e-con-boxed e-con e-parent\" data-id=\"d345fb5\" data-element_type=\"container\">\n\t\t\t\t\t<div class=\"e-con-inner\">\n\t\t\t\t<div class=\"elementor-element elementor-element-3c47d26 elementor-widget elementor-widget-html\" data-id=\"3c47d26\" data-element_type=\"widget\" data-widget_type=\"html.default\">\n\t\t\t\t<div class=\"elementor-widget-container\">\n\t\t\t\t\t<embed src=\"https:\/\/schmidt-bender.hu\/wp-content\/uploads\/2024\/04\/ISO2024_EN-1.pdf\"  height=\"800\" \r\n type=\"application\/pdf\">\t\t\t\t<\/div>\n\t\t\t\t<\/div>\n\t\t\t\t\t<\/div>\n\t\t\t\t<\/div>\n\t\t\t\t<\/div>\n\t\t","protected":false},"excerpt":{"rendered":"","protected":false},"author":1,"featured_media":0,"parent":0,"menu_order":0,"comment_status":"closed","ping_status":"closed","template":"","meta":{"footnotes":""},"class_list":["post-1033","page","type-page","status-publish","hentry"],"yoast_head":"<!-- This site is optimized with the Yoast SEO Premium plugin v22.5 (Yoast SEO v24.4) - https:\/\/yoast.com\/wordpress\/plugins\/seo\/ -->\n<title>Certification - Schmidt-Bender Hung\u00e1ria<\/title>\n<meta name=\"robots\" content=\"index, follow, max-snippet:-1, max-image-preview:large, max-video-preview:-1\" \/>\n<link rel=\"canonical\" href=\"https:\/\/schmidt-bender.hu\/tanusitvany\/\" \/>\n<meta property=\"og:locale\" content=\"en_US\" \/>\n<meta property=\"og:type\" content=\"article\" \/>\n<meta property=\"og:title\" content=\"Certification\" \/>\n<meta property=\"og:url\" content=\"https:\/\/schmidt-bender.hu\/tanusitvany\/\" \/>\n<meta property=\"og:site_name\" content=\"Schmidt-Bender Hung\u00e1ria\" \/>\n<meta property=\"article:modified_time\" content=\"2024-04-30T10:59:58+00:00\" \/>\n<meta name=\"twitter:card\" content=\"summary_large_image\" \/>\n<script type=\"application\/ld+json\" class=\"yoast-schema-graph\">{\"@context\":\"https:\/\/schema.org\",\"@graph\":[{\"@type\":\"WebPage\",\"@id\":\"https:\/\/schmidt-bender.hu\/tanusitvany\/\",\"url\":\"https:\/\/schmidt-bender.hu\/tanusitvany\/\",\"name\":\"Certification - Schmidt-Bender Hung\u00e1ria\",\"isPartOf\":{\"@id\":\"https:\/\/schmidt-bender.hu\/#website\"},\"datePublished\":\"2024-04-29T12:31:44+00:00\",\"dateModified\":\"2024-04-30T10:59:58+00:00\",\"inLanguage\":\"en-US\",\"potentialAction\":[{\"@type\":\"ReadAction\",\"target\":[\"https:\/\/schmidt-bender.hu\/tanusitvany\/\"]}]},{\"@type\":\"WebSite\",\"@id\":\"https:\/\/schmidt-bender.hu\/#website\",\"url\":\"https:\/\/schmidt-bender.hu\/\",\"name\":\"Schmidt-Bender Hung\u00e1ria\",\"description\":\"C\u00e9lt\u00e1vcs\u00f6vek, optika \u00e9s sz\u00e1loptika\",\"publisher\":{\"@id\":\"https:\/\/schmidt-bender.hu\/#organization\"},\"potentialAction\":[{\"@type\":\"SearchAction\",\"target\":{\"@type\":\"EntryPoint\",\"urlTemplate\":\"https:\/\/schmidt-bender.hu\/?s={search_term_string}\"},\"query-input\":{\"@type\":\"PropertyValueSpecification\",\"valueRequired\":true,\"valueName\":\"search_term_string\"}}],\"inLanguage\":\"en-US\"},{\"@type\":\"Organization\",\"@id\":\"https:\/\/schmidt-bender.hu\/#organization\",\"name\":\"Schmidt-Bender Hung\u00e1ria\",\"url\":\"https:\/\/schmidt-bender.hu\/\",\"logo\":{\"@type\":\"ImageObject\",\"inLanguage\":\"en-US\",\"@id\":\"https:\/\/schmidt-bender.hu\/#\/schema\/logo\/image\/\",\"url\":\"https:\/\/schmidt-bender.hu\/wp-content\/uploads\/2024\/03\/header_logo.png\",\"contentUrl\":\"https:\/\/schmidt-bender.hu\/wp-content\/uploads\/2024\/03\/header_logo.png\",\"width\":202,\"height\":41,\"caption\":\"Schmidt-Bender Hung\u00e1ria\"},\"image\":{\"@id\":\"https:\/\/schmidt-bender.hu\/#\/schema\/logo\/image\/\"}}]}<\/script>\n<!-- \/ Yoast SEO Premium plugin. -->","yoast_head_json":{"title":"Certification - Schmidt-Bender Hung\u00e1ria","robots":{"index":"index","follow":"follow","max-snippet":"max-snippet:-1","max-image-preview":"max-image-preview:large","max-video-preview":"max-video-preview:-1"},"canonical":"https:\/\/schmidt-bender.hu\/tanusitvany\/","og_locale":"en_US","og_type":"article","og_title":"Certification","og_url":"https:\/\/schmidt-bender.hu\/tanusitvany\/","og_site_name":"Schmidt-Bender Hung\u00e1ria","article_modified_time":"2024-04-30T10:59:58+00:00","twitter_card":"summary_large_image","schema":{"@context":"https:\/\/schema.org","@graph":[{"@type":"WebPage","@id":"https:\/\/schmidt-bender.hu\/tanusitvany\/","url":"https:\/\/schmidt-bender.hu\/tanusitvany\/","name":"Certification - Schmidt-Bender Hung\u00e1ria","isPartOf":{"@id":"https:\/\/schmidt-bender.hu\/#website"},"datePublished":"2024-04-29T12:31:44+00:00","dateModified":"2024-04-30T10:59:58+00:00","inLanguage":"en-US","potentialAction":[{"@type":"ReadAction","target":["https:\/\/schmidt-bender.hu\/tanusitvany\/"]}]},{"@type":"WebSite","@id":"https:\/\/schmidt-bender.hu\/#website","url":"https:\/\/schmidt-bender.hu\/","name":"Schmidt-Bender Hung\u00e1ria","description":"C\u00e9lt\u00e1vcs\u00f6vek, optika \u00e9s sz\u00e1loptika","publisher":{"@id":"https:\/\/schmidt-bender.hu\/#organization"},"potentialAction":[{"@type":"SearchAction","target":{"@type":"EntryPoint","urlTemplate":"https:\/\/schmidt-bender.hu\/?s={search_term_string}"},"query-input":{"@type":"PropertyValueSpecification","valueRequired":true,"valueName":"search_term_string"}}],"inLanguage":"en-US"},{"@type":"Organization","@id":"https:\/\/schmidt-bender.hu\/#organization","name":"Schmidt-Bender Hung\u00e1ria","url":"https:\/\/schmidt-bender.hu\/","logo":{"@type":"ImageObject","inLanguage":"en-US","@id":"https:\/\/schmidt-bender.hu\/#\/schema\/logo\/image\/","url":"https:\/\/schmidt-bender.hu\/wp-content\/uploads\/2024\/03\/header_logo.png","contentUrl":"https:\/\/schmidt-bender.hu\/wp-content\/uploads\/2024\/03\/header_logo.png","width":202,"height":41,"caption":"Schmidt-Bender Hung\u00e1ria"},"image":{"@id":"https:\/\/schmidt-bender.hu\/#\/schema\/logo\/image\/"}}]}},"_links":{"self":[{"href":"https:\/\/schmidt-bender.hu\/en\/wp-json\/wp\/v2\/pages\/1033","targetHints":{"allow":["GET"]}}],"collection":[{"href":"https:\/\/schmidt-bender.hu\/en\/wp-json\/wp\/v2\/pages"}],"about":[{"href":"https:\/\/schmidt-bender.hu\/en\/wp-json\/wp\/v2\/types\/page"}],"author":[{"embeddable":true,"href":"https:\/\/schmidt-bender.hu\/en\/wp-json\/wp\/v2\/users\/1"}],"replies":[{"embeddable":true,"href":"https:\/\/schmidt-bender.hu\/en\/wp-json\/wp\/v2\/comments?post=1033"}],"version-history":[{"count":8,"href":"https:\/\/schmidt-bender.hu\/en\/wp-json\/wp\/v2\/pages\/1033\/revisions"}],"predecessor-version":[{"id":1113,"href":"https:\/\/schmidt-bender.hu\/en\/wp-json\/wp\/v2\/pages\/1033\/revisions\/1113"}],"wp:attachment":[{"href":"https:\/\/schmidt-bender.hu\/en\/wp-json\/wp\/v2\/media?parent=1033"}],"curies":[{"name":"wp","href":"https:\/\/api.w.org\/{rel}","templated":true}]}}