{"id":1004,"date":"2024-04-29T12:02:29","date_gmt":"2024-04-29T12:02:29","guid":{"rendered":"https:\/\/schmidt-bender.hu\/?page_id=1004"},"modified":"2024-04-29T12:37:23","modified_gmt":"2024-04-29T12:37:23","slug":"altalanos-ertekesitesi-feltetelek","status":"publish","type":"page","link":"https:\/\/schmidt-bender.hu\/en\/altalanos-ertekesitesi-feltetelek\/","title":{"rendered":"General Conditions of Sales"},"content":{"rendered":"\t\t<div data-elementor-type=\"wp-page\" data-elementor-id=\"1004\" class=\"elementor elementor-1004\" data-elementor-post-type=\"page\">\n\t\t\t\t<div class=\"elementor-element elementor-element-b499f16 e-flex e-con-boxed e-con e-parent\" data-id=\"b499f16\" data-element_type=\"container\">\n\t\t\t\t\t<div class=\"e-con-inner\">\n\t\t\t\t<div class=\"elementor-element elementor-element-e666f16 elementor-widget elementor-widget-text-editor\" data-id=\"e666f16\" data-element_type=\"widget\" data-widget_type=\"text-editor.default\">\n\t\t\t\t<div class=\"elementor-widget-container\">\n\t\t\t\t\t\t\t\t\t<p><strong>Schmidt &amp; Bender Hung\u00e1ria Optikai KFT<\/strong><\/p><p><strong>1106 Budapest, Hungary<\/strong><br \/><strong>Feh\u00e9r \u00fat 10. 3. \u00e9p\u00fclet<\/strong><\/p><p><strong>Ad\u00f3sz\u00e1m: 10792508-2-42<\/strong><\/p><p>(1) If nothing else is stated in the price quotation (offer), the following conditions of sales shall apply.<\/p><p>(2) The price quotation is no commitment to sell, only the order confirmation forms the sales contract.<\/p><p>(3) The price quotations are valid only for the indicated quantities and for an order of all listed items within a price quotation. In case the client changes the quantities and\/or orders only selected items, we may need to recalculate the prices. In case the client requests a repeated purchase order beyond the validity of the price quotation, we reserve the right to recalculate our sales prices.<\/p><p>(4) Terms of payment: Products and non refundable engineering cost (NRE): 30 days net after invoice date. The invoice is issued at the EXW delivery date. For delayed payments an interest rate of 0.06% per day is due.<\/p><p>(5) Validity of the offer: The stated prices are valid for orders within 30 days after the date of the offer. The stated delivery time is valid for orders within 10 days after the date of the offer.<\/p><p>(6) Lead time: The indicated lead time is our estimated time for production. Lead times for prototypes and first production lots of new products are a rough estimation and are for reference only.<\/p><p>(7) Partial deliveries: If nothing else is stated, partial deliveries shall be allowed.<\/p><p>(8) Prices: All prices are EXW Budapest, Hungary, including packing for ground transportation or air-freight. All prices are without VAT.<\/p><p>(9) Delivery (Incoterms 2000): EXW Budapest, Hungary<\/p><p>(10) Transportation: The client is requested to name his forwarder and his account number at this forwarder. We ship the goods at the client&#8217;s cost and at the client&#8217;s risk.<\/p><p>(11) Return of claimed products: Claims can only be considered within 8 days after receipt of goods. In case of any claims for defect items, the client shall send a report. Upon acceptance, we will issue a &#8220;Return of Material Number&#8221; that allows the return of the claimed items on our cost. Payments for deliveries already made must not be held back, until we accept the claim. All returns must have a Return Authorization Number.<\/p><p>(12) Cancellation of the order by the client: As our products are custom made, we can not accept any cancellation of the order once the order confirmation has been issued.<\/p><p>(13) Place of performance and jurisdiction for both parties is Budapest, Hungary.<\/p><p><i>Budapest, Hungary, 09 March 2008<\/i><\/p>\t\t\t\t\t\t\t\t<\/div>\n\t\t\t\t<\/div>\n\t\t\t\t\t<\/div>\n\t\t\t\t<\/div>\n\t\t\t\t<\/div>\n\t\t","protected":false},"excerpt":{"rendered":"<p>Schmidt &amp; Bender Hung\u00e1ria Optikai KFT 1106 Budapest, HungaryFeh\u00e9r \u00fat 10. 3. \u00e9p\u00fclet Ad\u00f3sz\u00e1m: 10792508-2-42 (1) If nothing else is stated in the price quotation (offer), the following conditions of sales shall apply. (2) The price quotation is no commitment to sell, only the order confirmation forms the sales contract. (3) The price quotations are [&hellip;]<\/p>\n","protected":false},"author":1,"featured_media":0,"parent":0,"menu_order":0,"comment_status":"closed","ping_status":"closed","template":"","meta":{"footnotes":""},"class_list":["post-1004","page","type-page","status-publish","hentry"],"yoast_head":"<!-- This site is optimized with the Yoast SEO Premium plugin v22.5 (Yoast SEO v24.4) - https:\/\/yoast.com\/wordpress\/plugins\/seo\/ -->\n<title>General Conditions of Sales - Schmidt-Bender Hung\u00e1ria<\/title>\n<meta name=\"robots\" content=\"index, follow, max-snippet:-1, max-image-preview:large, max-video-preview:-1\" \/>\n<link rel=\"canonical\" href=\"https:\/\/schmidt-bender.hu\/altalanos-ertekesitesi-feltetelek\/\" \/>\n<meta property=\"og:locale\" content=\"en_US\" \/>\n<meta property=\"og:type\" content=\"article\" \/>\n<meta property=\"og:title\" content=\"General Conditions of Sales\" \/>\n<meta property=\"og:description\" content=\"Schmidt &amp; Bender Hung\u00e1ria Optikai KFT 1106 Budapest, HungaryFeh\u00e9r \u00fat 10. 3. \u00e9p\u00fclet Ad\u00f3sz\u00e1m: 10792508-2-42 (1) If nothing else is stated in the price quotation (offer), the following conditions of sales shall apply. (2) The price quotation is no commitment to sell, only the order confirmation forms the sales contract. (3) The price quotations are [&hellip;]\" \/>\n<meta property=\"og:url\" content=\"https:\/\/schmidt-bender.hu\/altalanos-ertekesitesi-feltetelek\/\" \/>\n<meta property=\"og:site_name\" content=\"Schmidt-Bender Hung\u00e1ria\" \/>\n<meta property=\"article:modified_time\" content=\"2024-04-29T12:37:23+00:00\" \/>\n<meta name=\"twitter:card\" content=\"summary_large_image\" \/>\n<meta name=\"twitter:label1\" content=\"Est. reading time\" \/>\n\t<meta name=\"twitter:data1\" content=\"2 minutes\" \/>\n<script type=\"application\/ld+json\" class=\"yoast-schema-graph\">{\"@context\":\"https:\/\/schema.org\",\"@graph\":[{\"@type\":\"WebPage\",\"@id\":\"https:\/\/schmidt-bender.hu\/altalanos-ertekesitesi-feltetelek\/\",\"url\":\"https:\/\/schmidt-bender.hu\/altalanos-ertekesitesi-feltetelek\/\",\"name\":\"General Conditions of Sales - Schmidt-Bender Hung\u00e1ria\",\"isPartOf\":{\"@id\":\"https:\/\/schmidt-bender.hu\/#website\"},\"datePublished\":\"2024-04-29T12:02:29+00:00\",\"dateModified\":\"2024-04-29T12:37:23+00:00\",\"inLanguage\":\"en-US\",\"potentialAction\":[{\"@type\":\"ReadAction\",\"target\":[\"https:\/\/schmidt-bender.hu\/altalanos-ertekesitesi-feltetelek\/\"]}]},{\"@type\":\"WebSite\",\"@id\":\"https:\/\/schmidt-bender.hu\/#website\",\"url\":\"https:\/\/schmidt-bender.hu\/\",\"name\":\"Schmidt-Bender Hung\u00e1ria\",\"description\":\"C\u00e9lt\u00e1vcs\u00f6vek, optika \u00e9s sz\u00e1loptika\",\"publisher\":{\"@id\":\"https:\/\/schmidt-bender.hu\/#organization\"},\"potentialAction\":[{\"@type\":\"SearchAction\",\"target\":{\"@type\":\"EntryPoint\",\"urlTemplate\":\"https:\/\/schmidt-bender.hu\/?s={search_term_string}\"},\"query-input\":{\"@type\":\"PropertyValueSpecification\",\"valueRequired\":true,\"valueName\":\"search_term_string\"}}],\"inLanguage\":\"en-US\"},{\"@type\":\"Organization\",\"@id\":\"https:\/\/schmidt-bender.hu\/#organization\",\"name\":\"Schmidt-Bender Hung\u00e1ria\",\"url\":\"https:\/\/schmidt-bender.hu\/\",\"logo\":{\"@type\":\"ImageObject\",\"inLanguage\":\"en-US\",\"@id\":\"https:\/\/schmidt-bender.hu\/#\/schema\/logo\/image\/\",\"url\":\"https:\/\/schmidt-bender.hu\/wp-content\/uploads\/2024\/03\/header_logo.png\",\"contentUrl\":\"https:\/\/schmidt-bender.hu\/wp-content\/uploads\/2024\/03\/header_logo.png\",\"width\":202,\"height\":41,\"caption\":\"Schmidt-Bender Hung\u00e1ria\"},\"image\":{\"@id\":\"https:\/\/schmidt-bender.hu\/#\/schema\/logo\/image\/\"}}]}<\/script>\n<!-- \/ Yoast SEO Premium plugin. -->","yoast_head_json":{"title":"General Conditions of Sales - Schmidt-Bender Hung\u00e1ria","robots":{"index":"index","follow":"follow","max-snippet":"max-snippet:-1","max-image-preview":"max-image-preview:large","max-video-preview":"max-video-preview:-1"},"canonical":"https:\/\/schmidt-bender.hu\/altalanos-ertekesitesi-feltetelek\/","og_locale":"en_US","og_type":"article","og_title":"General Conditions of Sales","og_description":"Schmidt &amp; Bender Hung\u00e1ria Optikai KFT 1106 Budapest, HungaryFeh\u00e9r \u00fat 10. 3. \u00e9p\u00fclet Ad\u00f3sz\u00e1m: 10792508-2-42 (1) If nothing else is stated in the price quotation (offer), the following conditions of sales shall apply. (2) The price quotation is no commitment to sell, only the order confirmation forms the sales contract. (3) The price quotations are [&hellip;]","og_url":"https:\/\/schmidt-bender.hu\/altalanos-ertekesitesi-feltetelek\/","og_site_name":"Schmidt-Bender Hung\u00e1ria","article_modified_time":"2024-04-29T12:37:23+00:00","twitter_card":"summary_large_image","twitter_misc":{"Est. reading time":"2 minutes"},"schema":{"@context":"https:\/\/schema.org","@graph":[{"@type":"WebPage","@id":"https:\/\/schmidt-bender.hu\/altalanos-ertekesitesi-feltetelek\/","url":"https:\/\/schmidt-bender.hu\/altalanos-ertekesitesi-feltetelek\/","name":"General Conditions of Sales - Schmidt-Bender Hung\u00e1ria","isPartOf":{"@id":"https:\/\/schmidt-bender.hu\/#website"},"datePublished":"2024-04-29T12:02:29+00:00","dateModified":"2024-04-29T12:37:23+00:00","inLanguage":"en-US","potentialAction":[{"@type":"ReadAction","target":["https:\/\/schmidt-bender.hu\/altalanos-ertekesitesi-feltetelek\/"]}]},{"@type":"WebSite","@id":"https:\/\/schmidt-bender.hu\/#website","url":"https:\/\/schmidt-bender.hu\/","name":"Schmidt-Bender Hung\u00e1ria","description":"C\u00e9lt\u00e1vcs\u00f6vek, optika \u00e9s sz\u00e1loptika","publisher":{"@id":"https:\/\/schmidt-bender.hu\/#organization"},"potentialAction":[{"@type":"SearchAction","target":{"@type":"EntryPoint","urlTemplate":"https:\/\/schmidt-bender.hu\/?s={search_term_string}"},"query-input":{"@type":"PropertyValueSpecification","valueRequired":true,"valueName":"search_term_string"}}],"inLanguage":"en-US"},{"@type":"Organization","@id":"https:\/\/schmidt-bender.hu\/#organization","name":"Schmidt-Bender Hung\u00e1ria","url":"https:\/\/schmidt-bender.hu\/","logo":{"@type":"ImageObject","inLanguage":"en-US","@id":"https:\/\/schmidt-bender.hu\/#\/schema\/logo\/image\/","url":"https:\/\/schmidt-bender.hu\/wp-content\/uploads\/2024\/03\/header_logo.png","contentUrl":"https:\/\/schmidt-bender.hu\/wp-content\/uploads\/2024\/03\/header_logo.png","width":202,"height":41,"caption":"Schmidt-Bender Hung\u00e1ria"},"image":{"@id":"https:\/\/schmidt-bender.hu\/#\/schema\/logo\/image\/"}}]}},"_links":{"self":[{"href":"https:\/\/schmidt-bender.hu\/en\/wp-json\/wp\/v2\/pages\/1004","targetHints":{"allow":["GET"]}}],"collection":[{"href":"https:\/\/schmidt-bender.hu\/en\/wp-json\/wp\/v2\/pages"}],"about":[{"href":"https:\/\/schmidt-bender.hu\/en\/wp-json\/wp\/v2\/types\/page"}],"author":[{"embeddable":true,"href":"https:\/\/schmidt-bender.hu\/en\/wp-json\/wp\/v2\/users\/1"}],"replies":[{"embeddable":true,"href":"https:\/\/schmidt-bender.hu\/en\/wp-json\/wp\/v2\/comments?post=1004"}],"version-history":[{"count":5,"href":"https:\/\/schmidt-bender.hu\/en\/wp-json\/wp\/v2\/pages\/1004\/revisions"}],"predecessor-version":[{"id":1042,"href":"https:\/\/schmidt-bender.hu\/en\/wp-json\/wp\/v2\/pages\/1004\/revisions\/1042"}],"wp:attachment":[{"href":"https:\/\/schmidt-bender.hu\/en\/wp-json\/wp\/v2\/media?parent=1004"}],"curies":[{"name":"wp","href":"https:\/\/api.w.org\/{rel}","templated":true}]}}